{"id":210,"date":"2022-10-31T20:16:09","date_gmt":"2022-10-31T20:16:09","guid":{"rendered":"https:\/\/f1-stage-indyparks.pantheonsite.io\/?page_id=210"},"modified":"2026-02-25T21:13:17","modified_gmt":"2026-02-25T21:13:17","slug":"indy-parks-summer-day-camps","status":"publish","type":"page","link":"https:\/\/parks.indy.gov\/es\/programs\/indy-parks-summer-day-camps\/","title":{"rendered":"Campamentos de verano de Indy Parks"},"content":{"rendered":"<div class=\"wp-block-media-text alignwide is-stacked-on-mobile is-style-cta\"><figure class=\"wp-block-media-text__media\"><img decoding=\"async\" width=\"975\" height=\"731\" src=\"https:\/\/parks.indy.gov\/wp-content\/uploads\/2024\/02\/Day-Camp-Southeastway-Forest-Floor-1-975x731.jpg\" alt=\"\" class=\"wp-image-2796 size-full\" srcset=\"https:\/\/parks.indy.gov\/wp-content\/uploads\/2024\/02\/Day-Camp-Southeastway-Forest-Floor-1-975x731.jpg 975w, https:\/\/parks.indy.gov\/wp-content\/uploads\/2024\/02\/Day-Camp-Southeastway-Forest-Floor-1-500x375.jpg 500w, https:\/\/parks.indy.gov\/wp-content\/uploads\/2024\/02\/Day-Camp-Southeastway-Forest-Floor-1-768x576.jpg 768w, https:\/\/parks.indy.gov\/wp-content\/uploads\/2024\/02\/Day-Camp-Southeastway-Forest-Floor-1-1536x1152.jpg 1536w, https:\/\/parks.indy.gov\/wp-content\/uploads\/2024\/02\/Day-Camp-Southeastway-Forest-Floor-1-16x12.jpg 16w, https:\/\/parks.indy.gov\/wp-content\/uploads\/2024\/02\/Day-Camp-Southeastway-Forest-Floor-1-1440x1080.jpg 1440w, https:\/\/parks.indy.gov\/wp-content\/uploads\/2024\/02\/Day-Camp-Southeastway-Forest-Floor-1-427x320.jpg 427w, https:\/\/parks.indy.gov\/wp-content\/uploads\/2024\/02\/Day-Camp-Southeastway-Forest-Floor-1-420x315.jpg 420w, https:\/\/parks.indy.gov\/wp-content\/uploads\/2024\/02\/Day-Camp-Southeastway-Forest-Floor-1.jpg 2048w\" sizes=\"(max-width: 975px) 100vw, 975px\" \/><\/figure><div class=\"wp-block-media-text__content\">\n<h2 class=\"wp-block-heading is-style-wavy-line--below\">Explorar campamentos<\/h2>\n\n\n\n<p>Con una variedad de programas adaptados a diferentes grupos de edades e intereses, los campamentos de d\u00eda en Indy Parks ofrecen una experiencia de verano \u00fanica y enriquecedora para los ni\u00f1os.<\/p>\n\n\n\n<div class=\"wp-block-buttons is-style-no-max-width is-layout-flex wp-block-buttons-is-layout-flex\">\n<div class=\"wp-block-button is-style-primary\"><a class=\"wp-block-button__link wp-element-button\" href=\"https:\/\/anc.apm.activecommunities.com\/indyparks\/activity\/search?onlineSiteId=0&amp;activity_select_param=2&amp;activity_category_ids=53&amp;activity_category_ids=52&amp;activity_category_ids=64&amp;activity_category_ids=38&amp;activity_department_ids=5&amp;viewMode=list\" target=\"_blank\" rel=\"noreferrer noopener\">Ver campamentos<\/a><\/div>\n<\/div>\n<\/div><\/div>\n\n\n\n<h2 class=\"wp-block-heading\">Full 2026 Day Camp Guide<\/h2>\n\n\n\n<div data-wp-interactive=\"core\/file\" class=\"wp-block-file\"><object data-wp-bind--hidden=\"!state.hasPdfPreview\" hidden class=\"wp-block-file__embed\" data=\"https:\/\/parks.indy.gov\/wp-content\/uploads\/2026\/02\/2026-Day-Camp-Brochure-2.pdf\" type=\"application\/pdf\" style=\"width:100%;height:600px\" aria-label=\"Embed of 2026 Day Camp Brochure  (2).\"><\/object><a id=\"wp-block-file--media-65aa3789-b27a-4d4b-8aa3-582f6e941509\" href=\"https:\/\/parks.indy.gov\/wp-content\/uploads\/2026\/02\/2026-Day-Camp-Brochure-2.pdf\">2026 Day Camp Brochure  (2)<\/a><a href=\"https:\/\/parks.indy.gov\/wp-content\/uploads\/2026\/02\/2026-Day-Camp-Brochure-2.pdf\" class=\"wp-block-file__button wp-element-button\" download aria-describedby=\"wp-block-file--media-65aa3789-b27a-4d4b-8aa3-582f6e941509\">Descargar<\/a><\/div>\n\n\n\n<h2 class=\"wp-block-heading\">Registro de campamento de d\u00eda<\/h2>\n\n\n\n<div class=\"wp-block-buttons is-layout-flex wp-block-buttons-is-layout-flex\">\n<div class=\"wp-block-button is-style-secondary\"><a class=\"wp-block-button__link wp-element-button\" href=\"https:\/\/anc.apm.activecommunities.com\/indyparks\/activity\/search?onlineSiteId=0&amp;activity_select_param=2&amp;activity_category_ids=53&amp;activity_category_ids=52&amp;activity_category_ids=64&amp;activity_category_ids=38&amp;activity_department_ids=5&amp;viewMode=list\" target=\"_blank\" rel=\"noreferrer noopener\">Explora y reg\u00edstrate para el campamento<\/a><\/div>\n\n\n\n<div class=\"wp-block-button is-style-secondary\"><a class=\"wp-block-button__link wp-element-button\" href=\"Tel: (317) 327-7275\">Llame a Indy Parks 317.327-7275<\/a><\/div>\n\n\n\n<div class=\"wp-block-button is-style-secondary\"><a class=\"wp-block-button__link wp-element-button\" href=\"https:\/\/parks.indy.gov\/es\/programs\/indy-parks-summer-day-camps\/2025daycampscholarships\/\">Informaci\u00f3n de becas<\/a><\/div>\n<\/div>\n\n\n\n<p><em>O comun\u00edquese directamente con la ubicaci\u00f3n de su campamento; consulte la lista de ubicaciones de campamentos a continuaci\u00f3n.<\/em><\/p>\n\n\n\n<p>Todas las inscripciones se aceptan por orden de llegada. Para asegurar el lugar de su campista, complete todos los formularios de registro a continuaci\u00f3n:<\/p>\n\n\n\n<div class=\"wp-block-file\"><a id=\"wp-block-file--media-f21ab9e4-33f3-4621-b9fb-4d40042a9025\" href=\"https:\/\/parks.indy.gov\/wp-content\/uploads\/2026\/02\/2026-Day-Camp-Emergency-Form.pdf\">2026 Day Camp Emergency Form<\/a><a href=\"https:\/\/parks.indy.gov\/wp-content\/uploads\/2026\/02\/2026-Day-Camp-Emergency-Form.pdf\" class=\"wp-block-file__button wp-element-button\" download aria-describedby=\"wp-block-file--media-f21ab9e4-33f3-4621-b9fb-4d40042a9025\">Descargar<\/a><\/div>\n\n\n\n<div class=\"wp-block-file\"><a id=\"wp-block-file--media-0352bf37-b13f-4e68-8b40-304682fe361f\" href=\"https:\/\/parks.indy.gov\/wp-content\/uploads\/2026\/02\/2026-Day-Camp-pick-up-drop-off-agreement-Form.pdf\">2026 Day Camp pick up drop off agreement Form<\/a><a href=\"https:\/\/parks.indy.gov\/wp-content\/uploads\/2026\/02\/2026-Day-Camp-pick-up-drop-off-agreement-Form.pdf\" class=\"wp-block-file__button wp-element-button\" download aria-describedby=\"wp-block-file--media-0352bf37-b13f-4e68-8b40-304682fe361f\">Descargar<\/a><\/div>\n\n\n\n<div class=\"wp-block-file\"><a id=\"wp-block-file--media-4c97f098-9bc0-4cb0-954f-8b72c99130ae\" href=\"https:\/\/parks.indy.gov\/wp-content\/uploads\/2026\/02\/2026-Day-Camp-Assessment-Form.pdf\">2026 Day Camp Assessment Form<\/a><a href=\"https:\/\/parks.indy.gov\/wp-content\/uploads\/2026\/02\/2026-Day-Camp-Assessment-Form.pdf\" class=\"wp-block-file__button wp-element-button\" download aria-describedby=\"wp-block-file--media-4c97f098-9bc0-4cb0-954f-8b72c99130ae\">Descargar<\/a><\/div>\n\n\n\n<h2 class=\"wp-block-heading\">Tarifas del campamento diurno<\/h2>\n\n\n\n<p>Debe pagar una tarifa no reembolsable de $15 por semana en el momento de la inscripci\u00f3n. El saldo debe pagarse a las 6:00 p. m. del mi\u00e9rcoles antes de que comience el campamento. El nombre de su hijo ser\u00e1 eliminado de la lista si no cumple con este plazo. Algunos campamentos requieren el pago completo en el momento de la inscripci\u00f3n.<\/p>\n\n\n\n<p><strong>Becas de campamento diurno<\/strong><\/p>\n\n\n\n<p>Hay becas limitadas disponibles seg\u00fan la necesidad financiera. Para obtener una solicitud de beca, debes realizar un pago de $5 por ni\u00f1o por semana en las instalaciones de tu campamento. Una vez realizado el pago, podr\u00e1 solicitar una solicitud de beca a trav\u00e9s de las instalaciones de su campamento o a trav\u00e9s del Servicio al Cliente de Indy Parks. Para ver los requisitos de elegibilidad para becas, <a href=\"https:\/\/parks.indy.gov\/es\/programs\/indy-parks-summer-day-camps\/2025daycampscholarships\/\">haga clic aqu\u00ed&nbsp;<strong>.<\/strong><\/a><\/p>\n\n\n\n<p><\/p>\n\n\n\n<h2 class=\"wp-block-heading\">Politica de reembolso<\/h2>\n\n\n\n<p>Indy Parks and Recreation emitir\u00e1 un reembolso completo si se cancela el campamento. Se deducir\u00e1 un cargo por servicio $15 de todos los reembolsos. El $15 no es reembolsable ni transferible. Para solicitar un reembolso, comun\u00edquese con el parque espec\u00edfico o llame al servicio al cliente. Solo recibir\u00e1 un reembolso del 50 por ciento si se retira de los siguientes campamentos con menos de dos semanas de anticipaci\u00f3n:<\/p>\n\n\n\n<ul class=\"wp-block-list\">\n<li>parque del sureste<\/li>\n\n\n\n<li>Parque Eagle Creek<\/li>\n\n\n\n<li>parque de vacaciones<\/li>\n\n\n\n<li>Centro de artes del parque Garfield<\/li>\n\n\n\n<li>campamentos de bicicletas<\/li>\n<\/ul>\n\n\n\n<p>Si ocurre una emergencia m\u00e9dica despu\u00e9s del plazo de dos semanas, se emitir\u00e1 un reembolso menos el cargo por servicio $15. Se requiere una nota escrita de un m\u00e9dico.&nbsp;<strong>Los padres deben notificar de inmediato al personal del parque si un campista da positivo por una enfermedad contagiosa.&nbsp;<\/strong><\/p>\n\n\n\n<div style=\"height:100px\" aria-hidden=\"true\" class=\"wp-block-spacer\"><\/div>\n\n\n\n<h2 class=\"wp-block-heading\">Ubicaciones de campamentos diurnos<\/h2>\n\n\n\n<div class=\"wp-block-columns is-layout-flex wp-container-core-columns-is-layout-9d6595d7 wp-block-columns-is-layout-flex\">\n<div class=\"wp-block-column is-layout-flow wp-block-column-is-layout-flow\">\n<p>Parque amplio de la ondulaci\u00f3n<br>\u2060 1426 amplia avenida ondulada<br>\u2060317-327-7161<\/p>\n<\/div>\n\n\n\n<div class=\"wp-block-column is-layout-flow wp-block-column-is-layout-flow\">\n<p>parque brookside<br>\u2060 2500 Brookside Parkway S. Drive<br>\u2060317-327-7179<\/p>\n<\/div>\n\n\n\n<div class=\"wp-block-column is-layout-flow wp-block-column-is-layout-flow\">\n<p>parque cristiano<br>4200 Avenida Inglesa<br>317-327-7163<\/p>\n<\/div>\n<\/div>\n\n\n\n<div class=\"wp-block-columns is-layout-flex wp-container-core-columns-is-layout-9d6595d7 wp-block-columns-is-layout-flex\">\n<div class=\"wp-block-column is-layout-flow wp-block-column-is-layout-flow\">\n<p>parque frederick douglas<br>1616 E. Calle 25<br>317-327-7174<\/p>\n<\/div>\n\n\n\n<div class=\"wp-block-column is-layout-flow wp-block-column-is-layout-flow\">\n<p>Centro de descubrimiento de la Tierra Eagle Creek<br>5901 Calle Delong<br>\u2060317-327-7148<\/p>\n<\/div>\n\n\n\n<div class=\"wp-block-column is-layout-flow wp-block-column-is-layout-flow\">\n<p>Centro de ornitolog\u00eda de Eagle Creek<br>6515 Calle Delong<br>\u2060317-327-2473<\/p>\n<\/div>\n<\/div>\n\n\n\n<div class=\"wp-block-columns is-layout-flex wp-container-core-columns-is-layout-9d6595d7 wp-block-columns-is-layout-flex\">\n<div class=\"wp-block-column is-layout-flow wp-block-column-is-layout-flow\">\n<p>Parque Ellenberger<br>\u2060 Calle Saint Clair 5301<br>\u2060317-327-7176<\/p>\n\n\n\n<p><\/p>\n\n\n\n<p>Parque Grassy Creek<br>10510 Calle 30 Este<br>\u2060317-327-7162<\/p>\n<\/div>\n\n\n\n<div class=\"wp-block-column is-layout-flow wp-block-column-is-layout-flow\">\n<p>Centro de artes del parque Garfield<br>\u20602432 Conservatorio Drive<br>\u2060317-327-7135<\/p>\n\n\n\n<p><\/p>\n\n\n\n<p>parque de vacaciones<br>\u2060 6363 Camino del molino de primavera<br>\u2060317-327-7180<\/p>\n<\/div>\n\n\n\n<div class=\"wp-block-column is-layout-flow wp-block-column-is-layout-flow\">\n<p>Centro familiar Garfield Park Burrello<br>2345 Pagoda Drive<br>317-327-7220<\/p>\n\n\n\n<p>Parque Krannert<br>605 S Escuela Secundaria Rd.<br>317-327-7375<\/p>\n<\/div>\n<\/div>\n\n\n\n<div class=\"wp-block-columns is-layout-flex wp-container-core-columns-is-layout-9d6595d7 wp-block-columns-is-layout-flex\">\n<div class=\"wp-block-column is-layout-flow wp-block-column-is-layout-flow\">\n<p>Parque de los Jardines Municipales<br>1831 Lafayette Rd.<br>317-327-7190<\/p>\n\n\n\n<p><\/p>\n<\/div>\n\n\n\n<div class=\"wp-block-column is-layout-flow wp-block-column-is-layout-flow\">\n<p>Parque Rodio<br>1720 W. Calle Wilkins<br>317-327-7191<\/p>\n<\/div>\n\n\n\n<div class=\"wp-block-column is-layout-flow wp-block-column-is-layout-flow\">\n<p>parque ribere\u00f1o<br>\u20602420 N. Riverside E. Drive<br>\u2060317-327-7171<\/p>\n<\/div>\n<\/div>\n\n\n\n<div class=\"wp-block-columns is-layout-flex wp-container-core-columns-is-layout-9d6595d7 wp-block-columns-is-layout-flex\">\n<div class=\"wp-block-column is-layout-flow wp-block-column-is-layout-flow\">\n<p>parque del sureste<br>5624 S. Carrol Road<br>\u2060317-327-4834<\/p>\n<\/div>\n\n\n\n<div class=\"wp-block-column is-layout-flow wp-block-column-is-layout-flow\">\n<p>Parque Washington<br>3130 Este de la calle 30.<br>317-327-7473<\/p>\n<\/div>\n\n\n\n<div class=\"wp-block-column is-layout-flow wp-block-column-is-layout-flow\">\n<p>Parque del pueblo de Windsor<br>\u20606510 E. Calle 25<br>\u2060317-327-7162<\/p>\n<\/div>\n<\/div>\n\n\n\n<p><\/p>\n\n\n\n<figure class=\"wp-block-image size-large\"><img decoding=\"async\" width=\"975\" height=\"732\" src=\"https:\/\/f1-stage-indyparks.pantheonsite.io\/wp-content\/uploads\/2022\/10\/126-1-975x732.png\" alt=\"Summer Camp\" class=\"wp-image-211\" srcset=\"https:\/\/parks.indy.gov\/wp-content\/uploads\/2022\/10\/126-1-975x732.png 975w, https:\/\/parks.indy.gov\/wp-content\/uploads\/2022\/10\/126-1-500x375.png 500w, https:\/\/parks.indy.gov\/wp-content\/uploads\/2022\/10\/126-1-768x577.png 768w, https:\/\/parks.indy.gov\/wp-content\/uploads\/2022\/10\/126-1-1536x1153.png 1536w, https:\/\/parks.indy.gov\/wp-content\/uploads\/2022\/10\/126-1-16x12.png 16w, https:\/\/parks.indy.gov\/wp-content\/uploads\/2022\/10\/126-1-1440x1081.png 1440w, https:\/\/parks.indy.gov\/wp-content\/uploads\/2022\/10\/126-1-420x315.png 420w, https:\/\/parks.indy.gov\/wp-content\/uploads\/2022\/10\/126-1.png 1950w\" sizes=\"(max-width: 975px) 100vw, 975px\" \/><\/figure>","protected":false},"excerpt":{"rendered":"<p>Los programas de campamento diurno de verano de Indy Parks and Recreation ofrecen nataci\u00f3n, arte, naturaleza, ciencia, deportes y recreaci\u00f3n, y m\u00e1s<\/p>","protected":false},"author":1,"featured_media":2804,"parent":213,"menu_order":0,"comment_status":"closed","ping_status":"closed","template":"","meta":{"_acf_changed":false,"footnotes":""},"class_list":["post-210","page","type-page","status-publish","has-post-thumbnail","hentry"],"acf":[],"yoast_head":"<!-- This site is optimized with the Yoast SEO plugin v27.1.1 - https:\/\/yoast.com\/product\/yoast-seo-wordpress\/ -->\n<title>Indy Parks Summer Day Camps - Indy Parks &amp; Recreation<\/title>\n<meta name=\"description\" content=\"Indy Parks and Recreation\u2019s summer day camp programs offer swimming, arts, nature, science, sports and recreation, and more.\" \/>\n<meta name=\"robots\" content=\"index, follow, max-snippet:-1, max-image-preview:large, max-video-preview:-1\" \/>\n<link rel=\"canonical\" href=\"https:\/\/parks.indy.gov\/es\/programs\/indy-parks-summer-day-camps\/\" \/>\n<meta property=\"og:locale\" content=\"es_ES\" \/>\n<meta property=\"og:type\" content=\"article\" \/>\n<meta property=\"og:title\" content=\"Indy Parks Summer Day Camps - Indy Parks &amp; Recreation\" \/>\n<meta property=\"og:description\" content=\"Indy Parks and Recreation\u2019s summer day camp programs offer swimming, arts, nature, science, sports and recreation, and more.\" \/>\n<meta property=\"og:url\" content=\"https:\/\/parks.indy.gov\/es\/programs\/indy-parks-summer-day-camps\/\" \/>\n<meta property=\"og:site_name\" content=\"Indy Parks &amp; Recreation\" \/>\n<meta property=\"article:modified_time\" content=\"2026-02-25T21:13:17+00:00\" \/>\n<meta property=\"og:image\" content=\"https:\/\/parks.indy.gov\/wp-content\/uploads\/2024\/02\/HERO-Day-Camp-975x317.png\" \/>\n\t<meta property=\"og:image:width\" content=\"975\" \/>\n\t<meta property=\"og:image:height\" content=\"317\" \/>\n\t<meta property=\"og:image:type\" content=\"image\/png\" \/>\n<meta name=\"twitter:card\" content=\"summary_large_image\" \/>\n<meta name=\"twitter:label1\" content=\"Est. reading time\" \/>\n\t<meta name=\"twitter:data1\" content=\"3 minutes\" \/>\n<!-- \/ Yoast SEO plugin. -->","yoast_head_json":{"title":"Indy Parks Summer Day Camps - Indy Parks &amp; Recreation","description":"Indy Parks and Recreation\u2019s summer day camp programs offer swimming, arts, nature, science, sports and recreation, and more.","robots":{"index":"index","follow":"follow","max-snippet":"max-snippet:-1","max-image-preview":"max-image-preview:large","max-video-preview":"max-video-preview:-1"},"canonical":"https:\/\/parks.indy.gov\/es\/programs\/indy-parks-summer-day-camps\/","og_locale":"es_ES","og_type":"article","og_title":"Indy Parks Summer Day Camps - Indy Parks &amp; Recreation","og_description":"Indy Parks and Recreation\u2019s summer day camp programs offer swimming, arts, nature, science, sports and recreation, and more.","og_url":"https:\/\/parks.indy.gov\/es\/programs\/indy-parks-summer-day-camps\/","og_site_name":"Indy Parks &amp; Recreation","article_modified_time":"2026-02-25T21:13:17+00:00","og_image":[{"width":975,"height":317,"url":"https:\/\/parks.indy.gov\/wp-content\/uploads\/2024\/02\/HERO-Day-Camp-975x317.png","type":"image\/png"}],"twitter_card":"summary_large_image","twitter_misc":{"Est. reading time":"3 minutes"},"schema":{"@context":"https:\/\/schema.org","@graph":[{"@type":"WebPage","@id":"https:\/\/parks.indy.gov\/programs\/indy-parks-summer-day-camps\/","url":"https:\/\/parks.indy.gov\/programs\/indy-parks-summer-day-camps\/","name":"Indy Parks Summer Day Camps - Indy Parks &amp; Recreation","isPartOf":{"@id":"https:\/\/parks.indy.gov\/es\/#website"},"primaryImageOfPage":{"@id":"https:\/\/parks.indy.gov\/programs\/indy-parks-summer-day-camps\/#primaryimage"},"image":{"@id":"https:\/\/parks.indy.gov\/programs\/indy-parks-summer-day-camps\/#primaryimage"},"thumbnailUrl":"https:\/\/parks.indy.gov\/wp-content\/uploads\/2024\/02\/HERO-Day-Camp.png","datePublished":"2022-10-31T20:16:09+00:00","dateModified":"2026-02-25T21:13:17+00:00","description":"Indy Parks and Recreation\u2019s summer day camp programs offer swimming, arts, nature, science, sports and recreation, and more.","breadcrumb":{"@id":"https:\/\/parks.indy.gov\/programs\/indy-parks-summer-day-camps\/#breadcrumb"},"inLanguage":"es-ES","potentialAction":[{"@type":"ReadAction","target":["https:\/\/parks.indy.gov\/programs\/indy-parks-summer-day-camps\/"]}]},{"@type":"ImageObject","inLanguage":"es-ES","@id":"https:\/\/parks.indy.gov\/programs\/indy-parks-summer-day-camps\/#primaryimage","url":"https:\/\/parks.indy.gov\/wp-content\/uploads\/2024\/02\/HERO-Day-Camp.png","contentUrl":"https:\/\/parks.indy.gov\/wp-content\/uploads\/2024\/02\/HERO-Day-Camp.png","width":2000,"height":650},{"@type":"BreadcrumbList","@id":"https:\/\/parks.indy.gov\/programs\/indy-parks-summer-day-camps\/#breadcrumb","itemListElement":[{"@type":"ListItem","position":1,"name":"Home","item":"https:\/\/parks.indy.gov\/"},{"@type":"ListItem","position":2,"name":"Programs &#038; Scholarships","item":"https:\/\/parks.indy.gov\/programs\/"},{"@type":"ListItem","position":3,"name":"Indy Parks Summer Day Camps"}]},{"@type":"WebSite","@id":"https:\/\/parks.indy.gov\/es\/#website","url":"https:\/\/parks.indy.gov\/es\/","name":"Parques y recreaci\u00f3n de Indy","description":"Proporcionando experiencias enriquecedoras para todos.","publisher":{"@id":"https:\/\/parks.indy.gov\/es\/#organization"},"potentialAction":[{"@type":"SearchAction","target":{"@type":"EntryPoint","urlTemplate":"https:\/\/parks.indy.gov\/es\/?s={search_term_string}"},"query-input":{"@type":"PropertyValueSpecification","valueRequired":true,"valueName":"search_term_string"}}],"inLanguage":"es-ES"},{"@type":"Organization","@id":"https:\/\/parks.indy.gov\/es\/#organization","name":"Parques y recreaci\u00f3n de Indy","url":"https:\/\/parks.indy.gov\/es\/","logo":{"@type":"ImageObject","inLanguage":"es-ES","@id":"https:\/\/parks.indy.gov\/es\/#\/schema\/logo\/image\/","url":"https:\/\/parks.indy.gov\/wp-content\/uploads\/2023\/03\/Horizontal-Logo-1-e1678482885380.png","contentUrl":"https:\/\/parks.indy.gov\/wp-content\/uploads\/2023\/03\/Horizontal-Logo-1-e1678482885380.png","width":258,"height":79,"caption":"Indy Parks &amp; Recreation"},"image":{"@id":"https:\/\/parks.indy.gov\/es\/#\/schema\/logo\/image\/"}}]}},"_links":{"self":[{"href":"https:\/\/parks.indy.gov\/es\/wp-json\/wp\/v2\/pages\/210","targetHints":{"allow":["GET"]}}],"collection":[{"href":"https:\/\/parks.indy.gov\/es\/wp-json\/wp\/v2\/pages"}],"about":[{"href":"https:\/\/parks.indy.gov\/es\/wp-json\/wp\/v2\/types\/page"}],"author":[{"embeddable":true,"href":"https:\/\/parks.indy.gov\/es\/wp-json\/wp\/v2\/users\/1"}],"replies":[{"embeddable":true,"href":"https:\/\/parks.indy.gov\/es\/wp-json\/wp\/v2\/comments?post=210"}],"version-history":[{"count":2,"href":"https:\/\/parks.indy.gov\/es\/wp-json\/wp\/v2\/pages\/210\/revisions"}],"predecessor-version":[{"id":5606,"href":"https:\/\/parks.indy.gov\/es\/wp-json\/wp\/v2\/pages\/210\/revisions\/5606"}],"up":[{"embeddable":true,"href":"https:\/\/parks.indy.gov\/es\/wp-json\/wp\/v2\/pages\/213"}],"wp:featuredmedia":[{"embeddable":true,"href":"https:\/\/parks.indy.gov\/es\/wp-json\/wp\/v2\/media\/2804"}],"wp:attachment":[{"href":"https:\/\/parks.indy.gov\/es\/wp-json\/wp\/v2\/media?parent=210"}],"curies":[{"name":"gracias","href":"https:\/\/api.w.org\/{rel}","templated":true}]}}