{"id":24,"date":"2022-10-05T14:13:48","date_gmt":"2022-10-05T14:13:48","guid":{"rendered":"https:\/\/f1-stage-indyparks.pantheonsite.io\/?page_id=24"},"modified":"2026-02-02T18:37:08","modified_gmt":"2026-02-02T18:37:08","slug":"explore-indy-parks","status":"publish","type":"page","link":"https:\/\/parks.indy.gov\/es\/explore-indy-parks\/","title":{"rendered":"Explora los parques de Indy"},"content":{"rendered":"<h2 class=\"wp-block-heading\">Experiencias de Temporada<\/h2>\n\n\n\n<p>Indy Parks ofrece actividades divertidas durante todo el a\u00f1o para todas las edades. Este invierno, disfrute de talleres de galletas y adornos, patinaje sobre hielo y hockey en espacios interiores y exteriores, avistamientos de Pap\u00e1 Noel, el Conservatory Crossing anual de Garfield Park y m\u00e1s.<\/p>\n\n\n\n<div class=\"cards cards--columns-3 align wp-block-acf-content-cards\">\n\t<div class=\"cards__inner\">\n\t\t\t\t<div class=\"cards__row\">\n\t\t\t<div class=\"card\"><div class=\"card__media\"><img decoding=\"async\" width=\"376\" height=\"498\" src=\"https:\/\/parks.indy.gov\/wp-content\/uploads\/2025\/09\/HERO-Fall-Into-1-376x498.png\" class=\"attachment-card size-card wp-post-image\" alt=\"\" \/><\/div>\n\t<div class=\"card__body\">\n\t\t<div class=\"card__header\">\n\t<a href=\"https:\/\/parks.indy.gov\/es\/programs\/fall-winter\/\" target=\"_self\"><h3 class=\"card__title h4\">Oto\u00f1o e invierno en los parques de Indy<\/h3><\/div><\/a><\/div><\/div><div class=\"card\"><div class=\"card__media\"><img decoding=\"async\" width=\"376\" height=\"498\" src=\"https:\/\/parks.indy.gov\/wp-content\/uploads\/2024\/02\/HERO-Holliday-Ruins-376x498.png\" class=\"attachment-card size-card wp-post-image\" alt=\"Holliday Park Ruins\" \/><\/div>\n\t<div class=\"card__body\">\n\t\t<div class=\"card__header\">\n\t<a href=\"https:\/\/parks.indy.gov\/es\/parks\/holliday-park\/\" target=\"_self\"><h3 class=\"card__title h4\">parque de vacaciones<\/h3><\/div><\/a><\/div><\/div><div class=\"card\"><div class=\"card__media\"><img decoding=\"async\" width=\"376\" height=\"498\" src=\"https:\/\/parks.indy.gov\/wp-content\/uploads\/2023\/03\/Copy-of-F.-douglass-pool-e1715880997644-376x498.jpg\" class=\"attachment-card size-card wp-post-image\" alt=\"\" \/><\/div>\n\t<div class=\"card__body\">\n\t\t<div class=\"card__header\">\n\t<a href=\"https:\/\/parks.indy.gov\/es\/programs\/poolsandsplashpads\/\" target=\"_self\"><h3 class=\"card__title h4\">Piscinas y chapoteaderos<\/h3><\/div><\/a><\/div><\/div>\t\t<\/div>\n\t<\/div>\n<\/div>\n\n\n\n<h2 class=\"wp-block-heading\">Experiencias al aire libre<\/h2>\n\n\n\n<p>Con\u00e9ctese con la naturaleza y explore el aire libre en Indy Parks. Desde senderos para caminar y andar en bicicleta hasta pintorescos lagos y r\u00edos, los parques de Indian\u00e1polis ofrecen muchas oportunidades para relajarse y descansar, \u00a1o mantenerse activo y lleno de energ\u00eda!<\/p>\n\n\n\n<div class=\"cards cards--columns-3 align wp-block-acf-content-cards\">\n\t<div class=\"cards__inner\">\n\t\t\t\t<div class=\"cards__row\">\n\t\t\t<div class=\"card\"><div class=\"card__media\"><img decoding=\"async\" width=\"376\" height=\"498\" src=\"https:\/\/parks.indy.gov\/wp-content\/uploads\/2023\/03\/Eagle-Creek-376x498.png\" class=\"attachment-card size-card wp-post-image\" alt=\"\" \/><\/div>\n\t<div class=\"card__body\">\n\t\t<div class=\"card__header\">\n\t<a href=\"https:\/\/parks.indy.gov\/es\/parks\/eagle-creek-park\/\" target=\"_self\"><h3 class=\"card__title h4\">Parque Eagle Creek<\/h3><\/div><\/a><div class=\"card__content\">Eagle Creek Park cuenta con m\u00e1s de 1400 acres de agua y 3900 acres de bosque. Ofrece una amplia variedad de actividades a pocos minutos del centro.<\/div><\/div><\/div><div class=\"card\"><div class=\"card__media\"><img decoding=\"async\" width=\"376\" height=\"498\" src=\"https:\/\/parks.indy.gov\/wp-content\/uploads\/2023\/03\/Christian-Park-1-376x498.png\" class=\"attachment-card size-card wp-post-image\" alt=\"The outside of the Broad Ripple Park Family Center with large windows and green and blue lettering.\" \/><\/div>\n\t<div class=\"card__body\">\n\t\t<div class=\"card__header\">\n\t<a href=\"https:\/\/parks.indy.gov\/es\/parks\/broad-ripple-park\/\" target=\"_self\"><h3 class=\"card__title h4\">Parque amplio de la ondulaci\u00f3n<\/h3><\/div><\/a><\/div><\/div><div class=\"card\"><div class=\"card__media\"><img decoding=\"async\" width=\"376\" height=\"498\" src=\"https:\/\/parks.indy.gov\/wp-content\/uploads\/2024\/12\/EC-Dog-Park-376x498.jpg\" class=\"attachment-card size-card wp-post-image\" alt=\"\" \/><\/div>\n\t<div class=\"card__body\">\n\t\t<div class=\"card__header\">\n\t<a href=\"https:\/\/parks.indy.gov\/es\/explore-indy-parks\/dog-parks\/\" target=\"_self\"><h3 class=\"card__title h4\">Parques para perros<\/h3><\/div><\/a><\/div><\/div>\t\t<\/div>\n\t<\/div>\n<\/div>\n\n\n\n<p><\/p>\n\n\n\n<h2 class=\"wp-block-heading\">Deportes y ejercicio<\/h2>\n\n\n\n<p>Los entusiastas de los deportes y el fitness encontrar\u00e1n mucho para disfrutar en Indy Parks. Con una amplia variedad de campos de atletismo, canchas y centros familiares, los visitantes pueden participar en una variedad de deportes y actividades, como baloncesto, tenis, f\u00fatbol, voleibol y m\u00e1s. Muchos parques tambi\u00e9n ofrecen oportunidades para practicar senderismo, trotar y andar en bicicleta, con senderos panor\u00e1micos y sinuosos. Este invierno, considere nuestras numerosas instalaciones de fitness, pistas para caminar cubiertas y piscina cubierta en Krannert Park.<\/p>\n\n\n\n<div class=\"cards cards--columns-3 align wp-block-acf-content-cards\">\n\t<div class=\"cards__inner\">\n\t\t\t\t<div class=\"cards__row\">\n\t\t\t<div class=\"card\"><div class=\"card__media\"><img decoding=\"async\" width=\"376\" height=\"498\" src=\"https:\/\/parks.indy.gov\/wp-content\/uploads\/2023\/03\/HERO-Fall-Creek-Geist-Dam-376x498.png\" class=\"attachment-card size-card wp-post-image\" alt=\"End of a trail overlooking the Geist Dam\" \/><\/div>\n\t<div class=\"card__body\">\n\t\t<div class=\"card__header\">\n\t<a href=\"https:\/\/parks.indy.gov\/es\/parks\/fall-creek-trail-at-geist-dam\/\" target=\"_self\"><h3 class=\"card__title h4\">Sendero de Fall Creek<\/h3><\/div><\/a><\/div><\/div><div class=\"card\"><div class=\"card__media\"><img decoding=\"async\" width=\"376\" height=\"498\" src=\"https:\/\/parks.indy.gov\/wp-content\/uploads\/2023\/03\/HERO-Brookside-376x498.png\" class=\"attachment-card size-card wp-post-image\" alt=\"Greenspace and trees at Brookside Park.\" \/><\/div>\n\t<div class=\"card__body\">\n\t\t<div class=\"card__header\">\n\t<a href=\"https:\/\/parks.indy.gov\/es\/parks\/brookside-park\/\" target=\"_self\"><h3 class=\"card__title h4\">parque brookside<\/h3><\/div><\/a><\/div><\/div><div class=\"card\"><div class=\"card__media\"><img decoding=\"async\" width=\"376\" height=\"498\" src=\"https:\/\/parks.indy.gov\/wp-content\/uploads\/2023\/03\/Kuntz-e1706287677206-376x498.png\" class=\"attachment-card size-card wp-post-image\" alt=\"\" \/><\/div>\n\t<div class=\"card__body\">\n\t\t<div class=\"card__header\">\n\t<a href=\"https:\/\/parks.indy.gov\/es\/parks\/kuntz-soccer-sports-complex\/\" target=\"_self\"><h3 class=\"card__title h4\">Complejo deportivo y de f\u00fatbol Kuntz<\/h3><\/div><\/a><\/div><\/div>\t\t<\/div>\n\t<\/div>\n<\/div>\n\n\n\n<h2 class=\"wp-block-heading\">Arte y cultura<\/h2>\n\n\n\n<p>Indy Parks ofrece una escena art\u00edstica y cultural vibrante y diversa para visitantes de todas las edades e intereses. Muchos parques cuentan con instalaciones de arte p\u00fablico, esculturas y murales que muestran la creatividad y el talento de los artistas locales. Visite el Parque Dr. Martin Luther King Jr. para explorar el Landmark Memorial for Peace y la exhibici\u00f3n Still We Reach en asociaci\u00f3n con la Kennedy King Memorial Initiative.<\/p>\n\n\n\n<div class=\"cards cards--columns-3 align wp-block-acf-content-cards\">\n\t<div class=\"cards__inner\">\n\t\t\t\t<div class=\"cards__row\">\n\t\t\t<div class=\"card\"><div class=\"card__media\"><img decoding=\"async\" width=\"376\" height=\"498\" src=\"https:\/\/parks.indy.gov\/wp-content\/uploads\/2023\/03\/garfield-conservatory-376x498.jpeg\" class=\"attachment-card size-card wp-post-image\" alt=\"\" \/><\/div>\n\t<div class=\"card__body\">\n\t\t<div class=\"card__header\">\n\t<a href=\"https:\/\/parks.indy.gov\/es\/parks\/garfield-park\/\" target=\"_self\"><h3 class=\"card__title h4\">parque garfield<\/h3><\/div><\/a><\/div><\/div><div class=\"card\"><div class=\"card__media\"><img decoding=\"async\" width=\"376\" height=\"498\" src=\"https:\/\/parks.indy.gov\/wp-content\/uploads\/2023\/03\/HERO-Pogues-Run-376x498.png\" class=\"attachment-card size-card wp-post-image\" alt=\"Photo overlooking a pond, greenery, and a trail\" \/><\/div>\n\t<div class=\"card__body\">\n\t\t<div class=\"card__header\">\n\t<a href=\"https:\/\/parks.indy.gov\/es\/parks\/pogues-run-art-and-nature-park\/\" target=\"_self\"><h3 class=\"card__title h4\">Parque natural y de arte Pogues Run<\/h3><\/div><\/a><\/div><\/div><div class=\"card\"><div class=\"card__media\"><img decoding=\"async\" width=\"376\" height=\"498\" src=\"https:\/\/parks.indy.gov\/wp-content\/uploads\/2023\/03\/MLK-Park-1-376x498.png\" class=\"attachment-card size-card wp-post-image\" alt=\"Kennedy King Memorial in Indianapolis.\" \/><\/div>\n\t<div class=\"card__body\">\n\t\t<div class=\"card__header\">\n\t<a href=\"https:\/\/parks.indy.gov\/es\/parks\/dr-martin-luther-king-jr-park\/\" target=\"_self\"><h3 class=\"card__title h4\">Parque Dr. Martin Luther King Jr.<\/h3><\/div><\/a><\/div><\/div>\t\t<\/div>\n\t<\/div>\n<\/div>\n\n\n\n<h2 class=\"wp-block-heading\">Centros familiares y comunitarios<\/h2>\n\n\n\n<p>Muchos parques ofrecen servicios y actividades para toda la familia, como parques infantiles, \u00e1reas de p\u00edcnic y juegos acu\u00e1ticos, que brindan un espacio divertido y seguro para que los ni\u00f1os jueguen y exploren. Adem\u00e1s, Parques y Recreaci\u00f3n de Indian\u00e1polis opera varios centros comunitarios en toda la ciudad, que brindan una variedad de programas y servicios para todas las edades.<\/p>\n\n\n\n<div class=\"cards cards--columns-3 align wp-block-acf-content-cards\">\n\t<div class=\"cards__inner\">\n\t\t\t\t<div class=\"cards__row\">\n\t\t\t<div class=\"card\"><div class=\"card__media\"><img decoding=\"async\" width=\"376\" height=\"498\" src=\"https:\/\/parks.indy.gov\/wp-content\/uploads\/2023\/03\/Christian-Park-376x498.png\" class=\"attachment-card size-card wp-post-image\" alt=\"\" \/><\/div>\n\t<div class=\"card__body\">\n\t\t<div class=\"card__header\">\n\t<a href=\"https:\/\/parks.indy.gov\/es\/facilities\/christian-park-family-center\/\" target=\"_self\"><h3 class=\"card__title h4\">Centro familiar Christian Park<\/h3><\/div><\/a><\/div><\/div><div class=\"card\"><div class=\"card__media\"><img decoding=\"async\" width=\"376\" height=\"498\" src=\"https:\/\/parks.indy.gov\/wp-content\/uploads\/2023\/03\/HERO-Website-Images-6-376x498.png\" class=\"attachment-card size-card wp-post-image\" alt=\"\" \/><\/div>\n\t<div class=\"card__body\">\n\t\t<div class=\"card__header\">\n\t<a href=\"https:\/\/parks.indy.gov\/es\/facilities\/bethel-park-family-center\/\" target=\"_self\"><h3 class=\"card__title h4\">Centro familiar del parque Stanley Strader<\/h3><\/div><\/a><\/div><\/div><div class=\"card\"><div class=\"card__media\"><img decoding=\"async\" width=\"376\" height=\"498\" src=\"https:\/\/parks.indy.gov\/wp-content\/uploads\/2023\/03\/HERO-Broad-Ripple-Family-Center-1-376x498.png\" class=\"attachment-card size-card wp-post-image\" alt=\"image of the outside of the broad ripple park family center\" \/><\/div>\n\t<div class=\"card__body\">\n\t\t<div class=\"card__header\">\n\t<a href=\"https:\/\/parks.indy.gov\/es\/facilities\/broad-ripple-park-family-center\/\" target=\"_self\"><h3 class=\"card__title h4\">Centro familiar Broad Ripple Park<\/h3><\/div><\/a><\/div><\/div>\t\t<\/div>\n\t<\/div>\n<\/div>\n\n\n\n<h2 class=\"wp-block-heading\">Centros de Naturaleza<\/h2>\n\n\n\n<p>Ya sea que sea un entusiasta de la naturaleza o simplemente busque aprender m\u00e1s sobre el mundo que lo rodea, los centros naturales en los parques de Indian\u00e1polis ofrecen una experiencia \u00fanica e informativa para todos. \u00danase a un programa educativo, vea una exhibici\u00f3n interactiva o \u00fanase a una caminata guiada.<\/p>\n\n\n\n<div class=\"cards cards--columns-3 align wp-block-acf-content-cards\">\n\t<div class=\"cards__inner\">\n\t\t\t\t<div class=\"cards__row\">\n\t\t\t<div class=\"card\"><div class=\"card__media\"><img decoding=\"async\" width=\"376\" height=\"386\" src=\"https:\/\/parks.indy.gov\/wp-content\/uploads\/2023\/03\/eagle-discovery-center-e1706208032278-376x386.webp\" class=\"attachment-card size-card wp-post-image\" alt=\"\" \/><\/div>\n\t<div class=\"card__body\">\n\t\t<div class=\"card__header\">\n\t<a href=\"https:\/\/parks.indy.gov\/es\/facilities\/eagle-creek-park-discovery-center\/\" target=\"_self\"><h3 class=\"card__title h4\">Centro de descubrimiento de la Tierra Eagle Creek Park<\/h3><\/div><\/a><\/div><\/div><div class=\"card\"><div class=\"card__media\"><img decoding=\"async\" width=\"376\" height=\"498\" src=\"https:\/\/parks.indy.gov\/wp-content\/uploads\/2023\/03\/Fall-Flowers-OC-USE-THIS-ONE-376x498.jpg\" class=\"attachment-card size-card wp-post-image\" alt=\"\" \/><\/div>\n\t<div class=\"card__body\">\n\t\t<div class=\"card__header\">\n\t<a href=\"https:\/\/parks.indy.gov\/es\/facilities\/eagle-creek-ornithology-center\/\" target=\"_self\"><h3 class=\"card__title h4\">Centro de ornitolog\u00eda de Eagle Creek Park<\/h3><\/div><\/a><\/div><\/div><div class=\"card\"><div class=\"card__media\"><img decoding=\"async\" width=\"376\" height=\"498\" src=\"https:\/\/parks.indy.gov\/wp-content\/uploads\/2023\/03\/holliday-nature-376x498.jpeg\" class=\"attachment-card size-card wp-post-image\" alt=\"\" \/><\/div>\n\t<div class=\"card__body\">\n\t\t<div class=\"card__header\">\n\t<a href=\"https:\/\/parks.indy.gov\/es\/facilities\/holliday-park-nature-center\/\" target=\"_self\"><h3 class=\"card__title h4\">Centro natural de Holliday Park<\/h3><\/div><\/a><\/div><\/div><div class=\"card\"><div class=\"card__media\"><img decoding=\"async\" width=\"376\" height=\"498\" src=\"https:\/\/parks.indy.gov\/wp-content\/uploads\/2023\/03\/Southeastway-376x498.png\" class=\"attachment-card size-card wp-post-image\" alt=\"\" \/><\/div>\n\t<div class=\"card__body\">\n\t\t<div class=\"card__header\">\n\t<a href=\"https:\/\/parks.indy.gov\/es\/parks\/southeastway-park\/\" target=\"_self\"><h3 class=\"card__title h4\">parque del sureste<\/h3><\/div><\/a><\/div><\/div><div class=\"card\"><div class=\"card__media\"><img decoding=\"async\" width=\"376\" height=\"498\" src=\"https:\/\/parks.indy.gov\/wp-content\/uploads\/2023\/03\/GrassyEdits-2-376x498.jpg\" class=\"attachment-card size-card wp-post-image\" alt=\"\" \/><\/div>\n\t<div class=\"card__body\">\n\t\t<div class=\"card__header\">\n\t<a href=\"https:\/\/parks.indy.gov\/es\/facilities\/grassy-creek-environmental-community-center\/\" target=\"_self\"><h3 class=\"card__title h4\">Centro comunitario ambiental Grassy Creek<\/h3><\/div><\/a><\/div><\/div>\t\t<\/div>\n\t<\/div>\n<\/div>\n\n\n\n<h2 class=\"wp-block-heading\">Reglas y pautas del parque<\/h2>\n\n\n\n<p>Los visitantes del parque deben obedecer lo siguiente:<\/p>\n\n\n\n<ul class=\"wp-block-list\">\n<li>El horario del parque es desde el amanecer hasta el anochecer.<\/li>\n\n\n\n<li>No se permite la posesi\u00f3n de alcohol en los parques sin un permiso de la junta del parque.<\/li>\n\n\n\n<li>Los veh\u00edculos no est\u00e1n permitidos en el c\u00e9sped.<\/li>\n\n\n\n<li>No se permiten fuegos abiertos que no sean parrillas.<\/li>\n\n\n\n<li>Los perros deben tener una correa de menos de 20 pies, a menos que est\u00e9n en los parques para perros.<\/li>\n\n\n\n<li>No se permiten bicicletas en caminos de grava.<\/li>\n\n\n\n<li>Las ventas de vendedores privados en parques requieren un permiso<\/li>\n<\/ul>\n\n\n\n<p>*Cada parque tiene sus propias reglas y regulaciones.<\/p>","protected":false},"excerpt":{"rendered":"<p>Indy Parks ofrece actividades divertidas durante todo el a\u00f1o para personas de todas las edades. Ya sea que te interese encontrar formas de aprender sobre la vida silvestre o simplemente disfrutar del aire fresco con una caminata r\u00e1pida, Indy Parks tiene algo para ti.<\/p>","protected":false},"author":1,"featured_media":2262,"parent":0,"menu_order":0,"comment_status":"closed","ping_status":"closed","template":"","meta":{"_acf_changed":false,"footnotes":""},"class_list":["post-24","page","type-page","status-publish","has-post-thumbnail","hentry"],"acf":[],"yoast_head":"<!-- This site is optimized with the Yoast SEO plugin v27.2 - https:\/\/yoast.com\/product\/yoast-seo-wordpress\/ -->\n<title>Explore Indy Parks - Indy Parks &amp; Recreation<\/title>\n<meta name=\"robots\" content=\"index, follow, max-snippet:-1, max-image-preview:large, max-video-preview:-1\" \/>\n<link rel=\"canonical\" href=\"https:\/\/parks.indy.gov\/es\/explore-indy-parks\/\" \/>\n<meta property=\"og:locale\" content=\"es_ES\" \/>\n<meta property=\"og:type\" content=\"article\" \/>\n<meta property=\"og:title\" content=\"Explore Indy Parks - Indy Parks &amp; Recreation\" \/>\n<meta property=\"og:description\" content=\"Indy Parks offers fun activities year-round for those of all ages. Whether your interests lie in finding ways to learn about your wildlife or simply enjoy some fresh air with a brisk hike, Indy Parks has something for you.\" \/>\n<meta property=\"og:url\" content=\"https:\/\/parks.indy.gov\/es\/explore-indy-parks\/\" \/>\n<meta property=\"og:site_name\" content=\"Indy Parks &amp; Recreation\" \/>\n<meta property=\"article:modified_time\" content=\"2026-02-02T18:37:08+00:00\" \/>\n<meta property=\"og:image\" content=\"https:\/\/parks.indy.gov\/wp-content\/uploads\/2023\/03\/HERO-Highland.png\" \/>\n\t<meta property=\"og:image:width\" content=\"2000\" \/>\n\t<meta property=\"og:image:height\" content=\"650\" \/>\n\t<meta property=\"og:image:type\" content=\"image\/png\" \/>\n<meta name=\"twitter:card\" content=\"summary_large_image\" \/>\n<meta name=\"twitter:label1\" content=\"Est. reading time\" \/>\n\t<meta name=\"twitter:data1\" content=\"2 minutes\" \/>\n<!-- \/ Yoast SEO plugin. -->","yoast_head_json":{"title":"Explore Indy Parks - Indy Parks &amp; Recreation","robots":{"index":"index","follow":"follow","max-snippet":"max-snippet:-1","max-image-preview":"max-image-preview:large","max-video-preview":"max-video-preview:-1"},"canonical":"https:\/\/parks.indy.gov\/es\/explore-indy-parks\/","og_locale":"es_ES","og_type":"article","og_title":"Explore Indy Parks - Indy Parks &amp; Recreation","og_description":"Indy Parks offers fun activities year-round for those of all ages. Whether your interests lie in finding ways to learn about your wildlife or simply enjoy some fresh air with a brisk hike, Indy Parks has something for you.","og_url":"https:\/\/parks.indy.gov\/es\/explore-indy-parks\/","og_site_name":"Indy Parks &amp; Recreation","article_modified_time":"2026-02-02T18:37:08+00:00","og_image":[{"width":2000,"height":650,"url":"https:\/\/parks.indy.gov\/wp-content\/uploads\/2023\/03\/HERO-Highland.png","type":"image\/png"}],"twitter_card":"summary_large_image","twitter_misc":{"Est. reading time":"2 minutes"},"schema":{"@context":"https:\/\/schema.org","@graph":[{"@type":"WebPage","@id":"https:\/\/parks.indy.gov\/explore-indy-parks\/","url":"https:\/\/parks.indy.gov\/explore-indy-parks\/","name":"Explore Indy Parks - Indy Parks &amp; Recreation","isPartOf":{"@id":"https:\/\/parks.indy.gov\/es\/#website"},"primaryImageOfPage":{"@id":"https:\/\/parks.indy.gov\/explore-indy-parks\/#primaryimage"},"image":{"@id":"https:\/\/parks.indy.gov\/explore-indy-parks\/#primaryimage"},"thumbnailUrl":"https:\/\/parks.indy.gov\/wp-content\/uploads\/2023\/03\/HERO-Highland.png","datePublished":"2022-10-05T14:13:48+00:00","dateModified":"2026-02-02T18:37:08+00:00","breadcrumb":{"@id":"https:\/\/parks.indy.gov\/explore-indy-parks\/#breadcrumb"},"inLanguage":"es-ES","potentialAction":[{"@type":"ReadAction","target":["https:\/\/parks.indy.gov\/explore-indy-parks\/"]}]},{"@type":"ImageObject","inLanguage":"es-ES","@id":"https:\/\/parks.indy.gov\/explore-indy-parks\/#primaryimage","url":"https:\/\/parks.indy.gov\/wp-content\/uploads\/2023\/03\/HERO-Highland.png","contentUrl":"https:\/\/parks.indy.gov\/wp-content\/uploads\/2023\/03\/HERO-Highland.png","width":2000,"height":650,"caption":"Park that overlooks the downtown Indianapolis skyline at sunset"},{"@type":"BreadcrumbList","@id":"https:\/\/parks.indy.gov\/explore-indy-parks\/#breadcrumb","itemListElement":[{"@type":"ListItem","position":1,"name":"Home","item":"https:\/\/parks.indy.gov\/"},{"@type":"ListItem","position":2,"name":"Explore Indy Parks"}]},{"@type":"WebSite","@id":"https:\/\/parks.indy.gov\/es\/#website","url":"https:\/\/parks.indy.gov\/es\/","name":"Parques y recreaci\u00f3n de Indy","description":"Proporcionando experiencias enriquecedoras para todos.","publisher":{"@id":"https:\/\/parks.indy.gov\/es\/#organization"},"potentialAction":[{"@type":"SearchAction","target":{"@type":"EntryPoint","urlTemplate":"https:\/\/parks.indy.gov\/es\/?s={search_term_string}"},"query-input":{"@type":"PropertyValueSpecification","valueRequired":true,"valueName":"search_term_string"}}],"inLanguage":"es-ES"},{"@type":"Organization","@id":"https:\/\/parks.indy.gov\/es\/#organization","name":"Parques y recreaci\u00f3n de Indy","url":"https:\/\/parks.indy.gov\/es\/","logo":{"@type":"ImageObject","inLanguage":"es-ES","@id":"https:\/\/parks.indy.gov\/es\/#\/schema\/logo\/image\/","url":"https:\/\/parks.indy.gov\/wp-content\/uploads\/2023\/03\/Horizontal-Logo-1-e1678482885380.png","contentUrl":"https:\/\/parks.indy.gov\/wp-content\/uploads\/2023\/03\/Horizontal-Logo-1-e1678482885380.png","width":258,"height":79,"caption":"Indy Parks &amp; Recreation"},"image":{"@id":"https:\/\/parks.indy.gov\/es\/#\/schema\/logo\/image\/"}}]}},"_links":{"self":[{"href":"https:\/\/parks.indy.gov\/es\/wp-json\/wp\/v2\/pages\/24","targetHints":{"allow":["GET"]}}],"collection":[{"href":"https:\/\/parks.indy.gov\/es\/wp-json\/wp\/v2\/pages"}],"about":[{"href":"https:\/\/parks.indy.gov\/es\/wp-json\/wp\/v2\/types\/page"}],"author":[{"embeddable":true,"href":"https:\/\/parks.indy.gov\/es\/wp-json\/wp\/v2\/users\/1"}],"replies":[{"embeddable":true,"href":"https:\/\/parks.indy.gov\/es\/wp-json\/wp\/v2\/comments?post=24"}],"version-history":[{"count":3,"href":"https:\/\/parks.indy.gov\/es\/wp-json\/wp\/v2\/pages\/24\/revisions"}],"predecessor-version":[{"id":5571,"href":"https:\/\/parks.indy.gov\/es\/wp-json\/wp\/v2\/pages\/24\/revisions\/5571"}],"wp:featuredmedia":[{"embeddable":true,"href":"https:\/\/parks.indy.gov\/es\/wp-json\/wp\/v2\/media\/2262"}],"wp:attachment":[{"href":"https:\/\/parks.indy.gov\/es\/wp-json\/wp\/v2\/media?parent=24"}],"curies":[{"name":"gracias","href":"https:\/\/api.w.org\/{rel}","templated":true}]}}