{"id":26,"date":"2022-10-05T14:14:04","date_gmt":"2022-10-05T14:14:04","guid":{"rendered":"https:\/\/f1-stage-indyparks.pantheonsite.io\/?page_id=26"},"modified":"2025-03-24T14:48:48","modified_gmt":"2025-03-24T14:48:48","slug":"about-us","status":"publish","type":"page","link":"https:\/\/parks.indy.gov\/es\/about-us\/","title":{"rendered":"Sobre nosotros"},"content":{"rendered":"<p>Parques y Recreaci\u00f3n de Indy ofrece parques, espacios verdes, senderos y oportunidades recreativas para los residentes y visitantes del condado de Marion. La agencia cuenta con 218 parques, 11,254 acres de espacios verdes, 132 \u00e1reas de juegos infantiles, 155 campos deportivos, 153 millas de senderos, 23 centros recreativos y naturales, 20 centros acu\u00e1ticos, 22 \u00e1reas de riego, 13 campos de golf y cuatro parques para perros. Parques de Indy tambi\u00e9n ofrece una variedad de programas deportivos, art\u00edsticos, educativos y recreativos, y m\u00e1s de 2400 programas durante todo el a\u00f1o.<\/p>\n\n\n\n<p><a href=\"https:\/\/indyencyclopedia.org\/parks-and-greenspaces\/\">Aprende sobre la historia de los parques en Indian\u00e1polis<\/a><\/p>\n\n\n\n<p><a href=\"https:\/\/bit.ly\/IndyParksNowHiring\">Ver trabajos abiertos en Indy Parks<\/a><\/p>\n\n\n\n<figure class=\"wp-block-image size-large\"><img decoding=\"async\" width=\"975\" height=\"317\" src=\"https:\/\/parks.indy.gov\/wp-content\/uploads\/2023\/03\/HERO-Brookside-Family-Center-975x317.png\" alt=\"\" class=\"wp-image-2123\" srcset=\"https:\/\/parks.indy.gov\/wp-content\/uploads\/2023\/03\/HERO-Brookside-Family-Center-975x317.png 975w, https:\/\/parks.indy.gov\/wp-content\/uploads\/2023\/03\/HERO-Brookside-Family-Center-500x163.png 500w, https:\/\/parks.indy.gov\/wp-content\/uploads\/2023\/03\/HERO-Brookside-Family-Center-768x250.png 768w, https:\/\/parks.indy.gov\/wp-content\/uploads\/2023\/03\/HERO-Brookside-Family-Center-1536x499.png 1536w, https:\/\/parks.indy.gov\/wp-content\/uploads\/2023\/03\/HERO-Brookside-Family-Center-18x6.png 18w, https:\/\/parks.indy.gov\/wp-content\/uploads\/2023\/03\/HERO-Brookside-Family-Center-1440x468.png 1440w, https:\/\/parks.indy.gov\/wp-content\/uploads\/2023\/03\/HERO-Brookside-Family-Center-985x320.png 985w, https:\/\/parks.indy.gov\/wp-content\/uploads\/2023\/03\/HERO-Brookside-Family-Center-420x137.png 420w, https:\/\/parks.indy.gov\/wp-content\/uploads\/2023\/03\/HERO-Brookside-Family-Center.png 2000w\" sizes=\"(max-width: 975px) 100vw, 975px\" \/><\/figure>\n\n\n\n<h1 class=\"wp-block-heading\">Misi\u00f3n, Visi\u00f3n y Valores<\/h1>\n\n\n\n<h3 class=\"wp-block-heading\">Misi\u00f3n de parques de Indy<\/h3>\n\n\n\n<p>Proporcionar experiencias enriquecedoras para todos.<\/p>\n\n\n\n<h3 class=\"wp-block-heading\">Visi\u00f3n de los parques de Indy<\/h3>\n\n\n\n<p>Vidas m\u00e1s saludables, experiencias inspiradoras y comunidades vibrantes.<\/p>\n\n\n\n<div class=\"wp-block-media-text alignwide is-stacked-on-mobile is-style-dyk\" style=\"grid-template-columns:20% auto\"><figure class=\"wp-block-media-text__media\"><img decoding=\"async\" width=\"957\" height=\"1278\" src=\"https:\/\/parks.indy.gov\/wp-content\/uploads\/2024\/02\/camp-2.png\" alt=\"\" class=\"wp-image-2719 size-full\" srcset=\"https:\/\/parks.indy.gov\/wp-content\/uploads\/2024\/02\/camp-2.png 957w, https:\/\/parks.indy.gov\/wp-content\/uploads\/2024\/02\/camp-2-500x668.png 500w, https:\/\/parks.indy.gov\/wp-content\/uploads\/2024\/02\/camp-2-768x1026.png 768w, https:\/\/parks.indy.gov\/wp-content\/uploads\/2024\/02\/camp-2-9x12.png 9w, https:\/\/parks.indy.gov\/wp-content\/uploads\/2024\/02\/camp-2-240x320.png 240w, https:\/\/parks.indy.gov\/wp-content\/uploads\/2024\/02\/camp-2-420x561.png 420w\" sizes=\"(max-width: 957px) 100vw, 957px\" \/><\/figure><div class=\"wp-block-media-text__content\">\n<h2 class=\"wp-block-heading\">Declaraci\u00f3n de equidad racial de Indy Parks<\/h2>\n\n\n\n<p>Indy Parks ser\u00e1 un l\u00edder en hacer de Indian\u00e1polis un lugar vibrante y saludable para vivir aplicando una lente de equidad racial a la planificaci\u00f3n futura que refleje mejor la comunidad multicultural a la que servimos. Estamos comprometidos a brindar acceso equitativo e inclusivo a programas, servicios, comodidades y espacios verdes. Nos esforzamos por identificar e invertir en una cultura laboral m\u00e1s equitativa centr\u00e1ndonos en pol\u00edticas y pr\u00e1cticas que incluyen asignaci\u00f3n de presupuesto, adquisiciones, asociaciones, contrataci\u00f3n, capacitaci\u00f3n y ascenso de empleados.<\/p>\n\n\n\n<div class=\"wp-block-buttons is-layout-flex wp-block-buttons-is-layout-flex\"><\/div>\n<\/div><\/div>\n\n\n\n<h3 class=\"wp-block-heading\">Parques de Indy para todos<\/h3>\n\n\n\n<p>Indy Parks se compromete a dar la bienvenida a todos los residentes y familias y continuar\u00e1 reflexionando y reevaluando todos los programas, servicios y comodidades para garantizar que sean accesibles para todos. Despu\u00e9s de varias evaluaciones internas, que incluyeron brindar oportunidades para que todo el personal brinde comentarios, estos son algunos de los logros clave que hemos alcanzado hasta ahora:<\/p>\n\n\n\n<p><strong>compromiso del personal<\/strong><\/p>\n\n\n\n<ul class=\"wp-block-list\">\n<li>Invertimos en capacitaci\u00f3n sobre diversidad, equidad e inclusi\u00f3n (DEI) para todo el personal de Indy Parks, incluidos los empleados de medio tiempo y de temporada, para garantizar que nuestro equipo est\u00e9 igualmente comprometido y comprenda los objetivos de DEI de nuestro departamento.<\/li>\n<\/ul>\n\n\n\n<p><strong>Reclutamiento de nuevos talentos<\/strong><\/p>\n\n\n\n<ul class=\"wp-block-list\">\n<li>Ampliamos los esfuerzos de reclutamiento mientras evaluamos la estructura salarial actual del personal a trav\u00e9s del Estudio de Compensaci\u00f3n de la Ciudad.<\/li>\n<\/ul>\n\n\n\n<p><strong>Pago equitativo<\/strong><\/p>\n\n\n\n<ul class=\"wp-block-list\">\n<li>Aumentamos los salarios de los salvavidas, los coordinadores de programas de alimentos y los consejeros de campamentos diurnos para atraer a m\u00e1s solicitantes y trabajar por un salario equitativo.<\/li>\n<\/ul>\n\n\n\n<p><strong>Presupuesto para la equidad<\/strong><\/p>\n\n\n\n<ul class=\"wp-block-list\">\n<li>Asignamos $100,000 para crear dos nuevos puestos de extensi\u00f3n, que expandir\u00e1n la programaci\u00f3n de Educaci\u00f3n Ambiental y Artes a m\u00e1s instalaciones de Indy Parks. Se asignaron otros $80,000 en fondos de contrato para mejorar el acceso equitativo a la programaci\u00f3n.<\/li>\n<\/ul>\n\n\n\n<p><strong>usando datos<\/strong><\/p>\n\n\n\n<ul class=\"wp-block-list\">\n<li>Utilizamos las herramientas disponibles para evaluar el inventario del programa para garantizar que todos los residentes tengan el mismo acceso a nuestras ofertas.<\/li>\n<\/ul>\n\n\n\n<p><strong>Tarifas del programa<\/strong><\/p>\n\n\n\n<ul class=\"wp-block-list\">\n<li>Seguimos revisando y actualizando las tarifas y los cargos de admisiones y programas en todos nuestros parques. Aumentamos el financiamiento y la promoci\u00f3n de oportunidades de becas para subsidiar los costos y hacer que los campamentos y las piscinas sean m\u00e1s accesibles.<\/li>\n<\/ul>\n\n\n\n<p><strong>Esfuerzos en curso<\/strong><\/p>\n\n\n\n<p>Estamos pasando a la siguiente fase de nuestro viaje DEI, que implica profundizar en las pol\u00edticas, pr\u00e1cticas, procedimientos y servicios de nuestro departamento para evaluarlos a trav\u00e9s de una lente DEI. Hemos creado un comit\u00e9 DEI y dos subcomit\u00e9s que est\u00e1n trabajando para evaluar nuestras pr\u00e1cticas de contrataci\u00f3n y entrevistas, mientras exploramos nuestras pr\u00e1cticas de participaci\u00f3n comunitaria. Estamos trabajando para colaborar con agencias externas, como la Asociaci\u00f3n Nacional de Recreaci\u00f3n y Parques, la Asociaci\u00f3n de Parques y Recreaci\u00f3n de Indiana y el Equipo Central de Equidad Racial de la Ciudad de Indian\u00e1polis para simplificar las revisiones de las mejores pr\u00e1cticas, identificar recursos para continuar la capacitaci\u00f3n y comprender c\u00f3mo otras ciudades y agencias est\u00e1n abordando la equidad racial y las iniciativas DEI.<\/p>\n\n\n\n<p>Para ver el mapa de ruta DEI de Indy Parks, <a href=\"https:\/\/media.graphcms.com\/mYUstyMpTxSPQyVC1TYk\">haga clic aqu\u00ed<\/a>.<\/p>","protected":false},"excerpt":{"rendered":"<p>Con m\u00e1s de un siglo de historia aumentando el valor de los parques, Indy Parks se compromete a proteger y mejorar los activos de la comunidad para el futuro.<\/p>","protected":false},"author":1,"featured_media":2800,"parent":0,"menu_order":0,"comment_status":"closed","ping_status":"closed","template":"","meta":{"_acf_changed":false,"footnotes":""},"class_list":["post-26","page","type-page","status-publish","has-post-thumbnail","hentry"],"acf":[],"yoast_head":"<!-- This site is optimized with the Yoast SEO plugin v27.1.1 - https:\/\/yoast.com\/product\/yoast-seo-wordpress\/ -->\n<title>About Us - Indy Parks &amp; Recreation<\/title>\n<meta name=\"robots\" content=\"index, follow, max-snippet:-1, max-image-preview:large, max-video-preview:-1\" \/>\n<link rel=\"canonical\" href=\"https:\/\/parks.indy.gov\/es\/about-us\/\" \/>\n<meta property=\"og:locale\" content=\"es_ES\" \/>\n<meta property=\"og:type\" content=\"article\" \/>\n<meta property=\"og:title\" content=\"About Us - Indy Parks &amp; Recreation\" \/>\n<meta property=\"og:description\" content=\"With over a century of history advancing the value of parks, Indy Parks is committed to protecting and enhancing the community\u2019s assets for the future.\" \/>\n<meta property=\"og:url\" content=\"https:\/\/parks.indy.gov\/es\/about-us\/\" \/>\n<meta property=\"og:site_name\" content=\"Indy Parks &amp; Recreation\" \/>\n<meta property=\"article:modified_time\" content=\"2025-03-24T14:48:48+00:00\" \/>\n<meta property=\"og:image\" content=\"https:\/\/parks.indy.gov\/wp-content\/uploads\/2024\/02\/HERO-Holliday-Ruins-975x317.png\" \/>\n\t<meta property=\"og:image:width\" content=\"975\" \/>\n\t<meta property=\"og:image:height\" content=\"317\" \/>\n\t<meta property=\"og:image:type\" content=\"image\/png\" \/>\n<meta name=\"twitter:card\" content=\"summary_large_image\" \/>\n<meta name=\"twitter:label1\" content=\"Est. reading time\" \/>\n\t<meta name=\"twitter:data1\" content=\"4 minutes\" \/>\n<!-- \/ Yoast SEO plugin. -->","yoast_head_json":{"title":"About Us - Indy Parks &amp; Recreation","robots":{"index":"index","follow":"follow","max-snippet":"max-snippet:-1","max-image-preview":"max-image-preview:large","max-video-preview":"max-video-preview:-1"},"canonical":"https:\/\/parks.indy.gov\/es\/about-us\/","og_locale":"es_ES","og_type":"article","og_title":"About Us - Indy Parks &amp; Recreation","og_description":"With over a century of history advancing the value of parks, Indy Parks is committed to protecting and enhancing the community\u2019s assets for the future.","og_url":"https:\/\/parks.indy.gov\/es\/about-us\/","og_site_name":"Indy Parks &amp; Recreation","article_modified_time":"2025-03-24T14:48:48+00:00","og_image":[{"width":975,"height":317,"url":"https:\/\/parks.indy.gov\/wp-content\/uploads\/2024\/02\/HERO-Holliday-Ruins-975x317.png","type":"image\/png"}],"twitter_card":"summary_large_image","twitter_misc":{"Est. reading time":"4 minutes"},"schema":{"@context":"https:\/\/schema.org","@graph":[{"@type":"WebPage","@id":"https:\/\/parks.indy.gov\/about-us\/","url":"https:\/\/parks.indy.gov\/about-us\/","name":"About Us - Indy Parks &amp; Recreation","isPartOf":{"@id":"https:\/\/parks.indy.gov\/es\/#website"},"primaryImageOfPage":{"@id":"https:\/\/parks.indy.gov\/about-us\/#primaryimage"},"image":{"@id":"https:\/\/parks.indy.gov\/about-us\/#primaryimage"},"thumbnailUrl":"https:\/\/parks.indy.gov\/wp-content\/uploads\/2024\/02\/HERO-Holliday-Ruins.png","datePublished":"2022-10-05T14:14:04+00:00","dateModified":"2025-03-24T14:48:48+00:00","breadcrumb":{"@id":"https:\/\/parks.indy.gov\/about-us\/#breadcrumb"},"inLanguage":"es-ES","potentialAction":[{"@type":"ReadAction","target":["https:\/\/parks.indy.gov\/about-us\/"]}]},{"@type":"ImageObject","inLanguage":"es-ES","@id":"https:\/\/parks.indy.gov\/about-us\/#primaryimage","url":"https:\/\/parks.indy.gov\/wp-content\/uploads\/2024\/02\/HERO-Holliday-Ruins.png","contentUrl":"https:\/\/parks.indy.gov\/wp-content\/uploads\/2024\/02\/HERO-Holliday-Ruins.png","width":2000,"height":650,"caption":"Holliday Park Ruins"},{"@type":"BreadcrumbList","@id":"https:\/\/parks.indy.gov\/about-us\/#breadcrumb","itemListElement":[{"@type":"ListItem","position":1,"name":"Home","item":"https:\/\/parks.indy.gov\/"},{"@type":"ListItem","position":2,"name":"About Us"}]},{"@type":"WebSite","@id":"https:\/\/parks.indy.gov\/es\/#website","url":"https:\/\/parks.indy.gov\/es\/","name":"Parques y recreaci\u00f3n de Indy","description":"Proporcionando experiencias enriquecedoras para todos.","publisher":{"@id":"https:\/\/parks.indy.gov\/es\/#organization"},"potentialAction":[{"@type":"SearchAction","target":{"@type":"EntryPoint","urlTemplate":"https:\/\/parks.indy.gov\/es\/?s={search_term_string}"},"query-input":{"@type":"PropertyValueSpecification","valueRequired":true,"valueName":"search_term_string"}}],"inLanguage":"es-ES"},{"@type":"Organization","@id":"https:\/\/parks.indy.gov\/es\/#organization","name":"Parques y recreaci\u00f3n de Indy","url":"https:\/\/parks.indy.gov\/es\/","logo":{"@type":"ImageObject","inLanguage":"es-ES","@id":"https:\/\/parks.indy.gov\/es\/#\/schema\/logo\/image\/","url":"https:\/\/parks.indy.gov\/wp-content\/uploads\/2023\/03\/Horizontal-Logo-1-e1678482885380.png","contentUrl":"https:\/\/parks.indy.gov\/wp-content\/uploads\/2023\/03\/Horizontal-Logo-1-e1678482885380.png","width":258,"height":79,"caption":"Indy Parks &amp; Recreation"},"image":{"@id":"https:\/\/parks.indy.gov\/es\/#\/schema\/logo\/image\/"}}]}},"_links":{"self":[{"href":"https:\/\/parks.indy.gov\/es\/wp-json\/wp\/v2\/pages\/26","targetHints":{"allow":["GET"]}}],"collection":[{"href":"https:\/\/parks.indy.gov\/es\/wp-json\/wp\/v2\/pages"}],"about":[{"href":"https:\/\/parks.indy.gov\/es\/wp-json\/wp\/v2\/types\/page"}],"author":[{"embeddable":true,"href":"https:\/\/parks.indy.gov\/es\/wp-json\/wp\/v2\/users\/1"}],"replies":[{"embeddable":true,"href":"https:\/\/parks.indy.gov\/es\/wp-json\/wp\/v2\/comments?post=26"}],"version-history":[{"count":3,"href":"https:\/\/parks.indy.gov\/es\/wp-json\/wp\/v2\/pages\/26\/revisions"}],"predecessor-version":[{"id":4459,"href":"https:\/\/parks.indy.gov\/es\/wp-json\/wp\/v2\/pages\/26\/revisions\/4459"}],"wp:featuredmedia":[{"embeddable":true,"href":"https:\/\/parks.indy.gov\/es\/wp-json\/wp\/v2\/media\/2800"}],"wp:attachment":[{"href":"https:\/\/parks.indy.gov\/es\/wp-json\/wp\/v2\/media?parent=26"}],"curies":[{"name":"gracias","href":"https:\/\/api.w.org\/{rel}","templated":true}]}}