{"id":2744,"date":"2024-02-05T16:58:02","date_gmt":"2024-02-05T16:58:02","guid":{"rendered":"https:\/\/parks.indy.gov\/?page_id=2744"},"modified":"2024-02-16T17:13:32","modified_gmt":"2024-02-16T17:13:32","slug":"subscribe","status":"publish","type":"page","link":"https:\/\/parks.indy.gov\/es\/subscribe\/","title":{"rendered":"Suscr\u00edbete a nuestro bolet\u00edn"},"content":{"rendered":"<form class=\"subscription__form full\" action=\"https:\/\/parks.indy.gov\/es\/subscribe\/\" method=\"post\" data-trp-original-action=\"https:\/\/parks.indy.gov\/es\/subscribe\/\">\n\t\t\t\t\t<label class=\"visually-hidden\" for=\"subscribe-email\">Introduzca su direcci\u00f3n de correo electr\u00f3nico para suscribirse a nuestro bolet\u00edn&quot;<\/label>\n\t\t\t\t\t<input type=\"email\" placeholder=\"Correo electr\u00f3nico\" name=\"email\" value=\"\" required \/>\n\t\t\t\t\t<input type=\"text\" placeholder=\"Nombre de pila\" name=\"first-name\" class=\"small\" value=\"\" required \/>\n\t\t\t\t\t<input type=\"text\" placeholder=\"Apellido\" name=\"last-name\" class=\"small\" value=\"\" required \/>\n\t\t\t\t\t<input type=\"text\" placeholder=\"nombre de empresa\" name=\"company\" class=\"small\" value=\"\" \/>\n\t\t\t\t\t<input type=\"text\" placeholder=\"Direcci\u00f3n 1\" name=\"address-1\" value=\"\" \/>\n\t\t\t\t\t<input type=\"text\" placeholder=\"direcci\u00f3n 2\" name=\"address-2\" value=\"\" \/>\n\t\t\t\t\t<input type=\"text\" placeholder=\"Ciudad\" name=\"city\" class=\"small\" value=\"\" \/>\n\t\t\t\t\t<select name=\"state\" class=\"small\" value=\"\" >\n\t\t\t\t\t\t<option value=\"\">Selecciona un Estado<\/option>\n\t\t\t\t\t\t<option value=\"AL\">Alabama<\/option>\n\t\t\t\t\t\t<option value=\"AK\">Alaska<\/option>\n\t\t\t\t\t\t<option value=\"AS\">Samoa Americana<\/option>\n\t\t\t\t\t\t<option value=\"AZ\">Arizona<\/option>\n\t\t\t\t\t\t<option value=\"AR\">Arkansas<\/option>\n\t\t\t\t\t\t<option value=\"CA\">California<\/option>\n\t\t\t\t\t\t<option value=\"CO\">Colorado<\/option>\n\t\t\t\t\t\t<option value=\"CT\">Connecticut<\/option>\n\t\t\t\t\t\t<option value=\"DE\">Delaware<\/option>\n\t\t\t\t\t\t<option value=\"DC\">Distrito de Columbia<\/option>\n\t\t\t\t\t\t<option value=\"FM\">Estados Federados de Micronesia<\/option>\n\t\t\t\t\t\t<option value=\"FL\">Florida<\/option>\n\t\t\t\t\t\t<option value=\"GA\">Georgia<\/option>\n\t\t\t\t\t\t<option value=\"GU\">Guam<\/option>\n\t\t\t\t\t\t<option value=\"HI\">Hawai<\/option>\n\t\t\t\t\t\t<option value=\"ID\">Idaho<\/option>\n\t\t\t\t\t\t<option value=\"IL\">Illinois<\/option>\n\t\t\t\t\t\t<option value=\"IN\">Indiana<\/option>\n\t\t\t\t\t\t<option value=\"IA\">Iowa<\/option>\n\t\t\t\t\t\t<option value=\"KS\">Kansas<\/option>\n\t\t\t\t\t\t<option value=\"KY\">Kentucky<\/option>\n\t\t\t\t\t\t<option value=\"LA\">Luisiana<\/option>\n\t\t\t\t\t\t<option value=\"ME\">Maine<\/option>\n\t\t\t\t\t\t<option value=\"MH\">Islas Marshall<\/option>\n\t\t\t\t\t\t<option value=\"MD\">Maryland<\/option>\n\t\t\t\t\t\t<option value=\"MA\">Massachusetts<\/option>\n\t\t\t\t\t\t<option value=\"MI\">Michigan<\/option>\n\t\t\t\t\t\t<option value=\"MN\">Minnesota<\/option>\n\t\t\t\t\t\t<option value=\"MS\">Misisip\u00ed<\/option>\n\t\t\t\t\t\t<option value=\"MO\">Misuri<\/option>\n\t\t\t\t\t\t<option value=\"MT\">Montana<\/option>\n\t\t\t\t\t\t<option value=\"NE\">Nebraska<\/option>\n\t\t\t\t\t\t<option value=\"NV\">Nevada<\/option>\n\t\t\t\t\t\t<option value=\"NH\">Nuevo Hampshire<\/option>\n\t\t\t\t\t\t<option value=\"NJ\">New Jersey<\/option>\n\t\t\t\t\t\t<option value=\"NM\">Nuevo Mexico<\/option>\n\t\t\t\t\t\t<option value=\"NY\">Nueva York<\/option>\n\t\t\t\t\t\t<option value=\"NC\">Carolina del Norte<\/option>\n\t\t\t\t\t\t<option value=\"ND\">Dakota del Norte<\/option>\n\t\t\t\t\t\t<option value=\"MP\">Islas Marianas del Norte<\/option>\n\t\t\t\t\t\t<option value=\"OH\">Ohio<\/option>\n\t\t\t\t\t\t<option value=\"OK\">Oklahoma<\/option>\n\t\t\t\t\t\t<option value=\"OR\">Oreg\u00f3n<\/option>\n\t\t\t\t\t\t<option value=\"PW\">Palaos<\/option>\n\t\t\t\t\t\t<option value=\"PA\">Pensilvania<\/option>\n\t\t\t\t\t\t<option value=\"PR\">Puerto Rico<\/option>\n\t\t\t\t\t\t<option value=\"RI\">Rhode Island<\/option>\n\t\t\t\t\t\t<option value=\"SC\">Carolina del Sur<\/option>\n\t\t\t\t\t\t<option value=\"SD\">Dakota del Sur<\/option>\n\t\t\t\t\t\t<option value=\"TN\">Tennesse<\/option>\n\t\t\t\t\t\t<option value=\"TX\">Texas<\/option>\n\t\t\t\t\t\t<option value=\"UT\">Utah<\/option>\n\t\t\t\t\t\t<option value=\"VT\">Vermont<\/option>\n\t\t\t\t\t\t<option value=\"VI\">Islas Virgenes<\/option>\n\t\t\t\t\t\t<option value=\"VA\">Virginia<\/option>\n\t\t\t\t\t\t<option value=\"WA\">Washington<\/option>\n\t\t\t\t\t\t<option value=\"WV\">Virginia del Oeste<\/option>\n\t\t\t\t\t\t<option value=\"WI\">Wisconsin<\/option>\n\t\t\t\t\t\t<option value=\"WY\">Wyoming<\/option>\n\t\t\t\t\t<\/select>\n\t\t\t\t\t<input type=\"text\" placeholder=\"C\u00f3digo postal\" name=\"zipcode\" class=\"small\" value=\"\" \/>\n\t\t\t\t\t<div class=\"wp-block-button is-style-primary\">\n\t\t\t\t\t\t<button class=\"wp-block-button__link\">Suscribir<\/button>\n\t\t\t\t\t<\/div>\n\t\t\t   <input type=\"hidden\" name=\"trp-form-language\" value=\"es\"\/><\/form>","protected":false},"excerpt":{"rendered":"","protected":false},"author":20,"featured_media":2626,"parent":0,"menu_order":0,"comment_status":"closed","ping_status":"closed","template":"","meta":{"_acf_changed":false,"footnotes":""},"class_list":["post-2744","page","type-page","status-publish","has-post-thumbnail","hentry"],"acf":[],"yoast_head":"<!-- This site is optimized with the Yoast SEO plugin v27.3 - https:\/\/yoast.com\/product\/yoast-seo-wordpress\/ -->\n<title>Subscribe to Our Newsletter - Indy Parks &amp; Recreation<\/title>\n<meta name=\"robots\" content=\"index, follow, max-snippet:-1, max-image-preview:large, max-video-preview:-1\" \/>\n<link rel=\"canonical\" href=\"https:\/\/parks.indy.gov\/es\/subscribe\/\" \/>\n<meta property=\"og:locale\" content=\"es_ES\" \/>\n<meta property=\"og:type\" content=\"article\" \/>\n<meta property=\"og:title\" content=\"Subscribe to Our Newsletter - Indy Parks &amp; Recreation\" \/>\n<meta property=\"og:url\" content=\"https:\/\/parks.indy.gov\/es\/subscribe\/\" \/>\n<meta property=\"og:site_name\" content=\"Indy Parks &amp; Recreation\" \/>\n<meta property=\"article:modified_time\" content=\"2024-02-16T17:13:32+00:00\" \/>\n<meta property=\"og:image\" content=\"https:\/\/parks.indy.gov\/wp-content\/uploads\/2023\/03\/Taggart-975x317.png\" \/>\n\t<meta property=\"og:image:width\" content=\"975\" \/>\n\t<meta property=\"og:image:height\" content=\"317\" \/>\n\t<meta property=\"og:image:type\" content=\"image\/png\" \/>\n<meta name=\"twitter:card\" content=\"summary_large_image\" \/>\n<meta name=\"twitter:label1\" content=\"Est. reading time\" \/>\n\t<meta name=\"twitter:data1\" content=\"1 minute\" \/>\n<!-- \/ Yoast SEO plugin. -->","yoast_head_json":{"title":"Subscribe to Our Newsletter - Indy Parks &amp; Recreation","robots":{"index":"index","follow":"follow","max-snippet":"max-snippet:-1","max-image-preview":"max-image-preview:large","max-video-preview":"max-video-preview:-1"},"canonical":"https:\/\/parks.indy.gov\/es\/subscribe\/","og_locale":"es_ES","og_type":"article","og_title":"Subscribe to Our Newsletter - Indy Parks &amp; Recreation","og_url":"https:\/\/parks.indy.gov\/es\/subscribe\/","og_site_name":"Indy Parks &amp; Recreation","article_modified_time":"2024-02-16T17:13:32+00:00","og_image":[{"width":975,"height":317,"url":"https:\/\/parks.indy.gov\/wp-content\/uploads\/2023\/03\/Taggart-975x317.png","type":"image\/png"}],"twitter_card":"summary_large_image","twitter_misc":{"Est. reading time":"1 minute"},"schema":{"@context":"https:\/\/schema.org","@graph":[{"@type":"WebPage","@id":"https:\/\/parks.indy.gov\/subscribe\/","url":"https:\/\/parks.indy.gov\/subscribe\/","name":"Subscribe to Our Newsletter - Indy Parks &amp; Recreation","isPartOf":{"@id":"https:\/\/parks.indy.gov\/#website"},"primaryImageOfPage":{"@id":"https:\/\/parks.indy.gov\/subscribe\/#primaryimage"},"image":{"@id":"https:\/\/parks.indy.gov\/subscribe\/#primaryimage"},"thumbnailUrl":"https:\/\/parks.indy.gov\/wp-content\/uploads\/2023\/03\/Taggart.png","datePublished":"2024-02-05T16:58:02+00:00","dateModified":"2024-02-16T17:13:32+00:00","breadcrumb":{"@id":"https:\/\/parks.indy.gov\/subscribe\/#breadcrumb"},"inLanguage":"es-ES","potentialAction":[{"@type":"ReadAction","target":["https:\/\/parks.indy.gov\/subscribe\/"]}]},{"@type":"ImageObject","inLanguage":"es-ES","@id":"https:\/\/parks.indy.gov\/subscribe\/#primaryimage","url":"https:\/\/parks.indy.gov\/wp-content\/uploads\/2023\/03\/Taggart.png","contentUrl":"https:\/\/parks.indy.gov\/wp-content\/uploads\/2023\/03\/Taggart.png","width":2000,"height":650},{"@type":"BreadcrumbList","@id":"https:\/\/parks.indy.gov\/subscribe\/#breadcrumb","itemListElement":[{"@type":"ListItem","position":1,"name":"Home","item":"https:\/\/parks.indy.gov\/"},{"@type":"ListItem","position":2,"name":"Subscribe to Our Newsletter"}]},{"@type":"WebSite","@id":"https:\/\/parks.indy.gov\/#website","url":"https:\/\/parks.indy.gov\/","name":"Parques y recreaci\u00f3n de Indy","description":"Proporcionando experiencias enriquecedoras para todos.","publisher":{"@id":"https:\/\/parks.indy.gov\/#organization"},"potentialAction":[{"@type":"SearchAction","target":{"@type":"EntryPoint","urlTemplate":"https:\/\/parks.indy.gov\/?s={search_term_string}"},"query-input":{"@type":"PropertyValueSpecification","valueRequired":true,"valueName":"search_term_string"}}],"inLanguage":"es-ES"},{"@type":"Organization","@id":"https:\/\/parks.indy.gov\/#organization","name":"Parques y recreaci\u00f3n de Indy","url":"https:\/\/parks.indy.gov\/","logo":{"@type":"ImageObject","inLanguage":"es-ES","@id":"https:\/\/parks.indy.gov\/#\/schema\/logo\/image\/","url":"https:\/\/parks.indy.gov\/wp-content\/uploads\/2023\/03\/Horizontal-Logo-1-e1678482885380.png","contentUrl":"https:\/\/parks.indy.gov\/wp-content\/uploads\/2023\/03\/Horizontal-Logo-1-e1678482885380.png","width":258,"height":79,"caption":"Indy Parks &amp; Recreation"},"image":{"@id":"https:\/\/parks.indy.gov\/#\/schema\/logo\/image\/"}}]}},"_links":{"self":[{"href":"https:\/\/parks.indy.gov\/es\/wp-json\/wp\/v2\/pages\/2744","targetHints":{"allow":["GET"]}}],"collection":[{"href":"https:\/\/parks.indy.gov\/es\/wp-json\/wp\/v2\/pages"}],"about":[{"href":"https:\/\/parks.indy.gov\/es\/wp-json\/wp\/v2\/types\/page"}],"author":[{"embeddable":true,"href":"https:\/\/parks.indy.gov\/es\/wp-json\/wp\/v2\/users\/20"}],"replies":[{"embeddable":true,"href":"https:\/\/parks.indy.gov\/es\/wp-json\/wp\/v2\/comments?post=2744"}],"version-history":[{"count":3,"href":"https:\/\/parks.indy.gov\/es\/wp-json\/wp\/v2\/pages\/2744\/revisions"}],"predecessor-version":[{"id":2818,"href":"https:\/\/parks.indy.gov\/es\/wp-json\/wp\/v2\/pages\/2744\/revisions\/2818"}],"wp:featuredmedia":[{"embeddable":true,"href":"https:\/\/parks.indy.gov\/es\/wp-json\/wp\/v2\/media\/2626"}],"wp:attachment":[{"href":"https:\/\/parks.indy.gov\/es\/wp-json\/wp\/v2\/media?parent=2744"}],"curies":[{"name":"gracias","href":"https:\/\/api.w.org\/{rel}","templated":true}]}}