{"id":2776,"date":"2024-02-09T14:15:33","date_gmt":"2024-02-09T14:15:33","guid":{"rendered":"https:\/\/parks.indy.gov\/?page_id=2776"},"modified":"2024-02-28T21:21:10","modified_gmt":"2024-02-28T21:21:10","slug":"comprehensive-master-plan","status":"publish","type":"page","link":"https:\/\/parks.indy.gov\/es\/about-us\/comprehensive-master-plan\/","title":{"rendered":"Plan Maestro Integral"},"content":{"rendered":"<p>Indy Parks present\u00f3 un plan maestro integral a principios de 2017. En 2023, se finaliz\u00f3 la Actualizaci\u00f3n del Plan Maestro Integral de 5 a\u00f1os. <\/p>\n\n\n\n<ul class=\"wp-block-list\">\n<li><a href=\"https:\/\/parks.indy.gov\/wp-content\/uploads\/2024\/02\/COMPRESSED-INDY-PARKS-FINAL-COMP-PLAN-2023.pdf\">Plan Maestro Integral 2023 <\/a>\n<ul class=\"wp-block-list\">\n<li><a href=\"https:\/\/parks.indy.gov\/wp-content\/uploads\/2024\/02\/COMPRESSED-APPENDICES-Indy-Parks-Comprehensive-Master-Plan-2023.pdf\">Ap\u00e9ndices del Plan Maestro Integral 2023<\/a><\/li>\n<\/ul>\n<\/li>\n\n\n\n<li><a href=\"https:\/\/parks.indy.gov\/wp-content\/uploads\/2024\/02\/COMPRESSED-INDY-PARKS-EXEC-SUMMARY-2023.pdf\">Resumen ejecutivo del Plan Maestro Integral 2023<\/a>\n<ul class=\"wp-block-list\">\n<li><a href=\"https:\/\/parks.indy.gov\/wp-content\/uploads\/2024\/02\/INDY-PARKS-EXEC-SUMMARY-Burmese.pdf\">Resumen ejecutivo del Plan Maestro Integral 2023 En birmano <\/a><\/li>\n\n\n\n<li><a href=\"https:\/\/parks.indy.gov\/wp-content\/uploads\/2024\/02\/INDY-PARKS-EXEC-SUMMARY_HT.pdf\">Resumen ejecutivo del Plan Maestro Integral 2023 en criollo haitiano <\/a><\/li>\n\n\n\n<li><a href=\"https:\/\/parks.indy.gov\/wp-content\/uploads\/2024\/02\/INDY-PARKS-EXEC-SUMMARY-Mandrin-compressed.pdf\">Resumen ejecutivo del Plan Maestro Integral 2023 en mandar\u00edn<\/a><\/li>\n\n\n\n<li><a href=\"https:\/\/parks.indy.gov\/wp-content\/uploads\/2024\/02\/INDY-PARKS-EXEC-SUMMARY_Spanish.pdf\">Resumen Ejecutivo del Plan Maestro Integral 2023 en espa\u00f1ol <\/a><\/li>\n\n\n\n<li><a href=\"https:\/\/parks.indy.gov\/wp-content\/uploads\/2024\/02\/INDY-PARKS-EXEC-SUMMARY-Viteamnease.pdf\">Resumen ejecutivo del Plan Maestro Integral 2023 En vietnamita<\/a><\/li>\n<\/ul>\n<\/li>\n<\/ul>","protected":false},"excerpt":{"rendered":"","protected":false},"author":11,"featured_media":2786,"parent":26,"menu_order":6,"comment_status":"closed","ping_status":"closed","template":"","meta":{"_acf_changed":false,"footnotes":""},"class_list":["post-2776","page","type-page","status-publish","has-post-thumbnail","hentry"],"acf":[],"yoast_head":"<!-- This site is optimized with the Yoast SEO plugin v27.1.1 - https:\/\/yoast.com\/product\/yoast-seo-wordpress\/ -->\n<title>Comprehensive Master Plan - Indy Parks &amp; Recreation<\/title>\n<meta name=\"robots\" content=\"index, follow, max-snippet:-1, max-image-preview:large, max-video-preview:-1\" \/>\n<link rel=\"canonical\" href=\"https:\/\/parks.indy.gov\/es\/about-us\/comprehensive-master-plan\/\" \/>\n<meta property=\"og:locale\" content=\"es_ES\" \/>\n<meta property=\"og:type\" content=\"article\" \/>\n<meta property=\"og:title\" content=\"Comprehensive Master Plan - Indy Parks &amp; Recreation\" \/>\n<meta property=\"og:url\" content=\"https:\/\/parks.indy.gov\/es\/about-us\/comprehensive-master-plan\/\" \/>\n<meta property=\"og:site_name\" content=\"Indy Parks &amp; Recreation\" \/>\n<meta property=\"article:modified_time\" content=\"2024-02-28T21:21:10+00:00\" \/>\n<meta property=\"og:image\" content=\"https:\/\/parks.indy.gov\/wp-content\/uploads\/2024\/02\/HERO-Highland-1.png\" \/>\n\t<meta property=\"og:image:width\" content=\"2000\" \/>\n\t<meta property=\"og:image:height\" content=\"650\" \/>\n\t<meta property=\"og:image:type\" content=\"image\/png\" \/>\n<meta name=\"twitter:card\" content=\"summary_large_image\" \/>\n<meta name=\"twitter:label1\" content=\"Est. reading time\" \/>\n\t<meta name=\"twitter:data1\" content=\"1 minute\" \/>\n<!-- \/ Yoast SEO plugin. -->","yoast_head_json":{"title":"Comprehensive Master Plan - Indy Parks &amp; Recreation","robots":{"index":"index","follow":"follow","max-snippet":"max-snippet:-1","max-image-preview":"max-image-preview:large","max-video-preview":"max-video-preview:-1"},"canonical":"https:\/\/parks.indy.gov\/es\/about-us\/comprehensive-master-plan\/","og_locale":"es_ES","og_type":"article","og_title":"Comprehensive Master Plan - Indy Parks &amp; Recreation","og_url":"https:\/\/parks.indy.gov\/es\/about-us\/comprehensive-master-plan\/","og_site_name":"Indy Parks &amp; Recreation","article_modified_time":"2024-02-28T21:21:10+00:00","og_image":[{"width":2000,"height":650,"url":"https:\/\/parks.indy.gov\/wp-content\/uploads\/2024\/02\/HERO-Highland-1.png","type":"image\/png"}],"twitter_card":"summary_large_image","twitter_misc":{"Est. reading time":"1 minute"},"schema":{"@context":"https:\/\/schema.org","@graph":[{"@type":"WebPage","@id":"https:\/\/parks.indy.gov\/es\/about-us\/comprehensive-master-plan\/","url":"https:\/\/parks.indy.gov\/es\/about-us\/comprehensive-master-plan\/","name":"Comprehensive Master Plan - Indy Parks &amp; Recreation","isPartOf":{"@id":"https:\/\/parks.indy.gov\/es\/#website"},"primaryImageOfPage":{"@id":"https:\/\/parks.indy.gov\/es\/about-us\/comprehensive-master-plan\/#primaryimage"},"image":{"@id":"https:\/\/parks.indy.gov\/es\/about-us\/comprehensive-master-plan\/#primaryimage"},"thumbnailUrl":"https:\/\/parks.indy.gov\/wp-content\/uploads\/2024\/02\/HERO-Highland-1.png","datePublished":"2024-02-09T14:15:33+00:00","dateModified":"2024-02-28T21:21:10+00:00","breadcrumb":{"@id":"https:\/\/parks.indy.gov\/es\/about-us\/comprehensive-master-plan\/#breadcrumb"},"inLanguage":"es-ES","potentialAction":[{"@type":"ReadAction","target":["https:\/\/parks.indy.gov\/es\/about-us\/comprehensive-master-plan\/"]}]},{"@type":"ImageObject","inLanguage":"es-ES","@id":"https:\/\/parks.indy.gov\/es\/about-us\/comprehensive-master-plan\/#primaryimage","url":"https:\/\/parks.indy.gov\/wp-content\/uploads\/2024\/02\/HERO-Highland-1.png","contentUrl":"https:\/\/parks.indy.gov\/wp-content\/uploads\/2024\/02\/HERO-Highland-1.png","width":2000,"height":650},{"@type":"BreadcrumbList","@id":"https:\/\/parks.indy.gov\/es\/about-us\/comprehensive-master-plan\/#breadcrumb","itemListElement":[{"@type":"ListItem","position":1,"name":"Home","item":"https:\/\/parks.indy.gov\/"},{"@type":"ListItem","position":2,"name":"About Us","item":"https:\/\/parks.indy.gov\/about-us\/"},{"@type":"ListItem","position":3,"name":"Comprehensive Master Plan"}]},{"@type":"WebSite","@id":"https:\/\/parks.indy.gov\/es\/#website","url":"https:\/\/parks.indy.gov\/es\/","name":"Parques y recreaci\u00f3n de Indy","description":"Proporcionando experiencias enriquecedoras para todos.","publisher":{"@id":"https:\/\/parks.indy.gov\/es\/#organization"},"potentialAction":[{"@type":"SearchAction","target":{"@type":"EntryPoint","urlTemplate":"https:\/\/parks.indy.gov\/es\/?s={search_term_string}"},"query-input":{"@type":"PropertyValueSpecification","valueRequired":true,"valueName":"search_term_string"}}],"inLanguage":"es-ES"},{"@type":"Organization","@id":"https:\/\/parks.indy.gov\/es\/#organization","name":"Parques y recreaci\u00f3n de Indy","url":"https:\/\/parks.indy.gov\/es\/","logo":{"@type":"ImageObject","inLanguage":"es-ES","@id":"https:\/\/parks.indy.gov\/es\/#\/schema\/logo\/image\/","url":"https:\/\/parks.indy.gov\/wp-content\/uploads\/2023\/03\/Horizontal-Logo-1-e1678482885380.png","contentUrl":"https:\/\/parks.indy.gov\/wp-content\/uploads\/2023\/03\/Horizontal-Logo-1-e1678482885380.png","width":258,"height":79,"caption":"Indy Parks &amp; Recreation"},"image":{"@id":"https:\/\/parks.indy.gov\/es\/#\/schema\/logo\/image\/"}}]}},"_links":{"self":[{"href":"https:\/\/parks.indy.gov\/es\/wp-json\/wp\/v2\/pages\/2776","targetHints":{"allow":["GET"]}}],"collection":[{"href":"https:\/\/parks.indy.gov\/es\/wp-json\/wp\/v2\/pages"}],"about":[{"href":"https:\/\/parks.indy.gov\/es\/wp-json\/wp\/v2\/types\/page"}],"author":[{"embeddable":true,"href":"https:\/\/parks.indy.gov\/es\/wp-json\/wp\/v2\/users\/11"}],"replies":[{"embeddable":true,"href":"https:\/\/parks.indy.gov\/es\/wp-json\/wp\/v2\/comments?post=2776"}],"version-history":[{"count":2,"href":"https:\/\/parks.indy.gov\/es\/wp-json\/wp\/v2\/pages\/2776\/revisions"}],"predecessor-version":[{"id":2892,"href":"https:\/\/parks.indy.gov\/es\/wp-json\/wp\/v2\/pages\/2776\/revisions\/2892"}],"up":[{"embeddable":true,"href":"https:\/\/parks.indy.gov\/es\/wp-json\/wp\/v2\/pages\/26"}],"wp:featuredmedia":[{"embeddable":true,"href":"https:\/\/parks.indy.gov\/es\/wp-json\/wp\/v2\/media\/2786"}],"wp:attachment":[{"href":"https:\/\/parks.indy.gov\/es\/wp-json\/wp\/v2\/media?parent=2776"}],"curies":[{"name":"gracias","href":"https:\/\/api.w.org\/{rel}","templated":true}]}}