{"id":2834,"date":"2024-02-20T15:46:06","date_gmt":"2024-02-20T15:46:06","guid":{"rendered":"https:\/\/parks.indy.gov\/?page_id=2834"},"modified":"2024-04-04T18:09:25","modified_gmt":"2024-04-04T18:09:25","slug":"a-total-eclipse-of-the-parks","status":"publish","type":"page","link":"https:\/\/parks.indy.gov\/es\/a-total-eclipse-of-the-parks\/","title":{"rendered":"Un eclipse total de los parques"},"content":{"rendered":"<h2 class=\"wp-block-heading\">Acerca del eclipse en Indy Parks<\/h2>\n\n\n\n<p><strong>Un eclipse total de los parques presentado por AES Indiana<\/strong><\/p>\n\n\n\n<p>\u00a1El 8 de abril de 2024, a las 3:06 p.m., Indian\u00e1polis estar\u00e1 en el camino de la totalidad para un eclipse solar total! \u00a1Eso significa que veremos el eclipse total durante m\u00e1s de 3 minutos! \u00bfQu\u00e9 mejor manera de experimentar este evento \u00fanico en la vida que al aire libre en tu Indy Park favorito? <\/p>\n\n\n\n<p>Si bien las 216 ubicaciones de Indy Parks permanecer\u00e1n abiertas al p\u00fablico el 8 de abril, 12 parques servir\u00e1n como sitios destacados de observaci\u00f3n de eclipses. Se requiere inscripci\u00f3n previa para estos 12 sitios ya que el estacionamiento es limitado. Se proporcionar\u00e1n gafas para eclipses solares a los inscritos hasta agotar existencias. Traiga sus sillas, mantas, prepare un picnic y planee quedarse un rato antes y despu\u00e9s de la totalidad. <\/p>\n\n\n\n<p>\u00a1Encuentra tu lugar favorito en el parque y disfruta del espect\u00e1culo!<\/p>\n\n\n\n<p>\u00bfBuscas manualidades divertidas para hacer con tus peque\u00f1os durante el eclipse? Vea algunos videos realizados por el personal de Eagle Creek Park. <a href=\"https:\/\/www.youtube.com\/playlist?list=PLN-JNLIFS0csC2ZA5kk32a0uZqWT7Timr\">aqu\u00ed.<\/a><\/p>\n\n\n\n<div class=\"wp-block-buttons is-layout-flex wp-block-buttons-is-layout-flex\">\n<div class=\"wp-block-button\"><a class=\"wp-block-button__link wp-element-button\" href=\"https:\/\/anc.apm.activecommunities.com\/indyparks\/activity\/search?onlineSiteId=0&amp;activity_select_param=2&amp;activity_keyword=eclipse&amp;viewMode=list\">Encuentre una ubicaci\u00f3n y reg\u00edstrese<\/a><\/div>\n<\/div>\n\n\n\n<hr class=\"wp-block-separator has-alpha-channel-opacity\"\/>\n\n\n\n<p><\/p>\n\n\n\n<p><\/p>\n\n\n\n<h2 class=\"wp-block-heading\">Preguntas comunes:<\/h2>\n\n\n\n<div class=\"wp-block-f1-block-library-accordion accordion js-accordion\" data-allow-multiple=\"true\" data-allow-toggle=\"false\">\n<div class=\"wp-block-f1-block-library-accordion-item accordion__item\" id=\"accordion-item-050eb46d-d57e-4d26-9bd0-c7578c1f9602\"><h3 class=\"accordion__heading\"><button class=\"accordion__toggle js-accordion-toggle\" id=\"accordion-item-050eb46d-d57e-4d26-9bd0-c7578c1f9602-button\" aria-controls=\"accordion-item-050eb46d-d57e-4d26-9bd0-c7578c1f9602-drawer\" aria-expanded=\"false\"><span>Reservas<\/span><span class=\"accordion__icon\" ><\/span><\/button><\/h3><div class=\"accordion__drawer\" id=\"accordion-item-050eb46d-d57e-4d26-9bd0-c7578c1f9602-drawer\" aria-labelledby=\"accordion-item-050eb46d-d57e-4d26-9bd0-c7578c1f9602-button\" ><div class=\"accordion__drawer-inner\">\n<p><strong>\u00bfC\u00f3mo puedo observar el eclipse en un sitio de observaci\u00f3n de Indy Parks?<\/strong><\/p>\n\n\n\n<p>Se requieren reservaciones para un pase de un d\u00eda de eclipse, y cada veh\u00edculo que ingresa al parque necesita una reserva por separado. Hay doce sitios de vigilancia designados en Indy Parks: Eagle Creek, Garfield, Riverside, Brookside, Christian, Holliday, Indianapolis World Sports Park, Krannert, Perry, Southeastway, Thatcher y Washington Park.<\/p>\n\n\n\n<p><strong>\u00bfCu\u00e1ndo puedo empezar a hacer reservas de pases de un d\u00eda para el eclipse?<\/strong><\/p>\n\n\n\n<p>Las reservas de pases diarios se abren el 8 de marzo de 2024 y se pueden hacer en l\u00ednea en www.indyparks.org o llamando al Servicio al Cliente de Indy Parks al (317) 327-7275.<\/p>\n\n\n\n<p><strong>\u00bfCu\u00e1ntas reservas puedo hacer?<\/strong><\/p>\n\n\n\n<p>Puedes realizar reservas de hasta 4 veh\u00edculos por cuenta.<\/p>\n\n\n\n<p><strong>\u00bfHay alg\u00fan cargo por hacer reservas?<\/strong><\/p>\n\n\n\n<p>Eagle Creek Park es el \u00fanico sitio de observaci\u00f3n con tarifa, donde la reserva incluye el pago por adelantado de la entrada a la puerta $6 por veh\u00edculo. Todas las dem\u00e1s reservas de sitios de observaci\u00f3n son gratuitas.<\/p>\n\n\n\n<p><strong>\u00bfMi pase anual para el parque Eagle Creek servir\u00e1 como reserva?<\/strong><\/p>\n\n\n\n<p>Su pase anual no garantiza la entrada al parque el 8 de abril. A\u00fan se requieren reservaciones. Comun\u00edquese con el Servicio al cliente de Indy Parks al (317) 327-7275 o Eagle Creek Park al (317) 327-7110 si tiene preguntas.<\/p>\n\n\n\n<p><strong>\u00bfPuedo hacer una reserva para un grupo grande como un grupo escolar o una tropa Scout?<\/strong><\/p>\n\n\n\n<p>No se permite la entrada de autobuses a los sitios de vigilancia designados. Cada reserva es v\u00e1lida para un veh\u00edculo que cabe en una plaza de aparcamiento de tama\u00f1o est\u00e1ndar. Para garantizar la equidad para todos, le pedimos que se comunique con el Servicio de atenci\u00f3n al cliente de Indy Parks para conocer ubicaciones de visualizaci\u00f3n alternativas para grupos grandes.<\/p>\n\n\n\n<p><strong>\u00bfPodr\u00e9 salir del parque y volver a entrar con mi reserva?<\/strong><\/p>\n\n\n\n<p>S\u00ed, puedes salir del parque en cualquier momento. Sin embargo, no hay garant\u00eda de que pueda volver a ingresar de manera oportuna. La puerta de entrada al parque Eagle Creek Park cierra todas las noches a las 8 p.m.<\/p>\n\n\n\n<p><strong>He hecho una reserva, pero mis planes han cambiado. \u00bfC\u00f3mo puedo cancelar? \u00bfRecibir\u00e9 un reembolso? \u00bfPuedo transferir mi reserva a un amigo?<\/strong><\/p>\n\n\n\n<p>Para cancelar su reserva, llame al servicio de atenci\u00f3n al cliente de Indy Parks. Sin embargo, no habr\u00e1 reembolsos por la tarifa $6 para una reserva en Eagle Creek Park. S\u00ed, puedes transferir tu reserva a un amigo, pero este debe poder proporcionar el nombre del registrante original.<\/p>\n\n\n\n<p><strong>\u00bfD\u00f3nde puedo conseguir gafas para eclipses solares?<\/strong> Se proporcionar\u00e1n anteojos para eclipses solares al momento del check-in en el sitio de observaci\u00f3n designado, hasta agotar existencias. Tenga en cuenta que, dado que las reservas se realizan por veh\u00edculo y no por persona, los anteojos se proporcionan en funci\u00f3n de una estimaci\u00f3n de cuatro personas por veh\u00edculo, lo que permite cierta flexibilidad para acomodar a todos.<\/p>\n\n\n\n<p><\/p>\n<\/div><\/div><\/div>\n\n\n\n<div class=\"wp-block-f1-block-library-accordion-item accordion__item\" id=\"accordion-item-c09531ac-aac3-4ad8-aa96-db9be38353a5\"><h3 class=\"accordion__heading\"><button class=\"accordion__toggle js-accordion-toggle\" id=\"accordion-item-c09531ac-aac3-4ad8-aa96-db9be38353a5-button\" aria-controls=\"accordion-item-c09531ac-aac3-4ad8-aa96-db9be38353a5-drawer\" aria-expanded=\"false\"><span>Acceso y Aparcamiento<\/span><span class=\"accordion__icon\" ><\/span><\/button><\/h3><div class=\"accordion__drawer\" id=\"accordion-item-c09531ac-aac3-4ad8-aa96-db9be38353a5-drawer\" aria-labelledby=\"accordion-item-c09531ac-aac3-4ad8-aa96-db9be38353a5-button\" ><div class=\"accordion__drawer-inner\">\n<p><strong>\u00bfA qu\u00e9 hora debo llegar al parque si tengo reservas?<\/strong><\/p>\n\n\n\n<p>Recomendamos llegar temprano para tener en cuenta la posible congesti\u00f3n del tr\u00e1fico. Para acelerar el proceso de entrada, tenga la confirmaci\u00f3n de su reserva impresa o disponible en su tel\u00e9fono a su llegada.<\/p>\n\n\n\n<p><strong>He reservado un pase de un d\u00eda para un veh\u00edculo, pero ahora quiero llevar dos coches con el mismo n\u00famero de personas. \u00bfEst\u00e1 esto permitido?<\/strong><\/p>\n\n\n\n<p>No, cada veh\u00edculo debe tener su propia reserva de pase de un d\u00eda. Una vez que se agoten todos los pases de un d\u00eda, no tendremos espacio para veh\u00edculos adicionales. Al segundo coche se le negar\u00e1 la entrada.<\/p>\n\n\n\n<p><strong>\u00bfMe pueden dejar o andar en bicicleta para ver el eclipse?<\/strong><\/p>\n\n\n\n<p>Se permite la entrada de peatones, pero s\u00f3lo las personas registradas recibir\u00e1n gafas gratuitas para el eclipse solar.<\/p>\n\n\n\n<p><strong>\u00bfSe permiten autobuses o veh\u00edculos recreativos en el parque el 8 de abril?<\/strong><\/p>\n\n\n\n<p>Lamentablemente, no se permiten autobuses ni veh\u00edculos recreativos en el parque. Comun\u00edquese con el Servicio de atenci\u00f3n al cliente de Indy Parks para obtener informaci\u00f3n sobre ubicaciones alternativas de parques para ver el eclipse.<\/p>\n\n\n\n<p><strong>No tengo reserva. \u00bfD\u00f3nde m\u00e1s puedo observar el eclipse?<\/strong><\/p>\n\n\n\n<p>Para obtener m\u00e1s informaci\u00f3n sobre otras ubicaciones de Indy Parks, visite www.indyparks.gov o comun\u00edquese con el Servicio al cliente de Indy Parks al (317) 327-7275.<\/p>\n\n\n\n<div class=\"wp-block-f1-block-library-accordion accordion js-accordion\" data-allow-multiple=\"false\" data-allow-toggle=\"true\"><\/div>\n\n\n\n<p><\/p>\n\n\n\n<div class=\"wp-block-f1-block-library-accordion accordion js-accordion\" data-allow-multiple=\"false\" data-allow-toggle=\"true\"><\/div>\n\n\n\n<div class=\"wp-block-f1-block-library-accordion accordion js-accordion\" data-allow-multiple=\"false\" data-allow-toggle=\"true\"><\/div>\n<\/div><\/div><\/div>\n<\/div>\n\n\n\n<div class=\"wp-block-f1-block-library-accordion accordion js-accordion\" data-allow-multiple=\"false\" data-allow-toggle=\"true\">\n\n<div class=\"wp-block-f1-block-library-accordion-item accordion__item\" id=\"accordion-item-ab1d0e59-fe2a-4009-9537-6a644b8f65bc\"><h3 class=\"accordion__heading\"><button class=\"accordion__toggle js-accordion-toggle\" id=\"accordion-item-ab1d0e59-fe2a-4009-9537-6a644b8f65bc-button\" aria-controls=\"accordion-item-ab1d0e59-fe2a-4009-9537-6a644b8f65bc-drawer\" aria-expanded=\"false\"><span>D\u00eda del eclipse<\/span><span class=\"accordion__icon\" ><\/span><\/button><\/h3><div class=\"accordion__drawer\" id=\"accordion-item-ab1d0e59-fe2a-4009-9537-6a644b8f65bc-drawer\" aria-labelledby=\"accordion-item-ab1d0e59-fe2a-4009-9537-6a644b8f65bc-button\" ><div class=\"accordion__drawer-inner\">\n\n<p><strong>\u00bfPuedo hacer un picnic o una barbacoa?<\/strong><\/p>\n\n\n<p>Mesas de picnic y parrillas est\u00e1n disponibles en algunos de los sitios del parque por orden de llegada. Considere traer su propia mesa, sillas o manta. Si trae su propia parrilla, col\u00f3quela sobre asfalto para evitar da\u00f1os al c\u00e9sped o la acera. Tenga en cuenta que no se permite el alcohol en las instalaciones del parque.<\/p>\n\n\n<p><strong>\u00bfPuedo comprar comida?<\/strong><\/p>\n\n\n<p>No se ofrecer\u00e1n concesiones de alimentos, as\u00ed que traiga sus propios refrigerios y bebidas. Si bien nuestro objetivo es tener todos los bebederos en servicio, no podemos garantizar su disponibilidad.<\/p>\n\n\n<p><strong>\u00bfHay instalaciones sanitarias?<\/strong><\/p>\n\n\n<p>Habr\u00e1 ba\u00f1os disponibles en los doce sitios de vigilancia, incluidos inodoros con cisterna y ba\u00f1os port\u00e1tiles. Verifique el horario de atenci\u00f3n de los ba\u00f1os en su sitio de vigilancia reservado.<\/p>\n\n\n<p><strong>\u00bfPuedo reproducir m\u00fasica?<\/strong><\/p>\n\n\n<p>No se permite m\u00fasica amplificada en las zonas p\u00fablicas. Sin embargo, si est\u00e1 separado de los dem\u00e1s y puede reproducir m\u00fasica a un volumen que no moleste a los dem\u00e1s, es aceptable.<\/p>\n\n\n<p><strong>\u00bfHabr\u00e1 gafas para eclipses solares disponibles en el parque?<\/strong><\/p>\n\n\n<p>Las gafas para eclipses solares se proporcionar\u00e1n por orden de llegada a las personas registradas.<\/p>\n\n\n<p><strong>\u00bfPuedo volar un dron dentro del parque si tengo un permiso de la FFA?<\/strong><\/p>\n\n\n<p>El uso de drones est\u00e1 prohibido en el parque en todo momento.<\/p>\n\n\n<p><strong>\u00bfPuedo traer a mi perro?<\/strong><\/p>\n\n\n<p>Puedes traer a tu perro mientras lo mantienes con una correa de 6 pies y limpias sus desechos. Aseg\u00farese de que su mascota no quede desatendida. Traiga los art\u00edculos necesarios para su perro en caso de que su visita se extienda debido a la congesti\u00f3n del tr\u00e1fico.<\/p>\n\n\n<p><strong>\u00bfHabr\u00e1 alg\u00fan programa educativo?<\/strong><\/p>\n\n\n<p>Algunos sitios pueden ofrecer programas de edici\u00f3n de eclipse \u201cArtes para todos\u201d durante la semana previa al eclipse. Consulte nuestro sitio de registro, www.indyparks.org, para obtener actualizaciones.<\/p>\n\n\n<p><strong>\u00bfPuedo aparcar en el c\u00e9sped si no hay plazas de aparcamiento disponibles?<\/strong><\/p>\n\n\n<p>No, estacionar sobre el c\u00e9sped est\u00e1 estrictamente prohibido y puede resultar en una multa de estacionamiento o incluso en una gr\u00faa. Los sitios de vigilancia se seleccionaron en funci\u00f3n de su capacidad de estacionamiento y las reservas se alinean con la cantidad de espacios de estacionamiento disponibles.<\/p>\n\n\n<p><\/p>\n\n<\/div><\/div><\/div>\n\n<\/div>\n\n\n\n<div class=\"wp-block-f1-block-library-accordion accordion js-accordion\" data-allow-multiple=\"true\" data-allow-toggle=\"true\">\n<div class=\"wp-block-f1-block-library-accordion-item accordion__item\" id=\"accordion-item-df2d3199-e851-40c5-bcc0-3f942a692934\"><h3 class=\"accordion__heading\"><button class=\"accordion__toggle js-accordion-toggle\" id=\"accordion-item-df2d3199-e851-40c5-bcc0-3f942a692934-button\" aria-controls=\"accordion-item-df2d3199-e851-40c5-bcc0-3f942a692934-drawer\" aria-expanded=\"false\"><span>Preguntas espec\u00edficas sobre Eagle Creek Park<\/span><span class=\"accordion__icon\" ><\/span><\/button><\/h3><div class=\"accordion__drawer\" id=\"accordion-item-df2d3199-e851-40c5-bcc0-3f942a692934-drawer\" aria-labelledby=\"accordion-item-df2d3199-e851-40c5-bcc0-3f942a692934-button\" ><div class=\"accordion__drawer-inner\">\n<p><strong>\u00bfPuedo ver el eclipse desde el agua?<\/strong><\/p>\n\n\n\n<p>El alquiler de embarcaciones no estar\u00e1 disponible el d\u00eda del eclipse. Si ha hecho una reserva para uno de los lugares designados con acceso de lanzamiento, como Earth Discovery Center, Marina o la playa, puede traer su propia canoa, kayak o tabla de remo. La rampa para botes de Dandy Trail tambi\u00e9n permite el acceso por orden de llegada, con una tarifa de entrada a la rampa para botes $10.<\/p>\n\n\n\n<p><strong>\u00bfPuedo ver el eclipse desde \u00e1reas fuera de los sitios de observaci\u00f3n designados en Eagle Creek?<\/strong><\/p>\n\n\n\n<p>Se requiere reservaci\u00f3n para ubicaciones designadas, como el \u00e1rea del parque principal a trav\u00e9s de la puerta de entrada 56 y la puerta de entrada 71, as\u00ed como Eagle&#039;s Crest en el lado oeste del parque. La tarifa para estas ubicaciones es de $6 por veh\u00edculo, pagadera al momento de la reserva.<\/p>\n\n\n\n<p>Las ubicaciones no designadas est\u00e1n disponibles por orden de llegada, incluido el mirador para osos ($6), el santuario natural Starling ($6), la rampa para botes Dandy Trail (42nd St.) ($10), el jard\u00edn del alcalde y el parque para perros (se requiere un pase de miembro para perros para ingresar). Los anteojos para eclipses solares no est\u00e1n disponibles en estos sitios no designados.<\/p>\n\n\n\n<p><strong>\u00bfPuedo aparcar en el c\u00e9sped si no hay plazas de aparcamiento disponibles?<\/strong><\/p>\n\n\n\n<p>No, no se permite estacionar sobre el c\u00e9sped y puede resultar en una multa de estacionamiento o incluso en una gr\u00faa. Los sitios de vigilancia se seleccionaron en funci\u00f3n de su capacidad de estacionamiento y las reservas se alinean con la cantidad de espacios de estacionamiento disponibles.<\/p>\n\n\n\n<p><strong>\u00bfPuedo entrar al parque caminando o en bicicleta?<\/strong><\/p>\n\n\n\n<p>Los peatones pueden entrar sin reservas, ya que s\u00f3lo la entrada de veh\u00edculos requiere reserva. Normalmente, los peatones deben pagar una tarifa de admisi\u00f3n $1, pero esta tarifa no se aplicar\u00e1 el 8 de abril. Sin embargo, tenga en cuenta que las gafas para eclipses solares solo se proporcionar\u00e1n a personas con reserva.<\/p>\n\n\n\n<p><strong>\u00bfTengo que quedarme en la zona donde estacion\u00e9?<\/strong><\/p>\n\n\n\n<p>No, una vez que te hayas registrado con el personal y hayas encontrado un lugar para estacionar, podr\u00e1s explorar el parque a pie para encontrar tu lugar preferido para observar el eclipse.<\/p>\n\n\n\n<p><strong>\u00bfPuedo reservar una casa de acogida?<\/strong><\/p>\n\n\n\n<p>S\u00ed, puedes reservar una casa de refugio, pero todos los miembros de tu grupo a\u00fan deben hacer reservaciones para ingresar al parque el 8 de abril. Un representante de su grupo debe llegar al refugio antes de las 10:00 am y tener una copia impresa del contrato de alquiler del refugio. Las reservas de refugio para el eclipse deben hacerse por tel\u00e9fono o en persona, ya que el alquiler de refugios en l\u00ednea no est\u00e1 disponible. Para reservar un refugio en Eagle Creek Park, llame o visite la oficina del parque al (317) 327-7110 ext. 5, ubicado en 7840 W 56th St.<\/p>\n<\/div><\/div><\/div>\n<\/div>\n\n\n\n<p><\/p>\n\n\n\n<hr class=\"wp-block-separator has-alpha-channel-opacity\"\/>\n\n\n\n<h2 class=\"wp-block-heading\">Ubicaciones destacadas de Indy Parks<\/h2>\n\n\n\n<p><strong>NORTE<\/strong><\/p>\n\n\n\n<ul class=\"wp-block-list\">\n<li><a href=\"https:\/\/parks.indy.gov\/es\/parks\/washington-park\/\">Parque Washington<\/a><\/li>\n\n\n\n<li><a href=\"https:\/\/parks.indy.gov\/es\/parks\/holliday-park\/\">parque de vacaciones<\/a><\/li>\n<\/ul>\n\n\n\n<p><strong>ESTE<\/strong><\/p>\n\n\n\n<ul class=\"wp-block-list\">\n<li><a href=\"https:\/\/parks.indy.gov\/es\/parks\/indianapolis-world-sports-park\/\">Parque deportivo mundial de Indian\u00e1polis<\/a><\/li>\n\n\n\n<li><a href=\"https:\/\/parks.indy.gov\/es\/parks\/southeastway-park\/\">parque del sureste<\/a><\/li>\n\n\n\n<li><a href=\"https:\/\/parks.indy.gov\/es\/parks\/brookside-park\/\">parque brookside<\/a><\/li>\n<\/ul>\n\n\n\n<p><strong>CENTRO<\/strong><\/p>\n\n\n\n<ul class=\"wp-block-list\">\n<li><a href=\"https:\/\/parks.indy.gov\/es\/parks\/christian-park\/\">parque cristiano<\/a><\/li>\n<\/ul>\n\n\n\n<p><strong><a href=\"https:\/\/parks.indy.gov\/es\/parks\/eagle-creek-park\/\">ARROYO DEL \u00c1GUILA<\/a><\/strong><\/p>\n\n\n\n<p><strong><a href=\"https:\/\/parks.indy.gov\/es\/parks\/garfield-park\/\">GARFIELD<\/a><\/strong><\/p>\n\n\n\n<p><strong><a href=\"https:\/\/parks.indy.gov\/es\/parks\/riverside-regional-park\/\">ORILLA<\/a><\/strong><\/p>\n\n\n\n<ul class=\"wp-block-list\">\n<li>Cerca del Centro Familiar y Taggart Memorial en Riverside Park<\/li>\n<\/ul>\n\n\n\n<p><strong>SUR OESTE<\/strong><\/p>\n\n\n\n<ul class=\"wp-block-list\">\n<li><a href=\"https:\/\/parks.indy.gov\/es\/parks\/krannert-park\/\">Parque Krannert<\/a><\/li>\n\n\n\n<li><a href=\"https:\/\/parks.indy.gov\/es\/parks\/perry-park\/\">parque perry<\/a><\/li>\n\n\n\n<li><a href=\"https:\/\/parks.indy.gov\/es\/parks\/thatcher-park\/\">Parque Thatcher<\/a><\/li>\n<\/ul>","protected":false},"excerpt":{"rendered":"","protected":false},"author":19,"featured_media":2835,"parent":0,"menu_order":0,"comment_status":"closed","ping_status":"closed","template":"","meta":{"_acf_changed":false,"footnotes":""},"class_list":["post-2834","page","type-page","status-publish","has-post-thumbnail","hentry"],"acf":[],"yoast_head":"<!-- This site is optimized with the Yoast SEO plugin v27.3 - https:\/\/yoast.com\/product\/yoast-seo-wordpress\/ -->\n<title>A Total Eclipse of the Parks - Indy Parks &amp; Recreation<\/title>\n<meta name=\"robots\" content=\"index, follow, max-snippet:-1, max-image-preview:large, max-video-preview:-1\" \/>\n<link rel=\"canonical\" href=\"https:\/\/parks.indy.gov\/es\/a-total-eclipse-of-the-parks\/\" \/>\n<meta property=\"og:locale\" content=\"es_ES\" \/>\n<meta property=\"og:type\" content=\"article\" \/>\n<meta property=\"og:title\" content=\"A Total Eclipse of the Parks - Indy Parks &amp; Recreation\" \/>\n<meta property=\"og:url\" content=\"https:\/\/parks.indy.gov\/es\/a-total-eclipse-of-the-parks\/\" \/>\n<meta property=\"og:site_name\" content=\"Indy Parks &amp; Recreation\" \/>\n<meta property=\"article:modified_time\" content=\"2024-04-04T18:09:25+00:00\" \/>\n<meta property=\"og:image\" content=\"https:\/\/parks.indy.gov\/wp-content\/uploads\/2024\/02\/Eclipse-1.png\" \/>\n\t<meta property=\"og:image:width\" content=\"2000\" \/>\n\t<meta property=\"og:image:height\" content=\"650\" \/>\n\t<meta property=\"og:image:type\" content=\"image\/png\" \/>\n<meta name=\"twitter:card\" content=\"summary_large_image\" \/>\n<meta name=\"twitter:label1\" content=\"Est. reading time\" \/>\n\t<meta name=\"twitter:data1\" content=\"8 minutes\" \/>\n<!-- \/ Yoast SEO plugin. -->","yoast_head_json":{"title":"A Total Eclipse of the Parks - Indy Parks &amp; Recreation","robots":{"index":"index","follow":"follow","max-snippet":"max-snippet:-1","max-image-preview":"max-image-preview:large","max-video-preview":"max-video-preview:-1"},"canonical":"https:\/\/parks.indy.gov\/es\/a-total-eclipse-of-the-parks\/","og_locale":"es_ES","og_type":"article","og_title":"A Total Eclipse of the Parks - Indy Parks &amp; Recreation","og_url":"https:\/\/parks.indy.gov\/es\/a-total-eclipse-of-the-parks\/","og_site_name":"Indy Parks &amp; Recreation","article_modified_time":"2024-04-04T18:09:25+00:00","og_image":[{"width":2000,"height":650,"url":"https:\/\/parks.indy.gov\/wp-content\/uploads\/2024\/02\/Eclipse-1.png","type":"image\/png"}],"twitter_card":"summary_large_image","twitter_misc":{"Est. reading time":"8 minutes"},"schema":{"@context":"https:\/\/schema.org","@graph":[{"@type":"WebPage","@id":"https:\/\/parks.indy.gov\/es\/a-total-eclipse-of-the-parks\/","url":"https:\/\/parks.indy.gov\/es\/a-total-eclipse-of-the-parks\/","name":"A Total Eclipse of the Parks - Indy Parks &amp; Recreation","isPartOf":{"@id":"https:\/\/parks.indy.gov\/#website"},"primaryImageOfPage":{"@id":"https:\/\/parks.indy.gov\/es\/a-total-eclipse-of-the-parks\/#primaryimage"},"image":{"@id":"https:\/\/parks.indy.gov\/es\/a-total-eclipse-of-the-parks\/#primaryimage"},"thumbnailUrl":"https:\/\/parks.indy.gov\/wp-content\/uploads\/2024\/02\/Eclipse-1.png","datePublished":"2024-02-20T15:46:06+00:00","dateModified":"2024-04-04T18:09:25+00:00","breadcrumb":{"@id":"https:\/\/parks.indy.gov\/es\/a-total-eclipse-of-the-parks\/#breadcrumb"},"inLanguage":"es-ES","potentialAction":[{"@type":"ReadAction","target":["https:\/\/parks.indy.gov\/es\/a-total-eclipse-of-the-parks\/"]}]},{"@type":"ImageObject","inLanguage":"es-ES","@id":"https:\/\/parks.indy.gov\/es\/a-total-eclipse-of-the-parks\/#primaryimage","url":"https:\/\/parks.indy.gov\/wp-content\/uploads\/2024\/02\/Eclipse-1.png","contentUrl":"https:\/\/parks.indy.gov\/wp-content\/uploads\/2024\/02\/Eclipse-1.png","width":2000,"height":650},{"@type":"BreadcrumbList","@id":"https:\/\/parks.indy.gov\/es\/a-total-eclipse-of-the-parks\/#breadcrumb","itemListElement":[{"@type":"ListItem","position":1,"name":"Home","item":"https:\/\/parks.indy.gov\/"},{"@type":"ListItem","position":2,"name":"A Total Eclipse of the Parks"}]},{"@type":"WebSite","@id":"https:\/\/parks.indy.gov\/#website","url":"https:\/\/parks.indy.gov\/","name":"Parques y recreaci\u00f3n de Indy","description":"Proporcionando experiencias enriquecedoras para todos.","publisher":{"@id":"https:\/\/parks.indy.gov\/#organization"},"potentialAction":[{"@type":"SearchAction","target":{"@type":"EntryPoint","urlTemplate":"https:\/\/parks.indy.gov\/?s={search_term_string}"},"query-input":{"@type":"PropertyValueSpecification","valueRequired":true,"valueName":"search_term_string"}}],"inLanguage":"es-ES"},{"@type":"Organization","@id":"https:\/\/parks.indy.gov\/#organization","name":"Parques y recreaci\u00f3n de Indy","url":"https:\/\/parks.indy.gov\/","logo":{"@type":"ImageObject","inLanguage":"es-ES","@id":"https:\/\/parks.indy.gov\/#\/schema\/logo\/image\/","url":"https:\/\/parks.indy.gov\/wp-content\/uploads\/2023\/03\/Horizontal-Logo-1-e1678482885380.png","contentUrl":"https:\/\/parks.indy.gov\/wp-content\/uploads\/2023\/03\/Horizontal-Logo-1-e1678482885380.png","width":258,"height":79,"caption":"Indy Parks &amp; Recreation"},"image":{"@id":"https:\/\/parks.indy.gov\/#\/schema\/logo\/image\/"}}]}},"_links":{"self":[{"href":"https:\/\/parks.indy.gov\/es\/wp-json\/wp\/v2\/pages\/2834","targetHints":{"allow":["GET"]}}],"collection":[{"href":"https:\/\/parks.indy.gov\/es\/wp-json\/wp\/v2\/pages"}],"about":[{"href":"https:\/\/parks.indy.gov\/es\/wp-json\/wp\/v2\/types\/page"}],"author":[{"embeddable":true,"href":"https:\/\/parks.indy.gov\/es\/wp-json\/wp\/v2\/users\/19"}],"replies":[{"embeddable":true,"href":"https:\/\/parks.indy.gov\/es\/wp-json\/wp\/v2\/comments?post=2834"}],"version-history":[{"count":2,"href":"https:\/\/parks.indy.gov\/es\/wp-json\/wp\/v2\/pages\/2834\/revisions"}],"predecessor-version":[{"id":3137,"href":"https:\/\/parks.indy.gov\/es\/wp-json\/wp\/v2\/pages\/2834\/revisions\/3137"}],"wp:featuredmedia":[{"embeddable":true,"href":"https:\/\/parks.indy.gov\/es\/wp-json\/wp\/v2\/media\/2835"}],"wp:attachment":[{"href":"https:\/\/parks.indy.gov\/es\/wp-json\/wp\/v2\/media?parent=2834"}],"curies":[{"name":"gracias","href":"https:\/\/api.w.org\/{rel}","templated":true}]}}