{"id":2948,"date":"2024-03-11T13:28:10","date_gmt":"2024-03-11T13:28:10","guid":{"rendered":"https:\/\/parks.indy.gov\/?page_id=2948"},"modified":"2025-10-06T21:07:40","modified_gmt":"2025-10-06T21:07:40","slug":"americorps-program","status":"publish","type":"page","link":"https:\/\/parks.indy.gov\/es\/americorps-program\/","title":{"rendered":"Programa AmeriCorps"},"content":{"rendered":"<p>Tenga en cuenta que actualmente no tenemos vacantes para miembros. Para m\u00e1s informaci\u00f3n, contacte con Bryce Patz en Bryce.Patz@indy.gov. <\/p>\n\n\n\n<h2 class=\"wp-block-heading\">Programa AmeriCorps de Indy Parks<\/h2>\n\n\n\n<p>El Departamento de Parques y Recreaci\u00f3n de Indy ofrece parques, espacios verdes, senderos y oportunidades recreativas para los residentes y visitantes del condado de Marion. La agencia cuenta con 218 parques, 11,258 acres de espacios verdes, 132 \u00e1reas de juegos infantiles, 155 campos deportivos, 153 millas de senderos, 23 centros recreativos y naturales, 19 centros acu\u00e1ticos, 21 \u00e1reas de riego, 13 campos de golf y cuatro parques para perros.<\/p>\n\n\n\n<p>Como miembro del programa AmeriCorps de Indy Parks, ser\u00e1s parte de un equipo de personas que quieren marcar una diferencia en nuestra comunidad al apoyar la gesti\u00f3n de espacios verdes y reducir la brecha natural en el condado de Marion. Los impactos de la renovaci\u00f3n urbana han afectado el bienestar de los residentes de Indian\u00e1polis, lo que limita el acceso a los espacios verdes p\u00fablicos.<\/p>\n\n\n\n\t<div  class=\"gallery__block alignfull\">\n\t<div class=\"gallery\">\n\t\t\t\t\t<a class=\"gallery__link\"\n\t\t\t\thref=\"https:\/\/parks.indy.gov\/wp-content\/uploads\/2024\/08\/PXL_20240726_135219957-1-scaled.jpg\"\n\t\t\t\tdata-gallery=\"gallery-9185\"\n\t\t\t\tdata-description=\"\"\n\t\t\t\taria-label=\"\"\n\t\t\t>\n\t\t\t\t<img decoding=\"async\" width=\"569\" height=\"320\" src=\"https:\/\/parks.indy.gov\/wp-content\/uploads\/2024\/08\/PXL_20240726_135219957-1-569x320.jpg\" class=\"gallery__item\" alt=\"\" srcset=\"https:\/\/parks.indy.gov\/wp-content\/uploads\/2024\/08\/PXL_20240726_135219957-1-569x320.jpg 569w, https:\/\/parks.indy.gov\/wp-content\/uploads\/2024\/08\/PXL_20240726_135219957-1-500x281.jpg 500w, https:\/\/parks.indy.gov\/wp-content\/uploads\/2024\/08\/PXL_20240726_135219957-1-975x548.jpg 975w, https:\/\/parks.indy.gov\/wp-content\/uploads\/2024\/08\/PXL_20240726_135219957-1-768x432.jpg 768w, https:\/\/parks.indy.gov\/wp-content\/uploads\/2024\/08\/PXL_20240726_135219957-1-1536x864.jpg 1536w, https:\/\/parks.indy.gov\/wp-content\/uploads\/2024\/08\/PXL_20240726_135219957-1-2048x1152.jpg 2048w, https:\/\/parks.indy.gov\/wp-content\/uploads\/2024\/08\/PXL_20240726_135219957-1-18x10.jpg 18w, https:\/\/parks.indy.gov\/wp-content\/uploads\/2024\/08\/PXL_20240726_135219957-1-1440x810.jpg 1440w, https:\/\/parks.indy.gov\/wp-content\/uploads\/2024\/08\/PXL_20240726_135219957-1-420x236.jpg 420w\" sizes=\"(max-width: 569px) 100vw, 569px\" \/>\t\t\t<\/a>\n\t\t\t\t\t<a class=\"gallery__link\"\n\t\t\t\thref=\"https:\/\/parks.indy.gov\/wp-content\/uploads\/2024\/12\/AC-2-scaled.jpg\"\n\t\t\t\tdata-gallery=\"gallery-9185\"\n\t\t\t\tdata-description=\"\"\n\t\t\t\taria-label=\"\"\n\t\t\t>\n\t\t\t\t<img decoding=\"async\" width=\"569\" height=\"320\" src=\"https:\/\/parks.indy.gov\/wp-content\/uploads\/2024\/12\/AC-2-569x320.jpg\" class=\"gallery__item\" alt=\"\" srcset=\"https:\/\/parks.indy.gov\/wp-content\/uploads\/2024\/12\/AC-2-569x320.jpg 569w, https:\/\/parks.indy.gov\/wp-content\/uploads\/2024\/12\/AC-2-500x281.jpg 500w, https:\/\/parks.indy.gov\/wp-content\/uploads\/2024\/12\/AC-2-975x548.jpg 975w, https:\/\/parks.indy.gov\/wp-content\/uploads\/2024\/12\/AC-2-768x432.jpg 768w, https:\/\/parks.indy.gov\/wp-content\/uploads\/2024\/12\/AC-2-1536x864.jpg 1536w, https:\/\/parks.indy.gov\/wp-content\/uploads\/2024\/12\/AC-2-2048x1152.jpg 2048w, https:\/\/parks.indy.gov\/wp-content\/uploads\/2024\/12\/AC-2-18x10.jpg 18w, https:\/\/parks.indy.gov\/wp-content\/uploads\/2024\/12\/AC-2-1440x810.jpg 1440w, https:\/\/parks.indy.gov\/wp-content\/uploads\/2024\/12\/AC-2-420x236.jpg 420w\" sizes=\"(max-width: 569px) 100vw, 569px\" \/>\t\t\t<\/a>\n\t\t\t\t\t<a class=\"gallery__link\"\n\t\t\t\thref=\"https:\/\/parks.indy.gov\/wp-content\/uploads\/2024\/12\/AC-3-scaled.jpg\"\n\t\t\t\tdata-gallery=\"gallery-9185\"\n\t\t\t\tdata-description=\"\"\n\t\t\t\taria-label=\"\"\n\t\t\t>\n\t\t\t\t<img decoding=\"async\" width=\"569\" height=\"320\" src=\"https:\/\/parks.indy.gov\/wp-content\/uploads\/2024\/12\/AC-3-569x320.jpg\" class=\"gallery__item\" alt=\"\" srcset=\"https:\/\/parks.indy.gov\/wp-content\/uploads\/2024\/12\/AC-3-569x320.jpg 569w, https:\/\/parks.indy.gov\/wp-content\/uploads\/2024\/12\/AC-3-500x281.jpg 500w, https:\/\/parks.indy.gov\/wp-content\/uploads\/2024\/12\/AC-3-975x548.jpg 975w, https:\/\/parks.indy.gov\/wp-content\/uploads\/2024\/12\/AC-3-768x432.jpg 768w, https:\/\/parks.indy.gov\/wp-content\/uploads\/2024\/12\/AC-3-1536x864.jpg 1536w, https:\/\/parks.indy.gov\/wp-content\/uploads\/2024\/12\/AC-3-2048x1152.jpg 2048w, https:\/\/parks.indy.gov\/wp-content\/uploads\/2024\/12\/AC-3-18x10.jpg 18w, https:\/\/parks.indy.gov\/wp-content\/uploads\/2024\/12\/AC-3-1440x810.jpg 1440w, https:\/\/parks.indy.gov\/wp-content\/uploads\/2024\/12\/AC-3-420x236.jpg 420w\" sizes=\"(max-width: 569px) 100vw, 569px\" \/>\t\t\t<\/a>\n\t\t\t\t\t<a class=\"gallery__link\"\n\t\t\t\thref=\"https:\/\/parks.indy.gov\/wp-content\/uploads\/2024\/12\/AC-4-scaled.jpg\"\n\t\t\t\tdata-gallery=\"gallery-9185\"\n\t\t\t\tdata-description=\"\"\n\t\t\t\taria-label=\"\"\n\t\t\t>\n\t\t\t\t<img decoding=\"async\" width=\"569\" height=\"320\" src=\"https:\/\/parks.indy.gov\/wp-content\/uploads\/2024\/12\/AC-4-569x320.jpg\" class=\"gallery__item\" alt=\"\" srcset=\"https:\/\/parks.indy.gov\/wp-content\/uploads\/2024\/12\/AC-4-569x320.jpg 569w, https:\/\/parks.indy.gov\/wp-content\/uploads\/2024\/12\/AC-4-500x281.jpg 500w, https:\/\/parks.indy.gov\/wp-content\/uploads\/2024\/12\/AC-4-975x548.jpg 975w, https:\/\/parks.indy.gov\/wp-content\/uploads\/2024\/12\/AC-4-768x432.jpg 768w, https:\/\/parks.indy.gov\/wp-content\/uploads\/2024\/12\/AC-4-1536x864.jpg 1536w, https:\/\/parks.indy.gov\/wp-content\/uploads\/2024\/12\/AC-4-2048x1152.jpg 2048w, https:\/\/parks.indy.gov\/wp-content\/uploads\/2024\/12\/AC-4-18x10.jpg 18w, https:\/\/parks.indy.gov\/wp-content\/uploads\/2024\/12\/AC-4-1440x810.jpg 1440w, https:\/\/parks.indy.gov\/wp-content\/uploads\/2024\/12\/AC-4-420x236.jpg 420w\" sizes=\"(max-width: 569px) 100vw, 569px\" \/>\t\t\t<\/a>\n\t\t\t\t\t<a class=\"gallery__link\"\n\t\t\t\thref=\"https:\/\/parks.indy.gov\/wp-content\/uploads\/2024\/12\/AC-6-scaled.jpg\"\n\t\t\t\tdata-gallery=\"gallery-9185\"\n\t\t\t\tdata-description=\"\"\n\t\t\t\taria-label=\"\"\n\t\t\t>\n\t\t\t\t<img decoding=\"async\" width=\"569\" height=\"320\" src=\"https:\/\/parks.indy.gov\/wp-content\/uploads\/2024\/12\/AC-6-569x320.jpg\" class=\"gallery__item\" alt=\"\" srcset=\"https:\/\/parks.indy.gov\/wp-content\/uploads\/2024\/12\/AC-6-569x320.jpg 569w, https:\/\/parks.indy.gov\/wp-content\/uploads\/2024\/12\/AC-6-500x281.jpg 500w, https:\/\/parks.indy.gov\/wp-content\/uploads\/2024\/12\/AC-6-975x548.jpg 975w, https:\/\/parks.indy.gov\/wp-content\/uploads\/2024\/12\/AC-6-768x432.jpg 768w, https:\/\/parks.indy.gov\/wp-content\/uploads\/2024\/12\/AC-6-1536x864.jpg 1536w, https:\/\/parks.indy.gov\/wp-content\/uploads\/2024\/12\/AC-6-2048x1152.jpg 2048w, https:\/\/parks.indy.gov\/wp-content\/uploads\/2024\/12\/AC-6-18x10.jpg 18w, https:\/\/parks.indy.gov\/wp-content\/uploads\/2024\/12\/AC-6-1440x810.jpg 1440w, https:\/\/parks.indy.gov\/wp-content\/uploads\/2024\/12\/AC-6-420x236.jpg 420w\" sizes=\"(max-width: 569px) 100vw, 569px\" \/>\t\t\t<\/a>\n\t\t\t\t\t<a class=\"gallery__link\"\n\t\t\t\thref=\"https:\/\/parks.indy.gov\/wp-content\/uploads\/2024\/12\/AC-7-scaled.jpg\"\n\t\t\t\tdata-gallery=\"gallery-9185\"\n\t\t\t\tdata-description=\"\"\n\t\t\t\taria-label=\"\"\n\t\t\t>\n\t\t\t\t<img decoding=\"async\" width=\"569\" height=\"320\" src=\"https:\/\/parks.indy.gov\/wp-content\/uploads\/2024\/12\/AC-7-569x320.jpg\" class=\"gallery__item\" alt=\"\" srcset=\"https:\/\/parks.indy.gov\/wp-content\/uploads\/2024\/12\/AC-7-569x320.jpg 569w, https:\/\/parks.indy.gov\/wp-content\/uploads\/2024\/12\/AC-7-500x281.jpg 500w, https:\/\/parks.indy.gov\/wp-content\/uploads\/2024\/12\/AC-7-975x548.jpg 975w, https:\/\/parks.indy.gov\/wp-content\/uploads\/2024\/12\/AC-7-768x432.jpg 768w, https:\/\/parks.indy.gov\/wp-content\/uploads\/2024\/12\/AC-7-1536x864.jpg 1536w, https:\/\/parks.indy.gov\/wp-content\/uploads\/2024\/12\/AC-7-2048x1152.jpg 2048w, https:\/\/parks.indy.gov\/wp-content\/uploads\/2024\/12\/AC-7-18x10.jpg 18w, https:\/\/parks.indy.gov\/wp-content\/uploads\/2024\/12\/AC-7-1440x810.jpg 1440w, https:\/\/parks.indy.gov\/wp-content\/uploads\/2024\/12\/AC-7-420x236.jpg 420w\" sizes=\"(max-width: 569px) 100vw, 569px\" \/>\t\t\t<\/a>\n\t\t\t\t\t<a class=\"gallery__link\"\n\t\t\t\thref=\"https:\/\/parks.indy.gov\/wp-content\/uploads\/2024\/12\/AC-1-scaled.jpg\"\n\t\t\t\tdata-gallery=\"gallery-9185\"\n\t\t\t\tdata-description=\"\"\n\t\t\t\taria-label=\"\"\n\t\t\t>\n\t\t\t\t<img decoding=\"async\" width=\"569\" height=\"320\" src=\"https:\/\/parks.indy.gov\/wp-content\/uploads\/2024\/12\/AC-1-569x320.jpg\" class=\"gallery__item\" alt=\"\" srcset=\"https:\/\/parks.indy.gov\/wp-content\/uploads\/2024\/12\/AC-1-569x320.jpg 569w, https:\/\/parks.indy.gov\/wp-content\/uploads\/2024\/12\/AC-1-500x281.jpg 500w, https:\/\/parks.indy.gov\/wp-content\/uploads\/2024\/12\/AC-1-975x548.jpg 975w, https:\/\/parks.indy.gov\/wp-content\/uploads\/2024\/12\/AC-1-768x432.jpg 768w, https:\/\/parks.indy.gov\/wp-content\/uploads\/2024\/12\/AC-1-1536x864.jpg 1536w, https:\/\/parks.indy.gov\/wp-content\/uploads\/2024\/12\/AC-1-2048x1152.jpg 2048w, https:\/\/parks.indy.gov\/wp-content\/uploads\/2024\/12\/AC-1-18x10.jpg 18w, https:\/\/parks.indy.gov\/wp-content\/uploads\/2024\/12\/AC-1-1440x810.jpg 1440w, https:\/\/parks.indy.gov\/wp-content\/uploads\/2024\/12\/AC-1-420x236.jpg 420w\" sizes=\"(max-width: 569px) 100vw, 569px\" \/>\t\t\t<\/a>\n\t\t\t<\/div>\n\t<div class=\"gallery__controls tns__controls\">\n\t\t<button class=\"category-slider__prev\">\n\t\t\t<span class=\"u-visually-hidden\">Anterior<\/span>\n\t\t<\/button>\n\t\t<button class=\"category-slider__next\">\n\t\t\t<span class=\"u-visually-hidden\">Pr\u00f3ximo<\/span>\n\t\t<\/button>\n\t<\/div>\n<\/div>\n\t\n\n\n<p>Otras \u00e1reas que los miembros apoyar\u00e1n incluyen:<\/p>\n\n\n\n<ul class=\"wp-block-list\">\n<li>Proyectos de embellecimiento de parques.<\/li>\n\n\n\n<li>Apoyar proyectos de voluntariado comunitario\/corporativo.<\/li>\n\n\n\n<li>Mantenimiento de senderos de apoyo<\/li>\n\n\n\n<li>Mapeo y eliminaci\u00f3n de especies invasoras<\/li>\n\n\n\n<li>Programas de educaci\u00f3n ambiental para todas las edades.<\/li>\n\n\n\n<li>Apoyar las iniciativas de programaci\u00f3n de parques.<\/li>\n<\/ul>\n\n\n\n<p id=\"americorps\">Al trabajar junto con el personal de Indy Park, los miembros se beneficiar\u00e1n de adquirir experiencia de campo esencial, prestar servicios en un sistema de parques complejo y adquirir experiencia en el gobierno municipal. \u00a1\u00danase a nosotros para generar un impacto duradero!<\/p>\n\n\n\n<figure class=\"wp-block-image size-large is-resized\"><img decoding=\"async\" width=\"975\" height=\"221\" src=\"https:\/\/parks.indy.gov\/wp-content\/uploads\/2024\/07\/AmeriCorps_Main-logo_Navy-975x221.jpg\" alt=\"\" class=\"wp-image-3656\" style=\"width:487px;height:auto\" srcset=\"https:\/\/parks.indy.gov\/wp-content\/uploads\/2024\/07\/AmeriCorps_Main-logo_Navy-975x221.jpg 975w, https:\/\/parks.indy.gov\/wp-content\/uploads\/2024\/07\/AmeriCorps_Main-logo_Navy-500x113.jpg 500w, https:\/\/parks.indy.gov\/wp-content\/uploads\/2024\/07\/AmeriCorps_Main-logo_Navy-768x174.jpg 768w, https:\/\/parks.indy.gov\/wp-content\/uploads\/2024\/07\/AmeriCorps_Main-logo_Navy-1536x348.jpg 1536w, https:\/\/parks.indy.gov\/wp-content\/uploads\/2024\/07\/AmeriCorps_Main-logo_Navy-2048x463.jpg 2048w, https:\/\/parks.indy.gov\/wp-content\/uploads\/2024\/07\/AmeriCorps_Main-logo_Navy-18x4.jpg 18w, https:\/\/parks.indy.gov\/wp-content\/uploads\/2024\/07\/AmeriCorps_Main-logo_Navy-1440x326.jpg 1440w, https:\/\/parks.indy.gov\/wp-content\/uploads\/2024\/07\/AmeriCorps_Main-logo_Navy-1414x320.jpg 1414w, https:\/\/parks.indy.gov\/wp-content\/uploads\/2024\/07\/AmeriCorps_Main-logo_Navy-420x95.jpg 420w\" sizes=\"(max-width: 975px) 100vw, 975px\" \/><\/figure>\n\n\n\n<h2 class=\"wp-block-heading\">\u00bfPor qu\u00e9 servir con Indy Parks?<\/h2>\n\n\n\n<figure class=\"wp-block-image alignwide size-large\"><img decoding=\"async\" width=\"975\" height=\"601\" src=\"https:\/\/parks.indy.gov\/wp-content\/uploads\/2024\/08\/PXL_20240724_150038967.MP-1-2-1-975x601.jpg\" alt=\"\" class=\"wp-image-3711\" srcset=\"https:\/\/parks.indy.gov\/wp-content\/uploads\/2024\/08\/PXL_20240724_150038967.MP-1-2-1-975x601.jpg 975w, https:\/\/parks.indy.gov\/wp-content\/uploads\/2024\/08\/PXL_20240724_150038967.MP-1-2-1-500x308.jpg 500w, https:\/\/parks.indy.gov\/wp-content\/uploads\/2024\/08\/PXL_20240724_150038967.MP-1-2-1-768x474.jpg 768w, https:\/\/parks.indy.gov\/wp-content\/uploads\/2024\/08\/PXL_20240724_150038967.MP-1-2-1-1536x947.jpg 1536w, https:\/\/parks.indy.gov\/wp-content\/uploads\/2024\/08\/PXL_20240724_150038967.MP-1-2-1-2048x1263.jpg 2048w, https:\/\/parks.indy.gov\/wp-content\/uploads\/2024\/08\/PXL_20240724_150038967.MP-1-2-1-18x12.jpg 18w, https:\/\/parks.indy.gov\/wp-content\/uploads\/2024\/08\/PXL_20240724_150038967.MP-1-2-1-1440x888.jpg 1440w, https:\/\/parks.indy.gov\/wp-content\/uploads\/2024\/08\/PXL_20240724_150038967.MP-1-2-1-519x320.jpg 519w, https:\/\/parks.indy.gov\/wp-content\/uploads\/2024\/08\/PXL_20240724_150038967.MP-1-2-1-420x259.jpg 420w\" sizes=\"(max-width: 975px) 100vw, 975px\" \/><\/figure>\n\n\n\n<p>Los miembros tendr\u00e1n acceso a capacitaciones gratuitas, desarrollo de habilidades pr\u00e1cticas y una comprensi\u00f3n m\u00e1s profunda de los parques y la recreaci\u00f3n en un entorno gubernamental. Servir con nosotros es una oportunidad para retribuir y fortalecer nuestra comunidad. Nuestro programa le proporciona:<\/p>\n\n\n\n<ul class=\"wp-block-list\">\n<li>Habilidades de liderazgo<\/li>\n\n\n\n<li>Participaci\u00f3n comunitaria a trav\u00e9s de programaci\u00f3n educativa.<\/li>\n\n\n\n<li>Proyectos pr\u00e1cticos y capacitaciones.<\/li>\n\n\n\n<li>Habilidades de horticultura y gesti\u00f3n de la tierra.<\/li>\n\n\n\n<li>estipendio de vida<\/li>\n\n\n\n<li>Acceso a cuidado infantil y\/o beneficios de salud (solo para colocaciones de 10 meses)<\/li>\n\n\n\n<li>Premio educativo de AmeriCorps al finalizar el per\u00edodo de servicio<\/li>\n\n\n\n<li>\u00danase a una red nacional de antiguos alumnos<\/li>\n\n\n\n<li>Ventaja competitiva en su b\u00fasqueda de carrera<\/li>\n<\/ul>","protected":false},"excerpt":{"rendered":"","protected":false},"author":20,"featured_media":3708,"parent":0,"menu_order":0,"comment_status":"closed","ping_status":"closed","template":"","meta":{"_acf_changed":false,"footnotes":""},"class_list":["post-2948","page","type-page","status-publish","has-post-thumbnail","hentry"],"acf":[],"yoast_head":"<!-- This site is optimized with the Yoast SEO plugin v27.2 - https:\/\/yoast.com\/product\/yoast-seo-wordpress\/ -->\n<title>AmeriCorps Program - Indy Parks &amp; Recreation<\/title>\n<meta name=\"description\" content=\"As a member of the Indy Parks AmeriCorps program, you&#039;ll be a part of a team of individuals who want to make a difference in our community by supporting greenspace stewardship and narrowing the Nature Gap within Marion County - the racial and economic disparities that affect the well-being of communities of color by limiting access to public greenspaces.\" \/>\n<meta name=\"robots\" content=\"index, follow, max-snippet:-1, max-image-preview:large, max-video-preview:-1\" \/>\n<link rel=\"canonical\" href=\"https:\/\/parks.indy.gov\/es\/americorps-program\/\" \/>\n<meta property=\"og:locale\" content=\"es_ES\" \/>\n<meta property=\"og:type\" content=\"article\" \/>\n<meta property=\"og:title\" content=\"AmeriCorps Program - Indy Parks &amp; Recreation\" \/>\n<meta property=\"og:description\" content=\"As a member of the Indy Parks AmeriCorps program, you&#039;ll be a part of a team of individuals who want to make a difference in our community by supporting greenspace stewardship and narrowing the Nature Gap within Marion County - the racial and economic disparities that affect the well-being of communities of color by limiting access to public greenspaces.\" \/>\n<meta property=\"og:url\" content=\"https:\/\/parks.indy.gov\/es\/americorps-program\/\" \/>\n<meta property=\"og:site_name\" content=\"Indy Parks &amp; Recreation\" \/>\n<meta property=\"article:modified_time\" content=\"2025-10-06T21:07:40+00:00\" \/>\n<meta property=\"og:image\" content=\"https:\/\/parks.indy.gov\/wp-content\/uploads\/2024\/08\/HERO-Website-Images-975x317.png\" \/>\n\t<meta property=\"og:image:width\" content=\"975\" \/>\n\t<meta property=\"og:image:height\" content=\"317\" \/>\n\t<meta property=\"og:image:type\" content=\"image\/png\" \/>\n<meta name=\"twitter:card\" content=\"summary_large_image\" \/>\n<meta name=\"twitter:label1\" content=\"Est. reading time\" \/>\n\t<meta name=\"twitter:data1\" content=\"4 minutes\" \/>\n<!-- \/ Yoast SEO plugin. -->","yoast_head_json":{"title":"Programa AmeriCorps - Parques y Recreaci\u00f3n de Indy","description":"Como miembro del programa AmeriCorps de Indy Parks, ser\u00e1s parte de un equipo de personas que quieren hacer una diferencia en nuestra comunidad apoyando la administraci\u00f3n de los espacios verdes y reduciendo la brecha natural dentro del condado de Marion: las disparidades raciales y econ\u00f3micas que afectan el bienestar de las comunidades de color al limitar el acceso a los espacios verdes p\u00fablicos.","robots":{"index":"index","follow":"follow","max-snippet":"max-snippet:-1","max-image-preview":"max-image-preview:large","max-video-preview":"max-video-preview:-1"},"canonical":"https:\/\/parks.indy.gov\/es\/americorps-program\/","og_locale":"es_ES","og_type":"article","og_title":"AmeriCorps Program - Indy Parks &amp; Recreation","og_description":"As a member of the Indy Parks AmeriCorps program, you'll be a part of a team of individuals who want to make a difference in our community by supporting greenspace stewardship and narrowing the Nature Gap within Marion County - the racial and economic disparities that affect the well-being of communities of color by limiting access to public greenspaces.","og_url":"https:\/\/parks.indy.gov\/es\/americorps-program\/","og_site_name":"Indy Parks &amp; Recreation","article_modified_time":"2025-10-06T21:07:40+00:00","og_image":[{"width":975,"height":317,"url":"https:\/\/parks.indy.gov\/wp-content\/uploads\/2024\/08\/HERO-Website-Images-975x317.png","type":"image\/png"}],"twitter_card":"summary_large_image","twitter_misc":{"Est. reading time":"4 minutes"},"schema":{"@context":"https:\/\/schema.org","@graph":[{"@type":"WebPage","@id":"https:\/\/parks.indy.gov\/es\/americorps-program\/","url":"https:\/\/parks.indy.gov\/es\/americorps-program\/","name":"Programa AmeriCorps - Parques y Recreaci\u00f3n de Indy","isPartOf":{"@id":"https:\/\/parks.indy.gov\/#website"},"primaryImageOfPage":{"@id":"https:\/\/parks.indy.gov\/es\/americorps-program\/#primaryimage"},"image":{"@id":"https:\/\/parks.indy.gov\/es\/americorps-program\/#primaryimage"},"thumbnailUrl":"https:\/\/parks.indy.gov\/wp-content\/uploads\/2024\/08\/HERO-Website-Images.png","datePublished":"2024-03-11T13:28:10+00:00","dateModified":"2025-10-06T21:07:40+00:00","description":"Como miembro del programa AmeriCorps de Indy Parks, ser\u00e1s parte de un equipo de personas que quieren hacer una diferencia en nuestra comunidad apoyando la administraci\u00f3n de los espacios verdes y reduciendo la brecha natural dentro del condado de Marion: las disparidades raciales y econ\u00f3micas que afectan el bienestar de las comunidades de color al limitar el acceso a los espacios verdes p\u00fablicos.","breadcrumb":{"@id":"https:\/\/parks.indy.gov\/es\/americorps-program\/#breadcrumb"},"inLanguage":"es-ES","potentialAction":[{"@type":"ReadAction","target":["https:\/\/parks.indy.gov\/es\/americorps-program\/"]}]},{"@type":"ImageObject","inLanguage":"es-ES","@id":"https:\/\/parks.indy.gov\/es\/americorps-program\/#primaryimage","url":"https:\/\/parks.indy.gov\/wp-content\/uploads\/2024\/08\/HERO-Website-Images.png","contentUrl":"https:\/\/parks.indy.gov\/wp-content\/uploads\/2024\/08\/HERO-Website-Images.png","width":2000,"height":650},{"@type":"BreadcrumbList","@id":"https:\/\/parks.indy.gov\/es\/americorps-program\/#breadcrumb","itemListElement":[{"@type":"ListItem","position":1,"name":"Home","item":"https:\/\/parks.indy.gov\/es\/"},{"@type":"ListItem","position":2,"name":"AmeriCorps Program"}]},{"@type":"WebSite","@id":"https:\/\/parks.indy.gov\/#website","url":"https:\/\/parks.indy.gov\/","name":"Parques y recreaci\u00f3n de Indy","description":"Proporcionando experiencias enriquecedoras para todos.","publisher":{"@id":"https:\/\/parks.indy.gov\/#organization"},"potentialAction":[{"@type":"SearchAction","target":{"@type":"EntryPoint","urlTemplate":"https:\/\/parks.indy.gov\/?s={search_term_string}"},"query-input":{"@type":"PropertyValueSpecification","valueRequired":true,"valueName":"search_term_string"}}],"inLanguage":"es-ES"},{"@type":"Organization","@id":"https:\/\/parks.indy.gov\/#organization","name":"Parques y recreaci\u00f3n de Indy","url":"https:\/\/parks.indy.gov\/","logo":{"@type":"ImageObject","inLanguage":"es-ES","@id":"https:\/\/parks.indy.gov\/#\/schema\/logo\/image\/","url":"https:\/\/parks.indy.gov\/wp-content\/uploads\/2023\/03\/Horizontal-Logo-1-e1678482885380.png","contentUrl":"https:\/\/parks.indy.gov\/wp-content\/uploads\/2023\/03\/Horizontal-Logo-1-e1678482885380.png","width":258,"height":79,"caption":"Indy Parks &amp; Recreation"},"image":{"@id":"https:\/\/parks.indy.gov\/#\/schema\/logo\/image\/"}}]}},"_links":{"self":[{"href":"https:\/\/parks.indy.gov\/es\/wp-json\/wp\/v2\/pages\/2948","targetHints":{"allow":["GET"]}}],"collection":[{"href":"https:\/\/parks.indy.gov\/es\/wp-json\/wp\/v2\/pages"}],"about":[{"href":"https:\/\/parks.indy.gov\/es\/wp-json\/wp\/v2\/types\/page"}],"author":[{"embeddable":true,"href":"https:\/\/parks.indy.gov\/es\/wp-json\/wp\/v2\/users\/20"}],"replies":[{"embeddable":true,"href":"https:\/\/parks.indy.gov\/es\/wp-json\/wp\/v2\/comments?post=2948"}],"version-history":[{"count":3,"href":"https:\/\/parks.indy.gov\/es\/wp-json\/wp\/v2\/pages\/2948\/revisions"}],"predecessor-version":[{"id":4752,"href":"https:\/\/parks.indy.gov\/es\/wp-json\/wp\/v2\/pages\/2948\/revisions\/4752"}],"wp:featuredmedia":[{"embeddable":true,"href":"https:\/\/parks.indy.gov\/es\/wp-json\/wp\/v2\/media\/3708"}],"wp:attachment":[{"href":"https:\/\/parks.indy.gov\/es\/wp-json\/wp\/v2\/media?parent=2948"}],"curies":[{"name":"gracias","href":"https:\/\/api.w.org\/{rel}","templated":true}]}}