{"id":3216,"date":"2024-05-16T17:37:46","date_gmt":"2024-05-16T17:37:46","guid":{"rendered":"https:\/\/parks.indy.gov\/?page_id=3216"},"modified":"2025-12-01T17:34:10","modified_gmt":"2025-12-01T17:34:10","slug":"poolsandsplashpads","status":"publish","type":"page","link":"https:\/\/parks.indy.gov\/es\/programs\/poolsandsplashpads\/","title":{"rendered":"Piscinas y chapoteaderos"},"content":{"rendered":"<p><strong>All Indy Parks pools and splash pads are closed for the season.<\/strong><\/p>\n\n\n\n<p>Indy Parks splash pad locations:<\/p>\n\n\n\n<ul class=\"wp-block-list\">\n<li>Parque Andrew Ramsey: 310 W. 42nd St.<\/li>\n\n\n\n<li>Parque del Arsenal: <strong>(Cerrado temporalmente)<\/strong><\/li>\n\n\n\n<li>Parque Bel Aire: 2901 W. Moorseville Rd.<\/li>\n\n\n\n<li>Parque Bertha Ross: 3700 N. Clifton Ave.<\/li>\n\n\n\n<li>Parque Bowman: 3600 Auburn Rd.<\/li>\n\n\n\n<li>Parque Carson: 5400 S. High School Rd.<\/li>\n\n\n\n<li>Parque Centennial y Groff: 2300 N. Centennial <strong>(Cerrado temporalmente)<\/strong><\/li>\n\n\n\n<li>Parque Cristiano: 4125 English Ave.<\/li>\n\n\n\n<li>Parque Clayton y LaSalle: 401 S Lasalle St.<\/li>\n\n\n\n<li>Parque Dan Wakefield 6051 N. Broadway St.<\/li>\n\n\n\n<li>Parque Grassy Creek: 10510 E. 30th St.<\/li>\n\n\n\n<li>Parque Haughville: 520 N Belleview Pl.<\/li>\n\n\n\n<li>Parque de vacaciones: 6363 Spring Mill Dr.<\/li>\n\n\n\n<li>Parque Jake Green: 1700 Franklin Rd.<\/li>\n\n\n\n<li>Parque Krannert: 605 S High School Rd.<\/li>\n\n\n\n<li>Parque Jardines Municipales: 1831 N. Lafayette Rd.<\/li>\n\n\n\n<li>Parque O&#039;Bannon: 950 E 16th St.<\/li>\n\n\n\n<li>Parque Riverwood: 7201 Crittenden Ave. <strong>(Cerrado temporalmente)<\/strong><\/li>\n\n\n\n<li>Parque Stout Field: 3820 W. Bradbury Rd.<\/li>\n\n\n\n<li>Parque Tarkington: 45 W 40th St.<\/li>\n\n\n\n<li>Parque Washington: 3130 E. 30th St. (Centro Familiar del Parque Washington)<\/li>\n\n\n\n<li>Parque Wes Montgomery: 3400 N. Hawthorne Lane<\/li>\n\n\n\n<li>Parque Wildwood: 8100 Southeastern Ave.<\/li>\n\n\n\n<li>Parque Windsor Village: 6510 E 25th St <strong>(Cerrado temporalmente)<\/strong><\/li>\n<\/ul>","protected":false},"excerpt":{"rendered":"","protected":false},"author":19,"featured_media":2004,"parent":213,"menu_order":2,"comment_status":"closed","ping_status":"closed","template":"","meta":{"_acf_changed":false,"footnotes":""},"class_list":["post-3216","page","type-page","status-publish","has-post-thumbnail","hentry"],"acf":[],"yoast_head":"<!-- This site is optimized with the Yoast SEO plugin v27.2 - https:\/\/yoast.com\/product\/yoast-seo-wordpress\/ -->\n<title>Pools and Splash Pads - Indy Parks &amp; Recreation<\/title>\n<meta name=\"description\" content=\"Find information about pool and splash pad openings here.\" \/>\n<meta name=\"robots\" content=\"index, follow, max-snippet:-1, max-image-preview:large, max-video-preview:-1\" \/>\n<link rel=\"canonical\" href=\"https:\/\/parks.indy.gov\/es\/programs\/poolsandsplashpads\/\" \/>\n<meta property=\"og:locale\" content=\"es_ES\" \/>\n<meta property=\"og:type\" content=\"article\" \/>\n<meta property=\"og:title\" content=\"Pools and Splash Pads - Indy Parks &amp; Recreation\" \/>\n<meta property=\"og:description\" content=\"Find information about pool and splash pad openings here.\" \/>\n<meta property=\"og:url\" content=\"https:\/\/parks.indy.gov\/es\/programs\/poolsandsplashpads\/\" \/>\n<meta property=\"og:site_name\" content=\"Indy Parks &amp; Recreation\" \/>\n<meta property=\"article:modified_time\" content=\"2025-12-01T17:34:10+00:00\" \/>\n<meta property=\"og:image\" content=\"https:\/\/parks.indy.gov\/wp-content\/uploads\/2023\/03\/Copy-of-F.-douglass-pool-e1715880997644.jpg\" \/>\n\t<meta property=\"og:image:width\" content=\"2048\" \/>\n\t<meta property=\"og:image:height\" content=\"1051\" \/>\n\t<meta property=\"og:image:type\" content=\"image\/jpeg\" \/>\n<meta name=\"twitter:card\" content=\"summary_large_image\" \/>\n<meta name=\"twitter:label1\" content=\"Est. reading time\" \/>\n\t<meta name=\"twitter:data1\" content=\"1 minute\" \/>\n<!-- \/ Yoast SEO plugin. -->","yoast_head_json":{"title":"Piscinas y parques acu\u00e1ticos - Indy Parks &amp; Recreation","description":"Encuentre informaci\u00f3n sobre las aperturas de piscinas y parques acu\u00e1ticos aqu\u00ed.","robots":{"index":"index","follow":"follow","max-snippet":"max-snippet:-1","max-image-preview":"max-image-preview:large","max-video-preview":"max-video-preview:-1"},"canonical":"https:\/\/parks.indy.gov\/es\/programs\/poolsandsplashpads\/","og_locale":"es_ES","og_type":"article","og_title":"Pools and Splash Pads - Indy Parks &amp; Recreation","og_description":"Find information about pool and splash pad openings here.","og_url":"https:\/\/parks.indy.gov\/es\/programs\/poolsandsplashpads\/","og_site_name":"Indy Parks &amp; Recreation","article_modified_time":"2025-12-01T17:34:10+00:00","og_image":[{"width":2048,"height":1051,"url":"https:\/\/parks.indy.gov\/wp-content\/uploads\/2023\/03\/Copy-of-F.-douglass-pool-e1715880997644.jpg","type":"image\/jpeg"}],"twitter_card":"summary_large_image","twitter_misc":{"Est. reading time":"1 minute"},"schema":{"@context":"https:\/\/schema.org","@graph":[{"@type":"WebPage","@id":"https:\/\/parks.indy.gov\/programs\/poolsandsplashpads\/","url":"https:\/\/parks.indy.gov\/programs\/poolsandsplashpads\/","name":"Piscinas y parques acu\u00e1ticos - Indy Parks &amp; Recreation","isPartOf":{"@id":"https:\/\/parks.indy.gov\/#website"},"primaryImageOfPage":{"@id":"https:\/\/parks.indy.gov\/programs\/poolsandsplashpads\/#primaryimage"},"image":{"@id":"https:\/\/parks.indy.gov\/programs\/poolsandsplashpads\/#primaryimage"},"thumbnailUrl":"https:\/\/parks.indy.gov\/wp-content\/uploads\/2023\/03\/Copy-of-F.-douglass-pool-e1715880997644.jpg","datePublished":"2024-05-16T17:37:46+00:00","dateModified":"2025-12-01T17:34:10+00:00","description":"Encuentre informaci\u00f3n sobre las aperturas de piscinas y parques acu\u00e1ticos aqu\u00ed.","breadcrumb":{"@id":"https:\/\/parks.indy.gov\/programs\/poolsandsplashpads\/#breadcrumb"},"inLanguage":"es-ES","potentialAction":[{"@type":"ReadAction","target":["https:\/\/parks.indy.gov\/programs\/poolsandsplashpads\/"]}]},{"@type":"ImageObject","inLanguage":"es-ES","@id":"https:\/\/parks.indy.gov\/programs\/poolsandsplashpads\/#primaryimage","url":"https:\/\/parks.indy.gov\/wp-content\/uploads\/2023\/03\/Copy-of-F.-douglass-pool-e1715880997644.jpg","contentUrl":"https:\/\/parks.indy.gov\/wp-content\/uploads\/2023\/03\/Copy-of-F.-douglass-pool-e1715880997644.jpg","width":2048,"height":1051},{"@type":"BreadcrumbList","@id":"https:\/\/parks.indy.gov\/programs\/poolsandsplashpads\/#breadcrumb","itemListElement":[{"@type":"ListItem","position":1,"name":"Home","item":"https:\/\/parks.indy.gov\/es\/"},{"@type":"ListItem","position":2,"name":"Programs &#038; Scholarships","item":"https:\/\/parks.indy.gov\/programs\/"},{"@type":"ListItem","position":3,"name":"Pools and Splash Pads"}]},{"@type":"WebSite","@id":"https:\/\/parks.indy.gov\/#website","url":"https:\/\/parks.indy.gov\/","name":"Parques y recreaci\u00f3n de Indy","description":"Proporcionando experiencias enriquecedoras para todos.","publisher":{"@id":"https:\/\/parks.indy.gov\/#organization"},"potentialAction":[{"@type":"SearchAction","target":{"@type":"EntryPoint","urlTemplate":"https:\/\/parks.indy.gov\/?s={search_term_string}"},"query-input":{"@type":"PropertyValueSpecification","valueRequired":true,"valueName":"search_term_string"}}],"inLanguage":"es-ES"},{"@type":"Organization","@id":"https:\/\/parks.indy.gov\/#organization","name":"Parques y recreaci\u00f3n de Indy","url":"https:\/\/parks.indy.gov\/","logo":{"@type":"ImageObject","inLanguage":"es-ES","@id":"https:\/\/parks.indy.gov\/#\/schema\/logo\/image\/","url":"https:\/\/parks.indy.gov\/wp-content\/uploads\/2023\/03\/Horizontal-Logo-1-e1678482885380.png","contentUrl":"https:\/\/parks.indy.gov\/wp-content\/uploads\/2023\/03\/Horizontal-Logo-1-e1678482885380.png","width":258,"height":79,"caption":"Indy Parks &amp; Recreation"},"image":{"@id":"https:\/\/parks.indy.gov\/#\/schema\/logo\/image\/"}}]}},"_links":{"self":[{"href":"https:\/\/parks.indy.gov\/es\/wp-json\/wp\/v2\/pages\/3216","targetHints":{"allow":["GET"]}}],"collection":[{"href":"https:\/\/parks.indy.gov\/es\/wp-json\/wp\/v2\/pages"}],"about":[{"href":"https:\/\/parks.indy.gov\/es\/wp-json\/wp\/v2\/types\/page"}],"author":[{"embeddable":true,"href":"https:\/\/parks.indy.gov\/es\/wp-json\/wp\/v2\/users\/19"}],"replies":[{"embeddable":true,"href":"https:\/\/parks.indy.gov\/es\/wp-json\/wp\/v2\/comments?post=3216"}],"version-history":[{"count":3,"href":"https:\/\/parks.indy.gov\/es\/wp-json\/wp\/v2\/pages\/3216\/revisions"}],"predecessor-version":[{"id":5492,"href":"https:\/\/parks.indy.gov\/es\/wp-json\/wp\/v2\/pages\/3216\/revisions\/5492"}],"up":[{"embeddable":true,"href":"https:\/\/parks.indy.gov\/es\/wp-json\/wp\/v2\/pages\/213"}],"wp:featuredmedia":[{"embeddable":true,"href":"https:\/\/parks.indy.gov\/es\/wp-json\/wp\/v2\/media\/2004"}],"wp:attachment":[{"href":"https:\/\/parks.indy.gov\/es\/wp-json\/wp\/v2\/media?parent=3216"}],"curies":[{"name":"gracias","href":"https:\/\/api.w.org\/{rel}","templated":true}]}}