{"id":3352,"date":"2024-06-11T13:13:55","date_gmt":"2024-06-11T13:13:55","guid":{"rendered":"https:\/\/parks.indy.gov\/?page_id=3352"},"modified":"2024-08-12T13:30:37","modified_gmt":"2024-08-12T13:30:37","slug":"lilly-grant-project-meetings","status":"publish","type":"page","link":"https:\/\/parks.indy.gov\/es\/about-us\/park-projects-and-plans\/lilly-grant-project-meetings\/","title":{"rendered":"Reuniones del proyecto Lilly Grant"},"content":{"rendered":"<p>Anunciado en 2023, Lilly Endowment otorg\u00f3 a Indy Parks una subvenci\u00f3n de $80 millones para realizar mejoras en 42 parques en todo el sistema de Indy Parks. El departamento est\u00e1 organizando reuniones p\u00fablicas para estos proyectos para brindarles a los miembros de la comunidad una actualizaci\u00f3n sobre los planes y escuchar las preferencias de los residentes sobre cada proyecto.<\/p>\n\n\n\n<p>Las pr\u00f3ximas reuniones p\u00fablicas incluyen: <\/p>\n\n\n\n<ul class=\"wp-block-list\">\n<li>Reuni\u00f3n de puertas abiertas de la comunidad de Frederick Douglass Park #2, 12 de agosto a las 5:30 p.m. En Edna Martin Christian Center, 2605 E 25th St, Indian\u00e1polis.<\/li>\n\n\n\n<li>Reuni\u00f3n de puertas abiertas de la comunidad de Perry Park #2, 13 de agosto a las 6:30 p.m. En Perry Park, 451 E, parada 11 Rd.<\/li>\n\n\n\n<li>Jornada de puertas abiertas de la comunidad de Southwestway Park, 10 de septiembre de 2024 a las 6:30 p. m., en el campo de golf Winding River, 8015 Mann Road.<\/li>\n\n\n\n<li>Si se perdi\u00f3 la jornada de puertas abiertas del Arsenal y WISH Park el 15 de julio pero desea enviarnos su opini\u00f3n, responda nuestra encuesta.<a href=\"https:\/\/docs.google.com\/forms\/d\/15gySBid1n5ybZeXMW_CwO9gCRhBI-SwkiOKqKTrpU8Q\/viewform?ts=667f25f5&amp;edit_requested=true\"> aqu\u00ed<\/a>.<\/li>\n\n\n\n<li>Si se perdi\u00f3 la reuni\u00f3n p\u00fablica de Christian Park y desea enviar comentarios, responda la encuesta. <a href=\"https:\/\/docs.google.com\/forms\/d\/1Or7Dw_AFDUFyFMG-d-AJ45qwaKHhs7XcD94DGIsLc1Q\/viewform?ts=667f1d75&amp;exids=71471476,71471470&amp;edit_requested=true\">aqu\u00ed<\/a>.<\/li>\n\n\n\n<li>Si se perdi\u00f3 la jornada de puertas abiertas de la comunidad para Bellamy Park, DeQuincy Park y Virginia Lee O&#039;Brien Park, puede enviarnos sus comentarios aqu\u00ed: <a href=\"https:\/\/docs.google.com\/forms\/d\/1AnoJbiPsbcsLbtyh8Aio5RQI1v8Z3dK7vYTWh7_tSac\/viewform?ts=667f1c0f&amp;exids=71471476,71471470&amp;edit_requested=true]\">Encuesta Bellamy<\/a>, <a href=\"https:\/\/docs.google.com\/forms\/d\/11u8UPSYyHIPde6e-sZemxH8JW0doono9cE3sLdIgm4A\/viewform?ts=667f23e3&amp;exids=71471476,71471470&amp;edit_requested=true\">Encuesta DeQuincy<\/a>, <a href=\"https:\/\/docs.google.com\/forms\/d\/12CHIAzeJ-CEnVQ6DZ6qx2CinMQkil475QCrizpbBTpo\/viewform?ts=667f21ae&amp;exids=71471476,71471470&amp;edit_requested=true\">Encuesta de Virginia<\/a><\/li>\n<\/ul>\n\n\n\n<p>Env\u00ede su opini\u00f3n sobre las mejoras en Perry Park <a href=\"https:\/\/docs.google.com\/forms\/d\/e\/1FAIpQLSf7_Dg7y7wNUiA0C2kdpQrVK0KI3TjVClzmJ7at4sWBLElbhQ\/viewform\">AQU\u00cd<\/a><\/p>\n\n\n\n<p>Env\u00ede sus comentarios sobre las mejoras en Sahm Park<a href=\"https:\/\/urldefense.com\/v3\/__https:\/\/docs.google.com\/forms\/d\/1eKrsqCxXZEA3QcTtmG_28ZtOCCY18wVvyPR1qBaosvs\/edit?ts=6679c83b__;!!AqUccmB9Oakh!yfygLZ2uZb-HIq9dKogMLjrYBies4mqahWjRZzWtrpMTJtomaIW8VOJoiKn4PWv95KfzBHfJBRRlUAOxLvnUEwFbQWnR$\"> AQU\u00cd<\/a><\/p>\n\n\n\n<p>Env\u00ede su opini\u00f3n sobre las mejoras en Southside Park <a href=\"https:\/\/urldefense.com\/v3\/__https:\/www.surveymonkey.com\/r\/Southside_Park__;!!AqUccmB9Oakh!xXkvJNm2M5Oouik3IPhfpOO_riC_M42UqZQRFTuZP2uCGdfVM_volXgYJNFy2edvTTnI26qY47OAngHy9WBLBHCqPAWK$\">AQU\u00cd<\/a><\/p>\n\n\n\n<p>Env\u00ede su opini\u00f3n sobre las mejoras en Eagle Highlands Park, Highway Parcel 15, Faculty Park, James Foster Gaines Park, Moreland Park y Patricia Park. <a href=\"https:\/\/urldefense.com\/v3\/__https:\/lp.constantcontactpages.com\/sv\/QKwWqUn__;!!AqUccmB9Oakh!z0KZxOhPjqi16iplNKOK6rcuAY12EF6SdcBTW-ehr3dHJ2djEEd4ftu5ZGizER9OfMqyBzRkpw5doeZ3GBYaFb_dJXs$\">AQU\u00cd<\/a><\/p>","protected":false},"excerpt":{"rendered":"","protected":false},"author":19,"featured_media":3378,"parent":583,"menu_order":0,"comment_status":"closed","ping_status":"closed","template":"","meta":{"_acf_changed":false,"footnotes":""},"class_list":["post-3352","page","type-page","status-publish","has-post-thumbnail","hentry"],"acf":[],"yoast_head":"<!-- This site is optimized with the Yoast SEO plugin v27.2 - https:\/\/yoast.com\/product\/yoast-seo-wordpress\/ -->\n<title>Lilly Grant Project Meetings - Indy Parks &amp; Recreation<\/title>\n<meta name=\"description\" content=\"Join Indy Parks for meetings about improvements to parks across the city. The Lilly Endowment has provided $80 million for these improvements and additions.\" \/>\n<meta name=\"robots\" content=\"index, follow, max-snippet:-1, max-image-preview:large, max-video-preview:-1\" \/>\n<link rel=\"canonical\" href=\"https:\/\/parks.indy.gov\/es\/about-us\/park-projects-and-plans\/lilly-grant-project-meetings\/\" \/>\n<meta property=\"og:locale\" content=\"es_ES\" \/>\n<meta property=\"og:type\" content=\"article\" \/>\n<meta property=\"og:title\" content=\"Lilly Grant Project Meetings - Indy Parks &amp; Recreation\" \/>\n<meta property=\"og:description\" content=\"Join Indy Parks for meetings about improvements to parks across the city. The Lilly Endowment has provided $80 million for these improvements and additions.\" \/>\n<meta property=\"og:url\" content=\"https:\/\/parks.indy.gov\/es\/about-us\/park-projects-and-plans\/lilly-grant-project-meetings\/\" \/>\n<meta property=\"og:site_name\" content=\"Indy Parks &amp; Recreation\" \/>\n<meta property=\"article:modified_time\" content=\"2024-08-12T13:30:37+00:00\" \/>\n<meta property=\"og:image\" content=\"https:\/\/parks.indy.gov\/wp-content\/uploads\/2024\/06\/Lilly-Project-Meeting-4-975x317.png\" \/>\n\t<meta property=\"og:image:width\" content=\"975\" \/>\n\t<meta property=\"og:image:height\" content=\"317\" \/>\n\t<meta property=\"og:image:type\" content=\"image\/png\" \/>\n<meta name=\"twitter:card\" content=\"summary_large_image\" \/>\n<meta name=\"twitter:label1\" content=\"Est. reading time\" \/>\n\t<meta name=\"twitter:data1\" content=\"2 minutes\" \/>\n<!-- \/ Yoast SEO plugin. -->","yoast_head_json":{"title":"Lilly Grant Project Meetings - Indy Parks &amp; Recreation","description":"Join Indy Parks for meetings about improvements to parks across the city. The Lilly Endowment has provided $80 million for these improvements and additions.","robots":{"index":"index","follow":"follow","max-snippet":"max-snippet:-1","max-image-preview":"max-image-preview:large","max-video-preview":"max-video-preview:-1"},"canonical":"https:\/\/parks.indy.gov\/es\/about-us\/park-projects-and-plans\/lilly-grant-project-meetings\/","og_locale":"es_ES","og_type":"article","og_title":"Lilly Grant Project Meetings - Indy Parks &amp; Recreation","og_description":"Join Indy Parks for meetings about improvements to parks across the city. The Lilly Endowment has provided $80 million for these improvements and additions.","og_url":"https:\/\/parks.indy.gov\/es\/about-us\/park-projects-and-plans\/lilly-grant-project-meetings\/","og_site_name":"Indy Parks &amp; Recreation","article_modified_time":"2024-08-12T13:30:37+00:00","og_image":[{"width":975,"height":317,"url":"https:\/\/parks.indy.gov\/wp-content\/uploads\/2024\/06\/Lilly-Project-Meeting-4-975x317.png","type":"image\/png"}],"twitter_card":"summary_large_image","twitter_misc":{"Est. reading time":"2 minutes"},"schema":{"@context":"https:\/\/schema.org","@graph":[{"@type":"WebPage","@id":"https:\/\/parks.indy.gov\/about-us\/park-projects-and-plans\/lilly-grant-project-meetings\/","url":"https:\/\/parks.indy.gov\/about-us\/park-projects-and-plans\/lilly-grant-project-meetings\/","name":"Lilly Grant Project Meetings - Indy Parks &amp; Recreation","isPartOf":{"@id":"https:\/\/parks.indy.gov\/#website"},"primaryImageOfPage":{"@id":"https:\/\/parks.indy.gov\/about-us\/park-projects-and-plans\/lilly-grant-project-meetings\/#primaryimage"},"image":{"@id":"https:\/\/parks.indy.gov\/about-us\/park-projects-and-plans\/lilly-grant-project-meetings\/#primaryimage"},"thumbnailUrl":"https:\/\/parks.indy.gov\/wp-content\/uploads\/2024\/06\/Lilly-Project-Meeting-4.png","datePublished":"2024-06-11T13:13:55+00:00","dateModified":"2024-08-12T13:30:37+00:00","description":"Join Indy Parks for meetings about improvements to parks across the city. The Lilly Endowment has provided $80 million for these improvements and additions.","breadcrumb":{"@id":"https:\/\/parks.indy.gov\/about-us\/park-projects-and-plans\/lilly-grant-project-meetings\/#breadcrumb"},"inLanguage":"es-ES","potentialAction":[{"@type":"ReadAction","target":["https:\/\/parks.indy.gov\/about-us\/park-projects-and-plans\/lilly-grant-project-meetings\/"]}]},{"@type":"ImageObject","inLanguage":"es-ES","@id":"https:\/\/parks.indy.gov\/about-us\/park-projects-and-plans\/lilly-grant-project-meetings\/#primaryimage","url":"https:\/\/parks.indy.gov\/wp-content\/uploads\/2024\/06\/Lilly-Project-Meeting-4.png","contentUrl":"https:\/\/parks.indy.gov\/wp-content\/uploads\/2024\/06\/Lilly-Project-Meeting-4.png","width":2000,"height":650},{"@type":"BreadcrumbList","@id":"https:\/\/parks.indy.gov\/about-us\/park-projects-and-plans\/lilly-grant-project-meetings\/#breadcrumb","itemListElement":[{"@type":"ListItem","position":1,"name":"Home","item":"https:\/\/parks.indy.gov\/es\/"},{"@type":"ListItem","position":2,"name":"About Us","item":"https:\/\/parks.indy.gov\/about-us\/"},{"@type":"ListItem","position":3,"name":"Park Projects and Plans","item":"https:\/\/parks.indy.gov\/about-us\/park-projects-and-plans\/"},{"@type":"ListItem","position":4,"name":"Lilly Grant Project Meetings"}]},{"@type":"WebSite","@id":"https:\/\/parks.indy.gov\/#website","url":"https:\/\/parks.indy.gov\/","name":"Parques y recreaci\u00f3n de Indy","description":"Proporcionando experiencias enriquecedoras para todos.","publisher":{"@id":"https:\/\/parks.indy.gov\/#organization"},"potentialAction":[{"@type":"SearchAction","target":{"@type":"EntryPoint","urlTemplate":"https:\/\/parks.indy.gov\/?s={search_term_string}"},"query-input":{"@type":"PropertyValueSpecification","valueRequired":true,"valueName":"search_term_string"}}],"inLanguage":"es-ES"},{"@type":"Organization","@id":"https:\/\/parks.indy.gov\/#organization","name":"Parques y recreaci\u00f3n de Indy","url":"https:\/\/parks.indy.gov\/","logo":{"@type":"ImageObject","inLanguage":"es-ES","@id":"https:\/\/parks.indy.gov\/#\/schema\/logo\/image\/","url":"https:\/\/parks.indy.gov\/wp-content\/uploads\/2023\/03\/Horizontal-Logo-1-e1678482885380.png","contentUrl":"https:\/\/parks.indy.gov\/wp-content\/uploads\/2023\/03\/Horizontal-Logo-1-e1678482885380.png","width":258,"height":79,"caption":"Indy Parks &amp; Recreation"},"image":{"@id":"https:\/\/parks.indy.gov\/#\/schema\/logo\/image\/"}}]}},"_links":{"self":[{"href":"https:\/\/parks.indy.gov\/es\/wp-json\/wp\/v2\/pages\/3352","targetHints":{"allow":["GET"]}}],"collection":[{"href":"https:\/\/parks.indy.gov\/es\/wp-json\/wp\/v2\/pages"}],"about":[{"href":"https:\/\/parks.indy.gov\/es\/wp-json\/wp\/v2\/types\/page"}],"author":[{"embeddable":true,"href":"https:\/\/parks.indy.gov\/es\/wp-json\/wp\/v2\/users\/19"}],"replies":[{"embeddable":true,"href":"https:\/\/parks.indy.gov\/es\/wp-json\/wp\/v2\/comments?post=3352"}],"version-history":[{"count":2,"href":"https:\/\/parks.indy.gov\/es\/wp-json\/wp\/v2\/pages\/3352\/revisions"}],"predecessor-version":[{"id":3754,"href":"https:\/\/parks.indy.gov\/es\/wp-json\/wp\/v2\/pages\/3352\/revisions\/3754"}],"up":[{"embeddable":true,"href":"https:\/\/parks.indy.gov\/es\/wp-json\/wp\/v2\/pages\/583"}],"wp:featuredmedia":[{"embeddable":true,"href":"https:\/\/parks.indy.gov\/es\/wp-json\/wp\/v2\/media\/3378"}],"wp:attachment":[{"href":"https:\/\/parks.indy.gov\/es\/wp-json\/wp\/v2\/media?parent=3352"}],"curies":[{"name":"gracias","href":"https:\/\/api.w.org\/{rel}","templated":true}]}}