{"id":3696,"date":"2024-07-31T14:15:35","date_gmt":"2024-07-31T14:15:35","guid":{"rendered":"https:\/\/parks.indy.gov\/?page_id=3696"},"modified":"2025-11-26T17:06:24","modified_gmt":"2025-11-26T17:06:24","slug":"free-concert-series","status":"publish","type":"page","link":"https:\/\/parks.indy.gov\/es\/free-concert-series\/","title":{"rendered":"Serie de conciertos gratuitos 2025"},"content":{"rendered":"<p>Acomp\u00e1\u00f1enos a nuestra serie de conciertos gratuitos, que se celebra en varios parques de la ciudad. Desde palomitas en el c\u00e9sped hasta conciertos en kayak en el Parque Eagle Creek, todos pueden unirse a la fiesta. Vea a continuaci\u00f3n el programa completo de los pr\u00f3ximos espect\u00e1culos.<\/p>\n\n\n\n<h2 class=\"wp-block-heading\">2025-2026 Winter Concert Series<\/h2>\n\n\n\n<ul class=\"wp-block-list\">\n<li><strong>Sat. Dec 6 at 1pm<\/strong> Butler University Generations Quartet @ Garfield Park Conservatory (Free with Conservatory Crossing admission)<\/li>\n\n\n\n<li><strong>Fri. Dec 12 at 6pm<\/strong> JBJ Collective @ Brookside Park Family Center<\/li>\n\n\n\n<li><strong>Fri. Jan 30 at 6pm<\/strong> Ron Jones @ Frederick Douglass Park Family Center <\/li>\n\n\n\n<li><strong>Sat. March 7 at 3pm<\/strong> Indianapolis Women&#8217;s Chorus @ Grassy Creek Environmental Community Center (Free, community sing-a-long) <\/li>\n<\/ul>\n\n\n\n<p><\/p>\n\n\n\n<p>See below for this past summer&#8217;s full concert series:<\/p>\n\n\n\n<h2 class=\"wp-block-heading\">Parque amplio de la ondulaci\u00f3n<\/h2>\n\n\n\n<ul class=\"wp-block-list\">\n<li><strong>Viernes 20 de junio a las 19h<\/strong> <em>Serie de m\u00fasica original<\/em>: Tr\u00edo de Sophia Goodman<\/li>\n\n\n\n<li><strong>Viernes 15 de agosto a las 19 h<\/strong> <em>Serie de m\u00fasica original<\/em>: Cathy Morris<\/li>\n\n\n\n<li><strong>Viernes 5 de septiembre a las 19 h<\/strong> <em>Serie de m\u00fasica original:<\/em> Allison Victoria<\/li>\n<\/ul>\n\n\n\n<h2 class=\"wp-block-heading\">Playa de Eagle Creek<\/h2>\n\n\n\n<ul class=\"wp-block-list\">\n<li><strong>Mi\u00e9rcoles 4 de junio a las 18:30 horas<\/strong> <em>En concierto con la naturaleza<\/em>:Tim Grimm<\/li>\n\n\n\n<li><strong>Mi\u00e9rcoles 11 de junio a las 18:30 horas<\/strong> <em>Jazz en la playa<\/em>:Rob Dixon<\/li>\n\n\n\n<li><strong>Mi\u00e9rcoles 25 de junio a las 18:30 horas<\/strong> <em>En concierto con la naturaleza<\/em>Mantequilla de ardilla \u2013 <strong>CANCELADO<\/strong> debido al aviso de calor<\/li>\n\n\n\n<li><strong>Mi\u00e9rcoles 9 de julio a las 18:30 horas<\/strong> <em>Jazz en la playa<\/em>:Ron Jones<\/li>\n\n\n\n<li><strong>Mi\u00e9rcoles 23 de julio a las 18:30 horas<\/strong> <em>En concierto con la naturaleza<\/em>: M\u00e1quina del Tiempo<\/li>\n\n\n\n<li><strong>Mi\u00e9rcoles 30 de julio a las 18:30 horas<\/strong> <em>Jazz en la playa<\/em>: Gene Markiewicz<\/li>\n\n\n\n<li><strong>Mi\u00e9rcoles 6 de agosto a las 18:30 h<\/strong> <em>Jazz en la playa<\/em>: M\u00f3nica Herzig<\/li>\n\n\n\n<li><strong>Mi\u00e9rcoles 20 de agosto a las 18:30 h<\/strong> <em>En concierto con la naturaleza<\/em>e:| Gato estelar<\/li>\n<\/ul>\n\n\n\n<h2 class=\"wp-block-heading\">Anfiteatro MacAllister en Garfield Park<\/h2>\n\n\n\n<ul class=\"wp-block-list\">\n<li><strong>Mi\u00e9rcoles 18 de junio a las 19h<\/strong> <em>Contaminantes org\u00e1nicos persistentes (COP)<\/em>:Orquesta Filarm\u00f3nica de Indian\u00e1polis \u2013 <strong>CANCELADO debido a predicciones meteorol\u00f3gicas extremas <\/strong><\/li>\n\n\n\n<li><strong>Mi\u00e9rcoles 26 de junio a las 19h<\/strong> <em>Alt Indy<\/em>: 81355<\/li>\n\n\n\n<li><strong>Mi\u00e9rcoles 2 de julio a las 19h<\/strong> <em>Contaminantes org\u00e1nicos persistentes (COP)<\/em>Proyectos Cohen-Rutowski<\/li>\n\n\n\n<li><strong>Martes 8 de julio a las 18:30 h<\/strong> Orquesta Sinf\u00f3nica de Indian\u00e1polis<\/li>\n\n\n\n<li><strong>Mi\u00e9rcoles 16 de julio a las 19h<\/strong> <em>Contaminantes org\u00e1nicos persistentes (COP)<\/em>:Hickey-Shanafelt 9ollective<\/li>\n\n\n\n<li><strong>Jueves 17 de julio a las 19 h<\/strong> <em>Alt Indy<\/em>: Fig. Enigma \u2013 <strong>TRASLADADO al interior del Garfield Park Arts Center (2432 Conservatory Dr)<\/strong><\/li>\n\n\n\n<li><strong>Jueves 24 de julio a las 19 h<\/strong> <em>Alt Indy<\/em>:Rob Funkhouser <\/li>\n\n\n\n<li><strong>Jueves 7 de agosto a las 19 h<\/strong> <em>Alt Indy<\/em>:Marrialle Sellars<\/li>\n\n\n\n<li><strong>Mi\u00e9rcoles 13 de agosto a las 19 h<\/strong> <em>Contaminantes org\u00e1nicos persistentes (COP): <\/em>Orgullo de Indy<\/li>\n\n\n\n<li><strong>Jueves 21 de agosto a las 19 h<\/strong> <em>Indy alternativa:<\/em> Sarah Grain<\/li>\n\n\n\n<li><strong>Mi\u00e9rcoles 27 de agosto a las 19 h<\/strong> <em>Contaminantes org\u00e1nicos persistentes (COP):<\/em> Banda Municipal de Indian\u00e1polis<\/li>\n\n\n\n<li><strong>Mi\u00e9rcoles 3 de septiembre a las 19 h<\/strong> <em>Contaminantes org\u00e1nicos persistentes (COP):<\/em> Banda Nuevos Horizontes<\/li>\n\n\n\n<li><strong>Jueves 4 de septiembre<sup>th<\/sup><\/strong> a las 7 pm <em>Alt Indy<\/em>:V\u00edctima del dulce veneno<\/li>\n\n\n\n<li><strong>Mi\u00e9rcoles 10 de septiembre a las 19 h<\/strong> <em>Contaminantes org\u00e1nicos persistentes (COP):<\/em> Coro de metales de Indian\u00e1polis<\/li>\n\n\n\n<li><strong>S\u00e1bado 13 de septiembre a las 19 h <\/strong>\u00d3pera en el parque<\/li>\n\n\n\n<li><strong>Mi\u00e9rcoles 17 de septiembre a las 19 h<\/strong> <em>Contaminantes org\u00e1nicos persistentes (COP):<\/em> Banda Sinf\u00f3nica de Indian\u00e1polis<\/li>\n\n\n\n<li><strong>S\u00e1bado 27 de septiembre de 16 a 21 h<\/strong> Festival de Arte y M\u00fasica de Garfield Park<\/li>\n<\/ul>\n\n\n\n<h2 class=\"wp-block-heading\">Parque Martin Luther King<\/h2>\n\n\n\n<ul class=\"wp-block-list\">\n<li><strong>Viernes 11 de julio a las 19h<\/strong> <em>Serie de conciertos de la libertad:<\/em> Zalema<\/li>\n\n\n\n<li><strong>Viernes 25 de julio a las 19h<\/strong> <em>Serie de conciertos de la libertad:<\/em> Colectivo JBJ \u2013 <strong>CANCELADO <\/strong>debido a condiciones clim\u00e1ticas extremas<\/li>\n\n\n\n<li><strong>Viernes 8 de agosto a las 19 h<\/strong> <em>Serie de conciertos de la libertad:<\/em> Dr. Decano Austin Ashford<\/li>\n<\/ul>\n\n\n\n<h2 class=\"wp-block-heading\">Parque del reverendo Charles Williams<\/h2>\n\n\n\n<ul class=\"wp-block-list\">\n<li><strong>Viernes 1 de agosto de 18:00 a 19:30 horas <\/strong><em>Simplemente unidos<\/em><\/li>\n\n\n\n<li><strong>S\u00e1bado 16 de agosto<\/strong> <strong>de 5 a 6:30 p. m. <\/strong>Celebraci\u00f3n de verano organizada por Duke Oliver y sus amigos<\/li>\n<\/ul>\n\n\n\n<h2 class=\"wp-block-heading\">Anfiteatro Taggart Memorial en Riverside Park<\/h2>\n\n\n\n<ul class=\"wp-block-list\">\n<li><strong>S\u00e1bado 31 de mayo a las 20h<\/strong> <em>Indy Ballet presenta: <\/em>Ballet en el parque<\/li>\n\n\n\n<li><strong>Jueves 14 de agosto a las 19:30 h<\/strong> <em>Serie de conciertos monumentales:<\/em> Clint Breeze y la Legi\u00f3n del Funk<\/li>\n\n\n\n<li><strong>Viernes 22 de agosto a las 19:30 h<\/strong> <em>Serie de conciertos monumentales:<\/em> Estar en ello<\/li>\n\n\n\n<li><strong>Jueves 28 de agosto a las 19:30 h<\/strong> <em>Serie de conciertos monumentales:<\/em> Orquesta de C\u00e1mara de Indian\u00e1polis<\/li>\n\n\n\n<li><strong>Viernes 12 de septiembre a las 19:30 h <\/strong><em>Serie de conciertos monumentales:<\/em> Okari Imani \u2013<strong>CANCELADO<\/strong><\/li>\n\n\n\n<li><strong>Jueves 18 de septiembre a las 19:30 h <\/strong><em>Serie de conciertos monumentales: <\/em>George Benn y amigos<\/li>\n\n\n\n<li><strong>Viernes 19 de septiembre a las 19:30 horas<\/strong> <em>Serie de conciertos monumentales:<\/em> PsyWrn Simone<\/li>\n\n\n\n<li><strong>Jueves 25 de septiembre a las 19:30 h<\/strong> <em>Serie de conciertos monumentales:<\/em> Yeison Landero (en colaboraci\u00f3n con Lotus Fest)<\/li>\n\n\n\n<li><strong>S\u00e1bado 4 de octubre a las 15 h<\/strong> Festival de Evangelio de Alabanza en el Parque<\/li>\n\n\n\n<li><strong>Viernes 3 de octubre<sup>tercero<\/sup> a las 7:30 pm<\/strong> <em>Serie de conciertos monumentales:<\/em> El Marimbaso (en colaboraci\u00f3n con Arts for Learning)<\/li>\n<\/ul>\n\n\n\n<h2 class=\"wp-block-heading\">Parque Watkins<\/h2>\n\n\n\n<ul class=\"wp-block-list\">\n<li><strong>Domingo 8 de junio a las 17 h<\/strong> <em>Jazz en el parque<\/em>: MUSICBOX Lester Johnson<\/li>\n\n\n\n<li><strong>Domingo 13 de julio a las 17 h<\/strong> <em>Jazz en el parque:<\/em> Brenda Williams<\/li>\n\n\n\n<li><strong>Domingo 10 de agosto a las 17 h<\/strong> <em>Jazz en el parque:<\/em> \u00d3rgano Kent Hickey 4tet<\/li>\n\n\n\n<li><strong>Domingo 14 de septiembre a las 17 h <\/strong><em>Jazz en el parque: <\/em>Banda de Jerrell Smith<\/li>\n<\/ul>\n\n\n\n<h2 class=\"wp-block-heading\">Parque Wes Montgomery<\/h2>\n\n\n\n<ul class=\"wp-block-list\">\n<li><strong>Jueves 3 de julio<sup>tercero<\/sup> a las 6:30 pm<\/strong> Mezcla Premium<\/li>\n<\/ul>\n\n\n\n<h2 class=\"wp-block-heading\">parque de vacaciones<\/h2>\n\n\n\n<ul class=\"wp-block-list\">\n<li><strong>Viernes 29 de agosto a las 19 h<\/strong> Orquesta de C\u00e1mara de Indian\u00e1polis<\/li>\n<\/ul>\n\n\n\n<p><\/p>","protected":false},"excerpt":{"rendered":"","protected":false},"author":19,"featured_media":2178,"parent":0,"menu_order":0,"comment_status":"closed","ping_status":"closed","template":"","meta":{"_acf_changed":false,"footnotes":""},"class_list":["post-3696","page","type-page","status-publish","has-post-thumbnail","hentry"],"acf":[],"yoast_head":"<!-- This site is optimized with the Yoast SEO plugin v27.2 - https:\/\/yoast.com\/product\/yoast-seo-wordpress\/ -->\n<title>2025 Free Concert Series - Indy Parks &amp; Recreation<\/title>\n<meta name=\"description\" content=\"Several Indy Parks locations will be offering free concerts from August through October. The initial schedule for concerts at Eagle Creek Park is listed below. Additional concerts will be added as they are finalized.\" \/>\n<meta name=\"robots\" content=\"index, follow, max-snippet:-1, max-image-preview:large, max-video-preview:-1\" \/>\n<link rel=\"canonical\" href=\"https:\/\/parks.indy.gov\/es\/free-concert-series\/\" \/>\n<meta property=\"og:locale\" content=\"es_ES\" \/>\n<meta property=\"og:type\" content=\"article\" \/>\n<meta property=\"og:title\" content=\"2025 Free Concert Series - Indy Parks &amp; Recreation\" \/>\n<meta property=\"og:description\" content=\"Several Indy Parks locations will be offering free concerts from August through October. The initial schedule for concerts at Eagle Creek Park is listed below. Additional concerts will be added as they are finalized.\" \/>\n<meta property=\"og:url\" content=\"https:\/\/parks.indy.gov\/es\/free-concert-series\/\" \/>\n<meta property=\"og:site_name\" content=\"Indy Parks &amp; Recreation\" \/>\n<meta property=\"article:modified_time\" content=\"2025-11-26T17:06:24+00:00\" \/>\n<meta property=\"og:image\" content=\"https:\/\/parks.indy.gov\/wp-content\/uploads\/2023\/05\/HERO-Website-Images.png\" \/>\n\t<meta property=\"og:image:width\" content=\"2000\" \/>\n\t<meta property=\"og:image:height\" content=\"650\" \/>\n\t<meta property=\"og:image:type\" content=\"image\/png\" \/>\n<meta name=\"twitter:card\" content=\"summary_large_image\" \/>\n<meta name=\"twitter:label1\" content=\"Est. reading time\" \/>\n\t<meta name=\"twitter:data1\" content=\"4 minutes\" \/>\n<!-- \/ Yoast SEO plugin. -->","yoast_head_json":{"title":"2025 Free Concert Series - Indy Parks &amp; Recreation","description":"Varias ubicaciones de Indy Parks ofrecer\u00e1n conciertos gratuitos de agosto a octubre. El calendario inicial de conciertos en Eagle Creek Park se enumera a continuaci\u00f3n. Se agregar\u00e1n conciertos adicionales a medida que est\u00e9n finalizados.","robots":{"index":"index","follow":"follow","max-snippet":"max-snippet:-1","max-image-preview":"max-image-preview:large","max-video-preview":"max-video-preview:-1"},"canonical":"https:\/\/parks.indy.gov\/es\/free-concert-series\/","og_locale":"es_ES","og_type":"article","og_title":"2025 Free Concert Series - Indy Parks &amp; Recreation","og_description":"Several Indy Parks locations will be offering free concerts from August through October. The initial schedule for concerts at Eagle Creek Park is listed below. Additional concerts will be added as they are finalized.","og_url":"https:\/\/parks.indy.gov\/es\/free-concert-series\/","og_site_name":"Indy Parks &amp; Recreation","article_modified_time":"2025-11-26T17:06:24+00:00","og_image":[{"width":2000,"height":650,"url":"https:\/\/parks.indy.gov\/wp-content\/uploads\/2023\/05\/HERO-Website-Images.png","type":"image\/png"}],"twitter_card":"summary_large_image","twitter_misc":{"Est. reading time":"4 minutes"},"schema":{"@context":"https:\/\/schema.org","@graph":[{"@type":"WebPage","@id":"https:\/\/parks.indy.gov\/free-concert-series\/","url":"https:\/\/parks.indy.gov\/free-concert-series\/","name":"2025 Free Concert Series - Indy Parks &amp; Recreation","isPartOf":{"@id":"https:\/\/parks.indy.gov\/#website"},"primaryImageOfPage":{"@id":"https:\/\/parks.indy.gov\/free-concert-series\/#primaryimage"},"image":{"@id":"https:\/\/parks.indy.gov\/free-concert-series\/#primaryimage"},"thumbnailUrl":"https:\/\/parks.indy.gov\/wp-content\/uploads\/2023\/05\/HERO-Website-Images.png","datePublished":"2024-07-31T14:15:35+00:00","dateModified":"2025-11-26T17:06:24+00:00","description":"Varias ubicaciones de Indy Parks ofrecer\u00e1n conciertos gratuitos de agosto a octubre. El calendario inicial de conciertos en Eagle Creek Park se enumera a continuaci\u00f3n. Se agregar\u00e1n conciertos adicionales a medida que est\u00e9n finalizados.","breadcrumb":{"@id":"https:\/\/parks.indy.gov\/free-concert-series\/#breadcrumb"},"inLanguage":"es-ES","potentialAction":[{"@type":"ReadAction","target":["https:\/\/parks.indy.gov\/free-concert-series\/"]}]},{"@type":"ImageObject","inLanguage":"es-ES","@id":"https:\/\/parks.indy.gov\/free-concert-series\/#primaryimage","url":"https:\/\/parks.indy.gov\/wp-content\/uploads\/2023\/05\/HERO-Website-Images.png","contentUrl":"https:\/\/parks.indy.gov\/wp-content\/uploads\/2023\/05\/HERO-Website-Images.png","width":2000,"height":650,"caption":"The Rock the Ruins Concert Series at Holliday Park."},{"@type":"BreadcrumbList","@id":"https:\/\/parks.indy.gov\/free-concert-series\/#breadcrumb","itemListElement":[{"@type":"ListItem","position":1,"name":"Home","item":"https:\/\/parks.indy.gov\/es\/"},{"@type":"ListItem","position":2,"name":"2025 Free Concert Series"}]},{"@type":"WebSite","@id":"https:\/\/parks.indy.gov\/#website","url":"https:\/\/parks.indy.gov\/","name":"Parques y recreaci\u00f3n de Indy","description":"Proporcionando experiencias enriquecedoras para todos.","publisher":{"@id":"https:\/\/parks.indy.gov\/#organization"},"potentialAction":[{"@type":"SearchAction","target":{"@type":"EntryPoint","urlTemplate":"https:\/\/parks.indy.gov\/?s={search_term_string}"},"query-input":{"@type":"PropertyValueSpecification","valueRequired":true,"valueName":"search_term_string"}}],"inLanguage":"es-ES"},{"@type":"Organization","@id":"https:\/\/parks.indy.gov\/#organization","name":"Parques y recreaci\u00f3n de Indy","url":"https:\/\/parks.indy.gov\/","logo":{"@type":"ImageObject","inLanguage":"es-ES","@id":"https:\/\/parks.indy.gov\/#\/schema\/logo\/image\/","url":"https:\/\/parks.indy.gov\/wp-content\/uploads\/2023\/03\/Horizontal-Logo-1-e1678482885380.png","contentUrl":"https:\/\/parks.indy.gov\/wp-content\/uploads\/2023\/03\/Horizontal-Logo-1-e1678482885380.png","width":258,"height":79,"caption":"Indy Parks &amp; Recreation"},"image":{"@id":"https:\/\/parks.indy.gov\/#\/schema\/logo\/image\/"}}]}},"_links":{"self":[{"href":"https:\/\/parks.indy.gov\/es\/wp-json\/wp\/v2\/pages\/3696","targetHints":{"allow":["GET"]}}],"collection":[{"href":"https:\/\/parks.indy.gov\/es\/wp-json\/wp\/v2\/pages"}],"about":[{"href":"https:\/\/parks.indy.gov\/es\/wp-json\/wp\/v2\/types\/page"}],"author":[{"embeddable":true,"href":"https:\/\/parks.indy.gov\/es\/wp-json\/wp\/v2\/users\/19"}],"replies":[{"embeddable":true,"href":"https:\/\/parks.indy.gov\/es\/wp-json\/wp\/v2\/comments?post=3696"}],"version-history":[{"count":3,"href":"https:\/\/parks.indy.gov\/es\/wp-json\/wp\/v2\/pages\/3696\/revisions"}],"predecessor-version":[{"id":5491,"href":"https:\/\/parks.indy.gov\/es\/wp-json\/wp\/v2\/pages\/3696\/revisions\/5491"}],"wp:featuredmedia":[{"embeddable":true,"href":"https:\/\/parks.indy.gov\/es\/wp-json\/wp\/v2\/media\/2178"}],"wp:attachment":[{"href":"https:\/\/parks.indy.gov\/es\/wp-json\/wp\/v2\/media?parent=3696"}],"curies":[{"name":"gracias","href":"https:\/\/api.w.org\/{rel}","templated":true}]}}