{"id":3889,"date":"2024-09-16T20:40:08","date_gmt":"2024-09-16T20:40:08","guid":{"rendered":"https:\/\/parks.indy.gov\/?page_id=3889"},"modified":"2025-09-04T12:19:41","modified_gmt":"2025-09-04T12:19:41","slug":"fall-winter","status":"publish","type":"page","link":"https:\/\/parks.indy.gov\/es\/programs\/fall-winter\/","title":{"rendered":"Oto\u00f1o e invierno en los parques de Indy"},"content":{"rendered":"<p><\/p>\n\n\n\n<p class=\"has-8-font-size\">Lleg\u00f3 el oto\u00f1o y, para celebrarlo, Indy Parks ofrece una variedad de actividades de temporada para toda la familia. \u00a1Consulta nuestra Gu\u00eda de Programas de Oto\u00f1o e Invierno 2025 para obtener m\u00e1s informaci\u00f3n! <\/p>\n\n\n\n<p><\/p>\n\n\n\n<h2 class=\"wp-block-heading\"><\/h2>\n\n\n\n<div data-wp-interactive=\"core\/file\" class=\"wp-block-file\"><object data-wp-bind--hidden=\"!state.hasPdfPreview\" hidden class=\"wp-block-file__embed\" data=\"https:\/\/parks.indy.gov\/wp-content\/uploads\/2025\/09\/Explore-Indy-Parks-Fall-Winter-2025-online.pdf\" type=\"application\/pdf\" style=\"width:100%;height:600px\" aria-label=\"Incrustar de Explore Indy Parks - Oto\u00f1o-Invierno 2025.\"><\/object><a id=\"wp-block-file--media-6749f5c0-3fab-47f8-b448-2a465da62eba\" href=\"https:\/\/parks.indy.gov\/wp-content\/uploads\/2025\/09\/Explore-Indy-Parks-Fall-Winter-2025-online.pdf\">Explora los parques de Indy \u2013 Oto\u00f1o-Invierno 2025<\/a><\/div>\n\n\n\n<p><\/p>\n\n\n\n<p>Tenga en cuenta que los programas est\u00e1n sujetos a cambios. Ver actualizaciones en <a href=\"https:\/\/anc.apm.activecommunities.com\/indyparks\/activity\/search?onlineSiteId=0&amp;activity_select_param=2&amp;viewMode=list\">indyparks.org<\/a> o llame al parque al que desea asistir al programa antes de viajar all\u00ed. <\/p>\n\n\n\n<div class=\"wp-block-buttons is-layout-flex wp-block-buttons-is-layout-flex\">\n<div class=\"wp-block-button\"><a class=\"wp-block-button__link wp-element-button\" href=\"https:\/\/anc.apm.activecommunities.com\/indyparks\/activity\/search?onlineSiteId=0&amp;activity_select_param=2&amp;viewMode=list\">Inscr\u00edbete en los programas en l\u00ednea<\/a><\/div>\n<\/div>\n\n\n\n<p><\/p>","protected":false},"excerpt":{"rendered":"","protected":false},"author":20,"featured_media":5247,"parent":213,"menu_order":1,"comment_status":"closed","ping_status":"closed","template":"","meta":{"_acf_changed":false,"footnotes":""},"class_list":["post-3889","page","type-page","status-publish","has-post-thumbnail","hentry"],"acf":[],"yoast_head":"<!-- This site is optimized with the Yoast SEO plugin v27.2 - https:\/\/yoast.com\/product\/yoast-seo-wordpress\/ -->\n<title>Fall &amp; Winter at Indy Parks - Indy Parks &amp; Recreation<\/title>\n<meta name=\"robots\" content=\"index, follow, max-snippet:-1, max-image-preview:large, max-video-preview:-1\" \/>\n<link rel=\"canonical\" href=\"https:\/\/parks.indy.gov\/es\/programs\/fall-winter\/\" \/>\n<meta property=\"og:locale\" content=\"es_ES\" \/>\n<meta property=\"og:type\" content=\"article\" \/>\n<meta property=\"og:title\" content=\"Fall &amp; Winter at Indy Parks - Indy Parks &amp; Recreation\" \/>\n<meta property=\"og:url\" content=\"https:\/\/parks.indy.gov\/es\/programs\/fall-winter\/\" \/>\n<meta property=\"og:site_name\" content=\"Indy Parks &amp; Recreation\" \/>\n<meta property=\"article:modified_time\" content=\"2025-09-04T12:19:41+00:00\" \/>\n<meta property=\"og:image\" content=\"https:\/\/parks.indy.gov\/wp-content\/uploads\/2025\/09\/HERO-Fall-Into-1-975x317.png\" \/>\n\t<meta property=\"og:image:width\" content=\"975\" \/>\n\t<meta property=\"og:image:height\" content=\"317\" \/>\n\t<meta property=\"og:image:type\" content=\"image\/png\" \/>\n<meta name=\"twitter:card\" content=\"summary_large_image\" \/>\n<meta name=\"twitter:label1\" content=\"Est. reading time\" \/>\n\t<meta name=\"twitter:data1\" content=\"1 minute\" \/>\n<!-- \/ Yoast SEO plugin. -->","yoast_head_json":{"title":"Oto\u00f1o e invierno en los parques de Indy - Parques y recreaci\u00f3n de Indy","robots":{"index":"index","follow":"follow","max-snippet":"max-snippet:-1","max-image-preview":"max-image-preview:large","max-video-preview":"max-video-preview:-1"},"canonical":"https:\/\/parks.indy.gov\/es\/programs\/fall-winter\/","og_locale":"es_ES","og_type":"article","og_title":"Fall &amp; Winter at Indy Parks - Indy Parks &amp; Recreation","og_url":"https:\/\/parks.indy.gov\/es\/programs\/fall-winter\/","og_site_name":"Indy Parks &amp; Recreation","article_modified_time":"2025-09-04T12:19:41+00:00","og_image":[{"width":975,"height":317,"url":"https:\/\/parks.indy.gov\/wp-content\/uploads\/2025\/09\/HERO-Fall-Into-1-975x317.png","type":"image\/png"}],"twitter_card":"summary_large_image","twitter_misc":{"Est. reading time":"1 minute"},"schema":{"@context":"https:\/\/schema.org","@graph":[{"@type":"WebPage","@id":"https:\/\/parks.indy.gov\/programs\/fall-winter\/","url":"https:\/\/parks.indy.gov\/programs\/fall-winter\/","name":"Oto\u00f1o e invierno en los parques de Indy - Parques y recreaci\u00f3n de Indy","isPartOf":{"@id":"https:\/\/parks.indy.gov\/#website"},"primaryImageOfPage":{"@id":"https:\/\/parks.indy.gov\/programs\/fall-winter\/#primaryimage"},"image":{"@id":"https:\/\/parks.indy.gov\/programs\/fall-winter\/#primaryimage"},"thumbnailUrl":"https:\/\/parks.indy.gov\/wp-content\/uploads\/2025\/09\/HERO-Fall-Into-1.png","datePublished":"2024-09-16T20:40:08+00:00","dateModified":"2025-09-04T12:19:41+00:00","breadcrumb":{"@id":"https:\/\/parks.indy.gov\/programs\/fall-winter\/#breadcrumb"},"inLanguage":"es-ES","potentialAction":[{"@type":"ReadAction","target":["https:\/\/parks.indy.gov\/programs\/fall-winter\/"]}]},{"@type":"ImageObject","inLanguage":"es-ES","@id":"https:\/\/parks.indy.gov\/programs\/fall-winter\/#primaryimage","url":"https:\/\/parks.indy.gov\/wp-content\/uploads\/2025\/09\/HERO-Fall-Into-1.png","contentUrl":"https:\/\/parks.indy.gov\/wp-content\/uploads\/2025\/09\/HERO-Fall-Into-1.png","width":2000,"height":650},{"@type":"BreadcrumbList","@id":"https:\/\/parks.indy.gov\/programs\/fall-winter\/#breadcrumb","itemListElement":[{"@type":"ListItem","position":1,"name":"Home","item":"https:\/\/parks.indy.gov\/es\/"},{"@type":"ListItem","position":2,"name":"Programs &#038; Scholarships","item":"https:\/\/parks.indy.gov\/programs\/"},{"@type":"ListItem","position":3,"name":"Fall &amp; Winter at Indy Parks"}]},{"@type":"WebSite","@id":"https:\/\/parks.indy.gov\/#website","url":"https:\/\/parks.indy.gov\/","name":"Parques y recreaci\u00f3n de Indy","description":"Proporcionando experiencias enriquecedoras para todos.","publisher":{"@id":"https:\/\/parks.indy.gov\/#organization"},"potentialAction":[{"@type":"SearchAction","target":{"@type":"EntryPoint","urlTemplate":"https:\/\/parks.indy.gov\/?s={search_term_string}"},"query-input":{"@type":"PropertyValueSpecification","valueRequired":true,"valueName":"search_term_string"}}],"inLanguage":"es-ES"},{"@type":"Organization","@id":"https:\/\/parks.indy.gov\/#organization","name":"Parques y recreaci\u00f3n de Indy","url":"https:\/\/parks.indy.gov\/","logo":{"@type":"ImageObject","inLanguage":"es-ES","@id":"https:\/\/parks.indy.gov\/#\/schema\/logo\/image\/","url":"https:\/\/parks.indy.gov\/wp-content\/uploads\/2023\/03\/Horizontal-Logo-1-e1678482885380.png","contentUrl":"https:\/\/parks.indy.gov\/wp-content\/uploads\/2023\/03\/Horizontal-Logo-1-e1678482885380.png","width":258,"height":79,"caption":"Indy Parks &amp; Recreation"},"image":{"@id":"https:\/\/parks.indy.gov\/#\/schema\/logo\/image\/"}}]}},"_links":{"self":[{"href":"https:\/\/parks.indy.gov\/es\/wp-json\/wp\/v2\/pages\/3889","targetHints":{"allow":["GET"]}}],"collection":[{"href":"https:\/\/parks.indy.gov\/es\/wp-json\/wp\/v2\/pages"}],"about":[{"href":"https:\/\/parks.indy.gov\/es\/wp-json\/wp\/v2\/types\/page"}],"author":[{"embeddable":true,"href":"https:\/\/parks.indy.gov\/es\/wp-json\/wp\/v2\/users\/20"}],"replies":[{"embeddable":true,"href":"https:\/\/parks.indy.gov\/es\/wp-json\/wp\/v2\/comments?post=3889"}],"version-history":[{"count":3,"href":"https:\/\/parks.indy.gov\/es\/wp-json\/wp\/v2\/pages\/3889\/revisions"}],"predecessor-version":[{"id":5250,"href":"https:\/\/parks.indy.gov\/es\/wp-json\/wp\/v2\/pages\/3889\/revisions\/5250"}],"up":[{"embeddable":true,"href":"https:\/\/parks.indy.gov\/es\/wp-json\/wp\/v2\/pages\/213"}],"wp:featuredmedia":[{"embeddable":true,"href":"https:\/\/parks.indy.gov\/es\/wp-json\/wp\/v2\/media\/5247"}],"wp:attachment":[{"href":"https:\/\/parks.indy.gov\/es\/wp-json\/wp\/v2\/media?parent=3889"}],"curies":[{"name":"gracias","href":"https:\/\/api.w.org\/{rel}","templated":true}]}}