{"id":4019,"date":"2024-11-18T19:08:52","date_gmt":"2024-11-18T19:08:52","guid":{"rendered":"https:\/\/parks.indy.gov\/?page_id=4019"},"modified":"2024-12-03T19:55:20","modified_gmt":"2024-12-03T19:55:20","slug":"dog-parks","status":"publish","type":"page","link":"https:\/\/parks.indy.gov\/es\/explore-indy-parks\/dog-parks\/","title":{"rendered":"Parques para perros"},"content":{"rendered":"<div  class=\"gallery__block alignfull\">\n\t<div class=\"gallery\">\n\t\t\t\t\t<a class=\"gallery__link\"\n\t\t\t\thref=\"https:\/\/parks.indy.gov\/wp-content\/uploads\/2024\/12\/48576465906_b75d4a80cb_b.jpg\"\n\t\t\t\tdata-gallery=\"gallery-9679\"\n\t\t\t\tdata-description=\"\"\n\t\t\t\taria-label=\"\"\n\t\t\t>\n\t\t\t\t<img decoding=\"async\" width=\"480\" height=\"320\" src=\"https:\/\/parks.indy.gov\/wp-content\/uploads\/2024\/12\/48576465906_b75d4a80cb_b-480x320.jpg\" class=\"gallery__item\" alt=\"\" srcset=\"https:\/\/parks.indy.gov\/wp-content\/uploads\/2024\/12\/48576465906_b75d4a80cb_b-480x320.jpg 480w, https:\/\/parks.indy.gov\/wp-content\/uploads\/2024\/12\/48576465906_b75d4a80cb_b-500x333.jpg 500w, https:\/\/parks.indy.gov\/wp-content\/uploads\/2024\/12\/48576465906_b75d4a80cb_b-975x650.jpg 975w, https:\/\/parks.indy.gov\/wp-content\/uploads\/2024\/12\/48576465906_b75d4a80cb_b-768x512.jpg 768w, https:\/\/parks.indy.gov\/wp-content\/uploads\/2024\/12\/48576465906_b75d4a80cb_b-18x12.jpg 18w, https:\/\/parks.indy.gov\/wp-content\/uploads\/2024\/12\/48576465906_b75d4a80cb_b-420x280.jpg 420w, https:\/\/parks.indy.gov\/wp-content\/uploads\/2024\/12\/48576465906_b75d4a80cb_b.jpg 1024w\" sizes=\"(max-width: 480px) 100vw, 480px\" \/>\t\t\t<\/a>\n\t\t\t\t\t<a class=\"gallery__link\"\n\t\t\t\thref=\"https:\/\/parks.indy.gov\/wp-content\/uploads\/2024\/12\/EC-Dog-Park.jpg\"\n\t\t\t\tdata-gallery=\"gallery-9679\"\n\t\t\t\tdata-description=\"\"\n\t\t\t\taria-label=\"\"\n\t\t\t>\n\t\t\t\t<img decoding=\"async\" width=\"611\" height=\"320\" src=\"https:\/\/parks.indy.gov\/wp-content\/uploads\/2024\/12\/EC-Dog-Park-611x320.jpg\" class=\"gallery__item\" alt=\"\" srcset=\"https:\/\/parks.indy.gov\/wp-content\/uploads\/2024\/12\/EC-Dog-Park-611x320.jpg 611w, https:\/\/parks.indy.gov\/wp-content\/uploads\/2024\/12\/EC-Dog-Park-500x262.jpg 500w, https:\/\/parks.indy.gov\/wp-content\/uploads\/2024\/12\/EC-Dog-Park-975x510.jpg 975w, https:\/\/parks.indy.gov\/wp-content\/uploads\/2024\/12\/EC-Dog-Park-768x402.jpg 768w, https:\/\/parks.indy.gov\/wp-content\/uploads\/2024\/12\/EC-Dog-Park-18x9.jpg 18w, https:\/\/parks.indy.gov\/wp-content\/uploads\/2024\/12\/EC-Dog-Park-420x220.jpg 420w, https:\/\/parks.indy.gov\/wp-content\/uploads\/2024\/12\/EC-Dog-Park.jpg 1200w\" sizes=\"(max-width: 611px) 100vw, 611px\" \/>\t\t\t<\/a>\n\t\t\t\t\t<a class=\"gallery__link\"\n\t\t\t\thref=\"https:\/\/parks.indy.gov\/wp-content\/uploads\/2024\/12\/Dog-Park.jpg\"\n\t\t\t\tdata-gallery=\"gallery-9679\"\n\t\t\t\tdata-description=\"\"\n\t\t\t\taria-label=\"\"\n\t\t\t>\n\t\t\t\t<img decoding=\"async\" width=\"480\" height=\"320\" src=\"https:\/\/parks.indy.gov\/wp-content\/uploads\/2024\/12\/Dog-Park-480x320.jpg\" class=\"gallery__item\" alt=\"\" srcset=\"https:\/\/parks.indy.gov\/wp-content\/uploads\/2024\/12\/Dog-Park-480x320.jpg 480w, https:\/\/parks.indy.gov\/wp-content\/uploads\/2024\/12\/Dog-Park-500x333.jpg 500w, https:\/\/parks.indy.gov\/wp-content\/uploads\/2024\/12\/Dog-Park-18x12.jpg 18w, https:\/\/parks.indy.gov\/wp-content\/uploads\/2024\/12\/Dog-Park-420x280.jpg 420w, https:\/\/parks.indy.gov\/wp-content\/uploads\/2024\/12\/Dog-Park.jpg 600w\" sizes=\"(max-width: 480px) 100vw, 480px\" \/>\t\t\t<\/a>\n\t\t\t\t\t<a class=\"gallery__link\"\n\t\t\t\thref=\"https:\/\/parks.indy.gov\/wp-content\/uploads\/2023\/03\/broad-ripple-dog-e1680293868568.webp\"\n\t\t\t\tdata-gallery=\"gallery-9679\"\n\t\t\t\tdata-description=\"\"\n\t\t\t\taria-label=\"\"\n\t\t\t>\n\t\t\t\t<img decoding=\"async\" width=\"692\" height=\"320\" src=\"https:\/\/parks.indy.gov\/wp-content\/uploads\/2023\/03\/broad-ripple-dog-e1680293868568-692x320.webp\" class=\"gallery__item\" alt=\"\" srcset=\"https:\/\/parks.indy.gov\/wp-content\/uploads\/2023\/03\/broad-ripple-dog-e1680293868568-692x320.webp 692w, https:\/\/parks.indy.gov\/wp-content\/uploads\/2023\/03\/broad-ripple-dog-e1680293868568-500x231.webp 500w, https:\/\/parks.indy.gov\/wp-content\/uploads\/2023\/03\/broad-ripple-dog-e1680293868568-975x451.webp 975w, https:\/\/parks.indy.gov\/wp-content\/uploads\/2023\/03\/broad-ripple-dog-e1680293868568-768x355.webp 768w, https:\/\/parks.indy.gov\/wp-content\/uploads\/2023\/03\/broad-ripple-dog-e1680293868568-18x8.webp 18w, https:\/\/parks.indy.gov\/wp-content\/uploads\/2023\/03\/broad-ripple-dog-e1680293868568-420x194.webp 420w, https:\/\/parks.indy.gov\/wp-content\/uploads\/2023\/03\/broad-ripple-dog-e1680293868568.webp 1177w\" sizes=\"(max-width: 692px) 100vw, 692px\" \/>\t\t\t<\/a>\n\t\t\t\t\t<a class=\"gallery__link\"\n\t\t\t\thref=\"https:\/\/parks.indy.gov\/wp-content\/uploads\/2024\/12\/IMG_20190817_094323.jpeg\"\n\t\t\t\tdata-gallery=\"gallery-9679\"\n\t\t\t\tdata-description=\"\"\n\t\t\t\taria-label=\"\"\n\t\t\t>\n\t\t\t\t<img decoding=\"async\" width=\"427\" height=\"320\" src=\"https:\/\/parks.indy.gov\/wp-content\/uploads\/2024\/12\/IMG_20190817_094323-427x320.jpeg\" class=\"gallery__item\" alt=\"\" srcset=\"https:\/\/parks.indy.gov\/wp-content\/uploads\/2024\/12\/IMG_20190817_094323-427x320.jpeg 427w, https:\/\/parks.indy.gov\/wp-content\/uploads\/2024\/12\/IMG_20190817_094323-500x375.jpeg 500w, https:\/\/parks.indy.gov\/wp-content\/uploads\/2024\/12\/IMG_20190817_094323-975x731.jpeg 975w, https:\/\/parks.indy.gov\/wp-content\/uploads\/2024\/12\/IMG_20190817_094323-768x576.jpeg 768w, https:\/\/parks.indy.gov\/wp-content\/uploads\/2024\/12\/IMG_20190817_094323-1536x1152.jpeg 1536w, https:\/\/parks.indy.gov\/wp-content\/uploads\/2024\/12\/IMG_20190817_094323-2048x1536.jpeg 2048w, https:\/\/parks.indy.gov\/wp-content\/uploads\/2024\/12\/IMG_20190817_094323-16x12.jpeg 16w, https:\/\/parks.indy.gov\/wp-content\/uploads\/2024\/12\/IMG_20190817_094323-1440x1080.jpeg 1440w, https:\/\/parks.indy.gov\/wp-content\/uploads\/2024\/12\/IMG_20190817_094323-420x315.jpeg 420w\" sizes=\"(max-width: 427px) 100vw, 427px\" \/>\t\t\t<\/a>\n\t\t\t\t\t<a class=\"gallery__link\"\n\t\t\t\thref=\"https:\/\/parks.indy.gov\/wp-content\/uploads\/2024\/12\/EC-Dog-Park-2.jpg\"\n\t\t\t\tdata-gallery=\"gallery-9679\"\n\t\t\t\tdata-description=\"\"\n\t\t\t\taria-label=\"\"\n\t\t\t>\n\t\t\t\t<img decoding=\"async\" width=\"611\" height=\"320\" src=\"https:\/\/parks.indy.gov\/wp-content\/uploads\/2024\/12\/EC-Dog-Park-2-611x320.jpg\" class=\"gallery__item\" alt=\"\" srcset=\"https:\/\/parks.indy.gov\/wp-content\/uploads\/2024\/12\/EC-Dog-Park-2-611x320.jpg 611w, https:\/\/parks.indy.gov\/wp-content\/uploads\/2024\/12\/EC-Dog-Park-2-500x262.jpg 500w, https:\/\/parks.indy.gov\/wp-content\/uploads\/2024\/12\/EC-Dog-Park-2-975x510.jpg 975w, https:\/\/parks.indy.gov\/wp-content\/uploads\/2024\/12\/EC-Dog-Park-2-768x402.jpg 768w, https:\/\/parks.indy.gov\/wp-content\/uploads\/2024\/12\/EC-Dog-Park-2-18x9.jpg 18w, https:\/\/parks.indy.gov\/wp-content\/uploads\/2024\/12\/EC-Dog-Park-2-420x220.jpg 420w, https:\/\/parks.indy.gov\/wp-content\/uploads\/2024\/12\/EC-Dog-Park-2.jpg 1200w\" sizes=\"(max-width: 611px) 100vw, 611px\" \/>\t\t\t<\/a>\n\t\t\t<\/div>\n\t<div class=\"gallery__controls tns__controls\">\n\t\t<button class=\"category-slider__prev\">\n\t\t\t<span class=\"u-visually-hidden\">Anterior<\/span>\n\t\t<\/button>\n\t\t<button class=\"category-slider__next\">\n\t\t\t<span class=\"u-visually-hidden\">Pr\u00f3ximo<\/span>\n\t\t<\/button>\n\t<\/div>\n<\/div>\n\t\n\n\n<p><\/p>\n\n\n\n<h2 class=\"wp-block-heading\">Parques para perros de Indy Parks<\/h2>\n\n\n\n<p>Descubra una variedad de parques para perros sin correa en Indian\u00e1polis donde usted y su amigo peludo pueden explorar, jugar y hacer nuevos amigos. Nuestros parques para perros ofrecen entornos seguros y espaciosos para que los perros hagan ejercicio y socialicen. \u00a1Siga leyendo para encontrar el parque perfecto para usted y su cachorro!<\/p>\n\n\n\n<p><\/p>\n\n\n\n<h2 class=\"wp-block-heading\">Parque para perros Broad Ripple<\/h2>\n\n\n\n<p>Ubicado junto al r\u00edo Blanco, <a href=\"https:\/\/parks.indy.gov\/es\/parks\/broad-ripple-park\/\">Ondulaci\u00f3n ancha<\/a> Bark Park abri\u00f3 por primera vez en 1999 como el primero de la ciudad de Indian\u00e1polis. En 2019, el parque se someti\u00f3 a una renovaci\u00f3n importante, agregando un campo interior de c\u00e9sped artificial, un gran refugio hexagonal, una nueva fuente de agua potable, una estaci\u00f3n de lavado para perros, bancos y equipo de agilidad.<\/p>\n\n\n\n<p class=\"has-6-font-size\"><strong>Ubicaci\u00f3n y contacto:<\/strong><\/p>\n\n\n\n<p>1426 Broad Ripple Ave, 46220 | 317-327-7161 | Abierto desde el amanecer hasta el anochecer<\/p>\n\n\n\n<h2 class=\"wp-block-heading\">Parque para perros Gordon Gilmer de Eagle Creek<\/h2>\n\n\n\n<p>Ubicado en la naturaleza, <a href=\"https:\/\/parks.indy.gov\/es\/parks\/eagle-creek-park\/\">Arroyo del \u00c1guila<\/a> Bark Park es un lugar donde los due\u00f1os y sus amigos de cuatro patas pueden socializar y disfrutar de la compa\u00f1\u00eda de otros sin correa. Obtenga m\u00e1s informaci\u00f3n sobre el registro <a href=\"https:\/\/eaglecreekpark.org\/bark-park\/\">aqu\u00ed<\/a>.<\/p>\n\n\n\n<p class=\"has-6-font-size\"><strong>Ubicaci\u00f3n y contacto:<\/strong><\/p>\n\n\n\n<p>Compre su pase en la oficina de Eagle Creek Park, 7840 W 56th St, 46254 | Bark Park, ubicado en 5900 N High School Road, 46254 | 317-327-7110<\/p>\n\n\n\n<h2 class=\"wp-block-heading\">Parque para perros Paul Ruster<\/h2>\n\n\n\n<p>Este parque para perros est\u00e1 ubicado dentro del pintoresco terreno de 82 acres. <a href=\"https:\/\/parks.indy.gov\/es\/parks\/paul-ruster-park\/\">Parque Paul Ruster<\/a> en la calle East Prospect.<\/p>\n\n\n\n<p>Ubicaci\u00f3n y contacto:<\/p>\n\n\n\n<p>Compre su pase en la oficina de Indianapolis World Sports Park, 1313 S. Post Rd, 46239 | Bark Park, ubicado en 11300 Prospect St, 46239 | 317-327-0143<\/p>\n\n\n\n<h2 class=\"wp-block-heading\">Parque para perros Smock<\/h2>\n\n\n\n<p>Smock Bark Park est\u00e1 ubicado junto a <a href=\"https:\/\/parks.indy.gov\/es\/parks\/smock-golf-course\/\">Campo de golf bata<\/a>.<\/p>\n\n\n\n<p>Ubicaci\u00f3n y contacto:<\/p>\n\n\n\n<p>Compre su pase en la oficina de Perry Park en 451 E Stop 11 Rd, 46227 | Bark Park est\u00e1 ubicado en 3910 E County Line Rd, Indianapolis, IN 46237 | 317-888-0070<\/p>\n\n\n\n<h2 class=\"wp-block-heading\">Precios y requisitos: <\/h2>\n\n\n\n<p class=\"has-6-font-size\"><strong>Tarifas del pase anual:<\/strong><\/p>\n\n\n\n<p>1er perro \u2013 $75<\/p>\n\n\n\n<p>Despu\u00e9s del 1 de junio \u2013 $55<\/p>\n\n\n\n<p>Despu\u00e9s del 1 de septiembre \u2013 $40<\/p>\n\n\n\n<p>2.\u00ba y 3.er perro: descuento 50%<\/p>\n\n\n\n<p class=\"has-6-font-size\"><strong>Pase VIP:<\/strong><\/p>\n\n\n\n<p>V\u00e1lido para los 4 parques para perros y solo disponible para comprar en Broad Ripple Park.<\/p>\n\n\n\n<p>1er perro \u2013 $125<\/p>\n\n\n\n<p>Despu\u00e9s del 1 de junio \u2013 $105<\/p>\n\n\n\n<p>Despu\u00e9s del 1 de septiembre \u2013 $95<\/p>\n\n\n\n<p class=\"has-6-font-size\"><strong>Tarifa diaria:<\/strong><\/p>\n\n\n\n<p>$5 por perro por d\u00eda<\/p>\n\n\n\n<p>Aceptamos cheque, efectivo, Visa, Master Card y American Express.<\/p>\n\n\n\n<p class=\"has-6-font-size\"><strong>Requisitos de inscripci\u00f3n:<\/strong><\/p>\n\n\n\n<p>Para comprar un pase, visite la oficina del parque y lleve una copia del registro de vacunaci\u00f3n de su perro que muestre las vacunas actuales contra la rabia, el parvovirus, el moquillo y la bordetella. Al registrarse, recibir\u00e1 una etiqueta para su perro y un lector de acceso para usted.<\/p>\n\n\n\n<p class=\"has-2-font-size\">Indy Parks se esfuerza por brindar un entorno divertido y seguro para usted y su(s) perro(s). Sin embargo, al utilizar esta instalaci\u00f3n, usted acepta que comprende y asume toda la responsabilidad por el riesgo en el parque para perros. El incumplimiento de cualquier ordenanza, estatuto, norma, reglamento o pol\u00edtica del parque o de la ciudad puede resultar en la suspensi\u00f3n o p\u00e9rdida del pase sin reembolso.<\/p>","protected":false},"excerpt":{"rendered":"","protected":false},"author":20,"featured_media":4080,"parent":24,"menu_order":0,"comment_status":"closed","ping_status":"closed","template":"","meta":{"_acf_changed":false,"footnotes":""},"class_list":["post-4019","page","type-page","status-publish","has-post-thumbnail","hentry"],"acf":[],"yoast_head":"<!-- This site is optimized with the Yoast SEO plugin v27.1.1 - https:\/\/yoast.com\/product\/yoast-seo-wordpress\/ -->\n<title>Dog Parks - Indy Parks &amp; Recreation<\/title>\n<meta name=\"robots\" content=\"index, follow, max-snippet:-1, max-image-preview:large, max-video-preview:-1\" \/>\n<link rel=\"canonical\" href=\"https:\/\/parks.indy.gov\/es\/explore-indy-parks\/dog-parks\/\" \/>\n<meta property=\"og:locale\" content=\"es_ES\" \/>\n<meta property=\"og:type\" content=\"article\" \/>\n<meta property=\"og:title\" content=\"Dog Parks - Indy Parks &amp; Recreation\" \/>\n<meta property=\"og:url\" content=\"https:\/\/parks.indy.gov\/es\/explore-indy-parks\/dog-parks\/\" \/>\n<meta property=\"og:site_name\" content=\"Indy Parks &amp; Recreation\" \/>\n<meta property=\"article:modified_time\" content=\"2024-12-03T19:55:20+00:00\" \/>\n<meta property=\"og:image\" content=\"https:\/\/parks.indy.gov\/wp-content\/uploads\/2024\/12\/EC-Dog-Park.jpg\" \/>\n\t<meta property=\"og:image:width\" content=\"1200\" \/>\n\t<meta property=\"og:image:height\" content=\"628\" \/>\n\t<meta property=\"og:image:type\" content=\"image\/jpeg\" \/>\n<meta name=\"twitter:card\" content=\"summary_large_image\" \/>\n<meta name=\"twitter:label1\" content=\"Est. reading time\" \/>\n\t<meta name=\"twitter:data1\" content=\"4 minutes\" \/>\n<!-- \/ Yoast SEO plugin. -->","yoast_head_json":{"title":"Dog Parks - Indy Parks &amp; Recreation","robots":{"index":"index","follow":"follow","max-snippet":"max-snippet:-1","max-image-preview":"max-image-preview:large","max-video-preview":"max-video-preview:-1"},"canonical":"https:\/\/parks.indy.gov\/es\/explore-indy-parks\/dog-parks\/","og_locale":"es_ES","og_type":"article","og_title":"Dog Parks - Indy Parks &amp; Recreation","og_url":"https:\/\/parks.indy.gov\/es\/explore-indy-parks\/dog-parks\/","og_site_name":"Indy Parks &amp; Recreation","article_modified_time":"2024-12-03T19:55:20+00:00","og_image":[{"width":1200,"height":628,"url":"https:\/\/parks.indy.gov\/wp-content\/uploads\/2024\/12\/EC-Dog-Park.jpg","type":"image\/jpeg"}],"twitter_card":"summary_large_image","twitter_misc":{"Est. reading time":"4 minutes"},"schema":{"@context":"https:\/\/schema.org","@graph":[{"@type":"WebPage","@id":"https:\/\/parks.indy.gov\/explore-indy-parks\/dog-parks\/","url":"https:\/\/parks.indy.gov\/explore-indy-parks\/dog-parks\/","name":"Dog Parks - Indy Parks &amp; Recreation","isPartOf":{"@id":"https:\/\/parks.indy.gov\/es\/#website"},"primaryImageOfPage":{"@id":"https:\/\/parks.indy.gov\/explore-indy-parks\/dog-parks\/#primaryimage"},"image":{"@id":"https:\/\/parks.indy.gov\/explore-indy-parks\/dog-parks\/#primaryimage"},"thumbnailUrl":"https:\/\/parks.indy.gov\/wp-content\/uploads\/2024\/12\/EC-Dog-Park.jpg","datePublished":"2024-11-18T19:08:52+00:00","dateModified":"2024-12-03T19:55:20+00:00","breadcrumb":{"@id":"https:\/\/parks.indy.gov\/explore-indy-parks\/dog-parks\/#breadcrumb"},"inLanguage":"es-ES","potentialAction":[{"@type":"ReadAction","target":["https:\/\/parks.indy.gov\/explore-indy-parks\/dog-parks\/"]}]},{"@type":"ImageObject","inLanguage":"es-ES","@id":"https:\/\/parks.indy.gov\/explore-indy-parks\/dog-parks\/#primaryimage","url":"https:\/\/parks.indy.gov\/wp-content\/uploads\/2024\/12\/EC-Dog-Park.jpg","contentUrl":"https:\/\/parks.indy.gov\/wp-content\/uploads\/2024\/12\/EC-Dog-Park.jpg","width":1200,"height":628},{"@type":"BreadcrumbList","@id":"https:\/\/parks.indy.gov\/explore-indy-parks\/dog-parks\/#breadcrumb","itemListElement":[{"@type":"ListItem","position":1,"name":"Home","item":"https:\/\/parks.indy.gov\/"},{"@type":"ListItem","position":2,"name":"Explore Indy Parks","item":"https:\/\/parks.indy.gov\/explore-indy-parks\/"},{"@type":"ListItem","position":3,"name":"Dog Parks"}]},{"@type":"WebSite","@id":"https:\/\/parks.indy.gov\/es\/#website","url":"https:\/\/parks.indy.gov\/es\/","name":"Parques y recreaci\u00f3n de Indy","description":"Proporcionando experiencias enriquecedoras para todos.","publisher":{"@id":"https:\/\/parks.indy.gov\/es\/#organization"},"potentialAction":[{"@type":"SearchAction","target":{"@type":"EntryPoint","urlTemplate":"https:\/\/parks.indy.gov\/es\/?s={search_term_string}"},"query-input":{"@type":"PropertyValueSpecification","valueRequired":true,"valueName":"search_term_string"}}],"inLanguage":"es-ES"},{"@type":"Organization","@id":"https:\/\/parks.indy.gov\/es\/#organization","name":"Parques y recreaci\u00f3n de Indy","url":"https:\/\/parks.indy.gov\/es\/","logo":{"@type":"ImageObject","inLanguage":"es-ES","@id":"https:\/\/parks.indy.gov\/es\/#\/schema\/logo\/image\/","url":"https:\/\/parks.indy.gov\/wp-content\/uploads\/2023\/03\/Horizontal-Logo-1-e1678482885380.png","contentUrl":"https:\/\/parks.indy.gov\/wp-content\/uploads\/2023\/03\/Horizontal-Logo-1-e1678482885380.png","width":258,"height":79,"caption":"Indy Parks &amp; Recreation"},"image":{"@id":"https:\/\/parks.indy.gov\/es\/#\/schema\/logo\/image\/"}}]}},"_links":{"self":[{"href":"https:\/\/parks.indy.gov\/es\/wp-json\/wp\/v2\/pages\/4019","targetHints":{"allow":["GET"]}}],"collection":[{"href":"https:\/\/parks.indy.gov\/es\/wp-json\/wp\/v2\/pages"}],"about":[{"href":"https:\/\/parks.indy.gov\/es\/wp-json\/wp\/v2\/types\/page"}],"author":[{"embeddable":true,"href":"https:\/\/parks.indy.gov\/es\/wp-json\/wp\/v2\/users\/20"}],"replies":[{"embeddable":true,"href":"https:\/\/parks.indy.gov\/es\/wp-json\/wp\/v2\/comments?post=4019"}],"version-history":[{"count":2,"href":"https:\/\/parks.indy.gov\/es\/wp-json\/wp\/v2\/pages\/4019\/revisions"}],"predecessor-version":[{"id":4081,"href":"https:\/\/parks.indy.gov\/es\/wp-json\/wp\/v2\/pages\/4019\/revisions\/4081"}],"up":[{"embeddable":true,"href":"https:\/\/parks.indy.gov\/es\/wp-json\/wp\/v2\/pages\/24"}],"wp:featuredmedia":[{"embeddable":true,"href":"https:\/\/parks.indy.gov\/es\/wp-json\/wp\/v2\/media\/4080"}],"wp:attachment":[{"href":"https:\/\/parks.indy.gov\/es\/wp-json\/wp\/v2\/media?parent=4019"}],"curies":[{"name":"gracias","href":"https:\/\/api.w.org\/{rel}","templated":true}]}}