{"id":4037,"date":"2024-11-21T14:24:15","date_gmt":"2024-11-21T14:24:15","guid":{"rendered":"https:\/\/parks.indy.gov\/?page_id=4037"},"modified":"2024-11-21T14:24:17","modified_gmt":"2024-11-21T14:24:17","slug":"rfi","status":"publish","type":"page","link":"https:\/\/parks.indy.gov\/es\/about-us\/rfi\/","title":{"rendered":"Solicitud de informaci\u00f3n: Software de gesti\u00f3n de ocio"},"content":{"rendered":"<p><em>Indy Parks busca informaci\u00f3n sobre soluciones de software de gesti\u00f3n de recreaci\u00f3n s\u00f3lidas para mejorar nuestras operaciones y brindar un mejor servicio a la comunidad. Nos interesa un software que admita el registro de programas, las reservas de instalaciones, el procesamiento de pagos, la elaboraci\u00f3n de informes y la interacci\u00f3n con los clientes. Proporcione informaci\u00f3n detallada sobre las caracter\u00edsticas, la escalabilidad y el soporte de su producto.<\/em><\/p>\n\n\n\n<div data-wp-interactive=\"core\/file\" class=\"wp-block-file\"><object data-wp-bind--hidden=\"!state.hasPdfPreview\" hidden class=\"wp-block-file__embed\" data=\"https:\/\/parks.indy.gov\/wp-content\/uploads\/2024\/11\/REQUEST-FOR-INFORMATION-Recreation-Management-Software-2024.pdf\" type=\"application\/pdf\" style=\"width:100%;height:600px\" aria-label=\"Incrustar software de gesti\u00f3n de recreaci\u00f3n SOLICITUD DE INFORMACI\u00d3N 2024.\"><\/object><a id=\"wp-block-file--media-35f54bb3-96f7-4333-b6e9-71dde5975d63\" href=\"https:\/\/parks.indy.gov\/wp-content\/uploads\/2024\/11\/REQUEST-FOR-INFORMATION-Recreation-Management-Software-2024.pdf\">SOLICITUD DE INFORMACION-Software-de-Gesti\u00f3n-Recreativa-2024<\/a><a href=\"https:\/\/parks.indy.gov\/wp-content\/uploads\/2024\/11\/REQUEST-FOR-INFORMATION-Recreation-Management-Software-2024.pdf\" class=\"wp-block-file__button wp-element-button\" download aria-describedby=\"wp-block-file--media-35f54bb3-96f7-4333-b6e9-71dde5975d63\">Descargar<\/a><\/div>","protected":false},"excerpt":{"rendered":"","protected":false},"author":20,"featured_media":3766,"parent":26,"menu_order":0,"comment_status":"closed","ping_status":"closed","template":"","meta":{"_acf_changed":false,"footnotes":""},"class_list":["post-4037","page","type-page","status-publish","has-post-thumbnail","hentry"],"acf":[],"yoast_head":"<!-- This site is optimized with the Yoast SEO plugin v27.1.1 - https:\/\/yoast.com\/product\/yoast-seo-wordpress\/ -->\n<title>Request for Information: Recreation Management Software - Indy Parks &amp; Recreation<\/title>\n<meta name=\"description\" content=\"Indy Parks is seeking information on robust Recreation Management Software solutions to enhance our operations and better serve the community.\" \/>\n<meta name=\"robots\" content=\"index, follow, max-snippet:-1, max-image-preview:large, max-video-preview:-1\" \/>\n<link rel=\"canonical\" href=\"https:\/\/parks.indy.gov\/es\/about-us\/rfi\/\" \/>\n<meta property=\"og:locale\" content=\"es_ES\" \/>\n<meta property=\"og:type\" content=\"article\" \/>\n<meta property=\"og:title\" content=\"Request for Information: Recreation Management Software - Indy Parks &amp; Recreation\" \/>\n<meta property=\"og:description\" content=\"Indy Parks is seeking information on robust Recreation Management Software solutions to enhance our operations and better serve the community.\" \/>\n<meta property=\"og:url\" content=\"https:\/\/parks.indy.gov\/es\/about-us\/rfi\/\" \/>\n<meta property=\"og:site_name\" content=\"Indy Parks &amp; Recreation\" \/>\n<meta property=\"article:modified_time\" content=\"2024-11-21T14:24:17+00:00\" \/>\n<meta property=\"og:image\" content=\"https:\/\/parks.indy.gov\/wp-content\/uploads\/2023\/03\/Christian-Park-1.png\" \/>\n\t<meta property=\"og:image:width\" content=\"2000\" \/>\n\t<meta property=\"og:image:height\" content=\"650\" \/>\n\t<meta property=\"og:image:type\" content=\"image\/png\" \/>\n<meta name=\"twitter:card\" content=\"summary_large_image\" \/>\n<meta name=\"twitter:label1\" content=\"Est. reading time\" \/>\n\t<meta name=\"twitter:data1\" content=\"1 minute\" \/>\n<!-- \/ Yoast SEO plugin. -->","yoast_head_json":{"title":"Request for Information: Recreation Management Software - Indy Parks &amp; Recreation","description":"Indy Parks is seeking information on robust Recreation Management Software solutions to enhance our operations and better serve the community.","robots":{"index":"index","follow":"follow","max-snippet":"max-snippet:-1","max-image-preview":"max-image-preview:large","max-video-preview":"max-video-preview:-1"},"canonical":"https:\/\/parks.indy.gov\/es\/about-us\/rfi\/","og_locale":"es_ES","og_type":"article","og_title":"Request for Information: Recreation Management Software - Indy Parks &amp; Recreation","og_description":"Indy Parks is seeking information on robust Recreation Management Software solutions to enhance our operations and better serve the community.","og_url":"https:\/\/parks.indy.gov\/es\/about-us\/rfi\/","og_site_name":"Indy Parks &amp; Recreation","article_modified_time":"2024-11-21T14:24:17+00:00","og_image":[{"width":2000,"height":650,"url":"https:\/\/parks.indy.gov\/wp-content\/uploads\/2023\/03\/Christian-Park-1.png","type":"image\/png"}],"twitter_card":"summary_large_image","twitter_misc":{"Est. reading time":"1 minute"},"schema":{"@context":"https:\/\/schema.org","@graph":[{"@type":"WebPage","@id":"https:\/\/parks.indy.gov\/es\/about-us\/rfi\/","url":"https:\/\/parks.indy.gov\/es\/about-us\/rfi\/","name":"Request for Information: Recreation Management Software - Indy Parks &amp; Recreation","isPartOf":{"@id":"https:\/\/parks.indy.gov\/es\/#website"},"primaryImageOfPage":{"@id":"https:\/\/parks.indy.gov\/es\/about-us\/rfi\/#primaryimage"},"image":{"@id":"https:\/\/parks.indy.gov\/es\/about-us\/rfi\/#primaryimage"},"thumbnailUrl":"https:\/\/parks.indy.gov\/wp-content\/uploads\/2023\/03\/Christian-Park-1.png","datePublished":"2024-11-21T14:24:15+00:00","dateModified":"2024-11-21T14:24:17+00:00","description":"Indy Parks is seeking information on robust Recreation Management Software solutions to enhance our operations and better serve the community.","breadcrumb":{"@id":"https:\/\/parks.indy.gov\/es\/about-us\/rfi\/#breadcrumb"},"inLanguage":"es-ES","potentialAction":[{"@type":"ReadAction","target":["https:\/\/parks.indy.gov\/es\/about-us\/rfi\/"]}]},{"@type":"ImageObject","inLanguage":"es-ES","@id":"https:\/\/parks.indy.gov\/es\/about-us\/rfi\/#primaryimage","url":"https:\/\/parks.indy.gov\/wp-content\/uploads\/2023\/03\/Christian-Park-1.png","contentUrl":"https:\/\/parks.indy.gov\/wp-content\/uploads\/2023\/03\/Christian-Park-1.png","width":2000,"height":650,"caption":"The outside of the Broad Ripple Park Family Center with large windows and green and blue lettering."},{"@type":"BreadcrumbList","@id":"https:\/\/parks.indy.gov\/es\/about-us\/rfi\/#breadcrumb","itemListElement":[{"@type":"ListItem","position":1,"name":"Home","item":"https:\/\/parks.indy.gov\/"},{"@type":"ListItem","position":2,"name":"About Us","item":"https:\/\/parks.indy.gov\/about-us\/"},{"@type":"ListItem","position":3,"name":"Request for Information: Recreation Management Software"}]},{"@type":"WebSite","@id":"https:\/\/parks.indy.gov\/es\/#website","url":"https:\/\/parks.indy.gov\/es\/","name":"Parques y recreaci\u00f3n de Indy","description":"Proporcionando experiencias enriquecedoras para todos.","publisher":{"@id":"https:\/\/parks.indy.gov\/es\/#organization"},"potentialAction":[{"@type":"SearchAction","target":{"@type":"EntryPoint","urlTemplate":"https:\/\/parks.indy.gov\/es\/?s={search_term_string}"},"query-input":{"@type":"PropertyValueSpecification","valueRequired":true,"valueName":"search_term_string"}}],"inLanguage":"es-ES"},{"@type":"Organization","@id":"https:\/\/parks.indy.gov\/es\/#organization","name":"Parques y recreaci\u00f3n de Indy","url":"https:\/\/parks.indy.gov\/es\/","logo":{"@type":"ImageObject","inLanguage":"es-ES","@id":"https:\/\/parks.indy.gov\/es\/#\/schema\/logo\/image\/","url":"https:\/\/parks.indy.gov\/wp-content\/uploads\/2023\/03\/Horizontal-Logo-1-e1678482885380.png","contentUrl":"https:\/\/parks.indy.gov\/wp-content\/uploads\/2023\/03\/Horizontal-Logo-1-e1678482885380.png","width":258,"height":79,"caption":"Indy Parks &amp; Recreation"},"image":{"@id":"https:\/\/parks.indy.gov\/es\/#\/schema\/logo\/image\/"}}]}},"_links":{"self":[{"href":"https:\/\/parks.indy.gov\/es\/wp-json\/wp\/v2\/pages\/4037","targetHints":{"allow":["GET"]}}],"collection":[{"href":"https:\/\/parks.indy.gov\/es\/wp-json\/wp\/v2\/pages"}],"about":[{"href":"https:\/\/parks.indy.gov\/es\/wp-json\/wp\/v2\/types\/page"}],"author":[{"embeddable":true,"href":"https:\/\/parks.indy.gov\/es\/wp-json\/wp\/v2\/users\/20"}],"replies":[{"embeddable":true,"href":"https:\/\/parks.indy.gov\/es\/wp-json\/wp\/v2\/comments?post=4037"}],"version-history":[{"count":1,"href":"https:\/\/parks.indy.gov\/es\/wp-json\/wp\/v2\/pages\/4037\/revisions"}],"predecessor-version":[{"id":4039,"href":"https:\/\/parks.indy.gov\/es\/wp-json\/wp\/v2\/pages\/4037\/revisions\/4039"}],"up":[{"embeddable":true,"href":"https:\/\/parks.indy.gov\/es\/wp-json\/wp\/v2\/pages\/26"}],"wp:featuredmedia":[{"embeddable":true,"href":"https:\/\/parks.indy.gov\/es\/wp-json\/wp\/v2\/media\/3766"}],"wp:attachment":[{"href":"https:\/\/parks.indy.gov\/es\/wp-json\/wp\/v2\/media?parent=4037"}],"curies":[{"name":"gracias","href":"https:\/\/api.w.org\/{rel}","templated":true}]}}