{"id":4279,"date":"2025-01-08T15:18:46","date_gmt":"2025-01-08T15:18:46","guid":{"rendered":"https:\/\/parks.indy.gov\/?page_id=4279"},"modified":"2025-03-31T13:56:40","modified_gmt":"2025-03-31T13:56:40","slug":"sledding","status":"publish","type":"page","link":"https:\/\/parks.indy.gov\/es\/sledding\/","title":{"rendered":"Paseos en trineo en los parques de Indian\u00e1polis"},"content":{"rendered":"<div  class=\"gallery__block alignfull\">\n\t<div class=\"gallery\">\n\t\t\t\t\t<a class=\"gallery__link\"\n\t\t\t\thref=\"https:\/\/parks.indy.gov\/wp-content\/uploads\/2025\/01\/SnowdayRhodius7.webp\"\n\t\t\t\tdata-gallery=\"gallery-2232\"\n\t\t\t\tdata-description=\"\"\n\t\t\t\taria-label=\"Child sledding at Rhodius Park\"\n\t\t\t>\n\t\t\t\t<img decoding=\"async\" width=\"480\" height=\"320\" src=\"https:\/\/parks.indy.gov\/wp-content\/uploads\/2025\/01\/SnowdayRhodius7-480x320.webp\" class=\"gallery__item\" alt=\"Child sledding at Rhodius Park\" srcset=\"https:\/\/parks.indy.gov\/wp-content\/uploads\/2025\/01\/SnowdayRhodius7-480x320.webp 480w, https:\/\/parks.indy.gov\/wp-content\/uploads\/2025\/01\/SnowdayRhodius7-500x333.webp 500w, https:\/\/parks.indy.gov\/wp-content\/uploads\/2025\/01\/SnowdayRhodius7-975x649.webp 975w, https:\/\/parks.indy.gov\/wp-content\/uploads\/2025\/01\/SnowdayRhodius7-768x512.webp 768w, https:\/\/parks.indy.gov\/wp-content\/uploads\/2025\/01\/SnowdayRhodius7-18x12.webp 18w, https:\/\/parks.indy.gov\/wp-content\/uploads\/2025\/01\/SnowdayRhodius7-420x280.webp 420w, https:\/\/parks.indy.gov\/wp-content\/uploads\/2025\/01\/SnowdayRhodius7.webp 1024w\" sizes=\"(max-width: 480px) 100vw, 480px\" \/>\t\t\t<\/a>\n\t\t\t\t\t<a class=\"gallery__link\"\n\t\t\t\thref=\"https:\/\/parks.indy.gov\/wp-content\/uploads\/2025\/01\/SnowdayRhodius5.webp\"\n\t\t\t\tdata-gallery=\"gallery-2232\"\n\t\t\t\tdata-description=\"\"\n\t\t\t\taria-label=\"Person sledding at Rhodius Park\"\n\t\t\t>\n\t\t\t\t<img decoding=\"async\" width=\"480\" height=\"320\" src=\"https:\/\/parks.indy.gov\/wp-content\/uploads\/2025\/01\/SnowdayRhodius5-480x320.webp\" class=\"gallery__item\" alt=\"Person sledding at Rhodius Park\" srcset=\"https:\/\/parks.indy.gov\/wp-content\/uploads\/2025\/01\/SnowdayRhodius5-480x320.webp 480w, https:\/\/parks.indy.gov\/wp-content\/uploads\/2025\/01\/SnowdayRhodius5-500x333.webp 500w, https:\/\/parks.indy.gov\/wp-content\/uploads\/2025\/01\/SnowdayRhodius5-975x650.webp 975w, https:\/\/parks.indy.gov\/wp-content\/uploads\/2025\/01\/SnowdayRhodius5-768x512.webp 768w, https:\/\/parks.indy.gov\/wp-content\/uploads\/2025\/01\/SnowdayRhodius5-18x12.webp 18w, https:\/\/parks.indy.gov\/wp-content\/uploads\/2025\/01\/SnowdayRhodius5-420x280.webp 420w, https:\/\/parks.indy.gov\/wp-content\/uploads\/2025\/01\/SnowdayRhodius5.webp 1024w\" sizes=\"(max-width: 480px) 100vw, 480px\" \/>\t\t\t<\/a>\n\t\t\t\t\t<a class=\"gallery__link\"\n\t\t\t\thref=\"https:\/\/parks.indy.gov\/wp-content\/uploads\/2025\/01\/SnowdayRhodius4.webp\"\n\t\t\t\tdata-gallery=\"gallery-2232\"\n\t\t\t\tdata-description=\"\"\n\t\t\t\taria-label=\"Family sledding at Rhodius Park\"\n\t\t\t>\n\t\t\t\t<img decoding=\"async\" width=\"480\" height=\"320\" src=\"https:\/\/parks.indy.gov\/wp-content\/uploads\/2025\/01\/SnowdayRhodius4-480x320.webp\" class=\"gallery__item\" alt=\"Family sledding at Rhodius Park\" srcset=\"https:\/\/parks.indy.gov\/wp-content\/uploads\/2025\/01\/SnowdayRhodius4-480x320.webp 480w, https:\/\/parks.indy.gov\/wp-content\/uploads\/2025\/01\/SnowdayRhodius4-500x333.webp 500w, https:\/\/parks.indy.gov\/wp-content\/uploads\/2025\/01\/SnowdayRhodius4-975x650.webp 975w, https:\/\/parks.indy.gov\/wp-content\/uploads\/2025\/01\/SnowdayRhodius4-768x512.webp 768w, https:\/\/parks.indy.gov\/wp-content\/uploads\/2025\/01\/SnowdayRhodius4-18x12.webp 18w, https:\/\/parks.indy.gov\/wp-content\/uploads\/2025\/01\/SnowdayRhodius4-420x280.webp 420w, https:\/\/parks.indy.gov\/wp-content\/uploads\/2025\/01\/SnowdayRhodius4.webp 1024w\" sizes=\"(max-width: 480px) 100vw, 480px\" \/>\t\t\t<\/a>\n\t\t\t\t\t<a class=\"gallery__link\"\n\t\t\t\thref=\"https:\/\/parks.indy.gov\/wp-content\/uploads\/2025\/01\/SnowdayRhodius3.webp\"\n\t\t\t\tdata-gallery=\"gallery-2232\"\n\t\t\t\tdata-description=\"\"\n\t\t\t\taria-label=\"Person sledding at Rhodius Park\"\n\t\t\t>\n\t\t\t\t<img decoding=\"async\" width=\"480\" height=\"320\" src=\"https:\/\/parks.indy.gov\/wp-content\/uploads\/2025\/01\/SnowdayRhodius3-480x320.webp\" class=\"gallery__item\" alt=\"Person sledding at Rhodius Park\" srcset=\"https:\/\/parks.indy.gov\/wp-content\/uploads\/2025\/01\/SnowdayRhodius3-480x320.webp 480w, https:\/\/parks.indy.gov\/wp-content\/uploads\/2025\/01\/SnowdayRhodius3-500x333.webp 500w, https:\/\/parks.indy.gov\/wp-content\/uploads\/2025\/01\/SnowdayRhodius3-975x650.webp 975w, https:\/\/parks.indy.gov\/wp-content\/uploads\/2025\/01\/SnowdayRhodius3-768x512.webp 768w, https:\/\/parks.indy.gov\/wp-content\/uploads\/2025\/01\/SnowdayRhodius3-18x12.webp 18w, https:\/\/parks.indy.gov\/wp-content\/uploads\/2025\/01\/SnowdayRhodius3-420x280.webp 420w, https:\/\/parks.indy.gov\/wp-content\/uploads\/2025\/01\/SnowdayRhodius3.webp 1024w\" sizes=\"(max-width: 480px) 100vw, 480px\" \/>\t\t\t<\/a>\n\t\t\t\t\t<a class=\"gallery__link\"\n\t\t\t\thref=\"https:\/\/parks.indy.gov\/wp-content\/uploads\/2025\/01\/SnowdayRhodius2.webp\"\n\t\t\t\tdata-gallery=\"gallery-2232\"\n\t\t\t\tdata-description=\"\"\n\t\t\t\taria-label=\"People sledding at Rhodius Park\"\n\t\t\t>\n\t\t\t\t<img decoding=\"async\" width=\"480\" height=\"320\" src=\"https:\/\/parks.indy.gov\/wp-content\/uploads\/2025\/01\/SnowdayRhodius2-480x320.webp\" class=\"gallery__item\" alt=\"People sledding at Rhodius Park\" srcset=\"https:\/\/parks.indy.gov\/wp-content\/uploads\/2025\/01\/SnowdayRhodius2-480x320.webp 480w, https:\/\/parks.indy.gov\/wp-content\/uploads\/2025\/01\/SnowdayRhodius2-500x333.webp 500w, https:\/\/parks.indy.gov\/wp-content\/uploads\/2025\/01\/SnowdayRhodius2-975x650.webp 975w, https:\/\/parks.indy.gov\/wp-content\/uploads\/2025\/01\/SnowdayRhodius2-768x512.webp 768w, https:\/\/parks.indy.gov\/wp-content\/uploads\/2025\/01\/SnowdayRhodius2-18x12.webp 18w, https:\/\/parks.indy.gov\/wp-content\/uploads\/2025\/01\/SnowdayRhodius2-420x280.webp 420w, https:\/\/parks.indy.gov\/wp-content\/uploads\/2025\/01\/SnowdayRhodius2.webp 1024w\" sizes=\"(max-width: 480px) 100vw, 480px\" \/>\t\t\t<\/a>\n\t\t\t\t\t<a class=\"gallery__link\"\n\t\t\t\thref=\"https:\/\/parks.indy.gov\/wp-content\/uploads\/2025\/01\/SnowdayRhodius.webp\"\n\t\t\t\tdata-gallery=\"gallery-2232\"\n\t\t\t\tdata-description=\"\"\n\t\t\t\taria-label=\"Child sledding at Rhodius Park\"\n\t\t\t>\n\t\t\t\t<img decoding=\"async\" width=\"487\" height=\"320\" src=\"https:\/\/parks.indy.gov\/wp-content\/uploads\/2025\/01\/SnowdayRhodius-487x320.webp\" class=\"gallery__item\" alt=\"Child sledding at Rhodius Park\" srcset=\"https:\/\/parks.indy.gov\/wp-content\/uploads\/2025\/01\/SnowdayRhodius-487x320.webp 487w, https:\/\/parks.indy.gov\/wp-content\/uploads\/2025\/01\/SnowdayRhodius-500x329.webp 500w, https:\/\/parks.indy.gov\/wp-content\/uploads\/2025\/01\/SnowdayRhodius-975x641.webp 975w, https:\/\/parks.indy.gov\/wp-content\/uploads\/2025\/01\/SnowdayRhodius-768x505.webp 768w, https:\/\/parks.indy.gov\/wp-content\/uploads\/2025\/01\/SnowdayRhodius-18x12.webp 18w, https:\/\/parks.indy.gov\/wp-content\/uploads\/2025\/01\/SnowdayRhodius-420x276.webp 420w, https:\/\/parks.indy.gov\/wp-content\/uploads\/2025\/01\/SnowdayRhodius.webp 1024w\" sizes=\"(max-width: 487px) 100vw, 487px\" \/>\t\t\t<\/a>\n\t\t\t\t\t<a class=\"gallery__link\"\n\t\t\t\thref=\"https:\/\/parks.indy.gov\/wp-content\/uploads\/2025\/01\/SnowdayRhodius6.webp\"\n\t\t\t\tdata-gallery=\"gallery-2232\"\n\t\t\t\tdata-description=\"\"\n\t\t\t\taria-label=\"Child sledding at Rhodius Park\"\n\t\t\t>\n\t\t\t\t<img decoding=\"async\" width=\"480\" height=\"320\" src=\"https:\/\/parks.indy.gov\/wp-content\/uploads\/2025\/01\/SnowdayRhodius6-480x320.webp\" class=\"gallery__item\" alt=\"Child sledding at Rhodius Park\" srcset=\"https:\/\/parks.indy.gov\/wp-content\/uploads\/2025\/01\/SnowdayRhodius6-480x320.webp 480w, https:\/\/parks.indy.gov\/wp-content\/uploads\/2025\/01\/SnowdayRhodius6-500x333.webp 500w, https:\/\/parks.indy.gov\/wp-content\/uploads\/2025\/01\/SnowdayRhodius6-975x650.webp 975w, https:\/\/parks.indy.gov\/wp-content\/uploads\/2025\/01\/SnowdayRhodius6-768x512.webp 768w, https:\/\/parks.indy.gov\/wp-content\/uploads\/2025\/01\/SnowdayRhodius6-18x12.webp 18w, https:\/\/parks.indy.gov\/wp-content\/uploads\/2025\/01\/SnowdayRhodius6-420x280.webp 420w, https:\/\/parks.indy.gov\/wp-content\/uploads\/2025\/01\/SnowdayRhodius6.webp 1024w\" sizes=\"(max-width: 480px) 100vw, 480px\" \/>\t\t\t<\/a>\n\t\t\t<\/div>\n\t<div class=\"gallery__controls tns__controls\">\n\t\t<button class=\"category-slider__prev\">\n\t\t\t<span class=\"u-visually-hidden\">Anterior<\/span>\n\t\t<\/button>\n\t\t<button class=\"category-slider__next\">\n\t\t\t<span class=\"u-visually-hidden\">Pr\u00f3ximo<\/span>\n\t\t<\/button>\n\t<\/div>\n<\/div>\n\t\n\n\n<h2 class=\"wp-block-heading\">Paseos en trineo en los parques de Indian\u00e1polis<\/h2>\n\n\n\n<p>El invierno ya est\u00e1 aqu\u00ed y con \u00e9l la raz\u00f3n perfecta para abrigarse, coger un trineo y dirigirse a la colina m\u00e1s cercana. Indy Parks ofrece una variedad de pistas para disfrutar del aire fresco y divertirse en familia. Siga leyendo para planificar su visita y celebrar la temporada de nieve:&nbsp;<\/p>\n\n\n\n<ol class=\"wp-block-list\">\n<li>Brookside Park: ubicado en el lado este de Indian\u00e1polis, Brookside Park ofrece colinas para trineos perfectas para todas las edades.&nbsp;<\/li>\n\n\n\n<li>Parque Cristiano: Las colinas en el Parque Cristiano son m\u00e1s peque\u00f1as, lo que las hace perfectas para ni\u00f1os m\u00e1s peque\u00f1os y para quienes andan en trineo por primera vez.&nbsp;<\/li>\n\n\n\n<li>Garfield Park: nuestro parque m\u00e1s antiguo del sistema, Garfield Park ha sido un centro de actividades invernales durante d\u00e9cadas. Visite el Centro de Artes o el Conservatorio de Garfield Park despu\u00e9s para calentarse. Consulte la p\u00e1gina de Garfield Park para obtener informaci\u00f3n sobre los horarios de apertura.<\/li>\n\n\n\n<li>Parque Paul Ruster: este parque es perfecto si tienes perros muy inquietos en casa. Adem\u00e1s de colinas para andar en trineo, el parque para perros de Paul Ruster ofrece el espacio para que tu amigo peludo corra y juegue de forma segura. Para obtener m\u00e1s informaci\u00f3n, visita nuestra p\u00e1gina de parques para perros de Indy Parks.<\/li>\n\n\n\n<li>Parque Rhodius: ubicado en el lado oeste cercano, el Parque Rhodius ofrece un espacio plano y abierto y una colina larga justo m\u00e1s all\u00e1 de las canchas de b\u00e9isbol, perfecto para carreras de trineos con amigos y familiares.&nbsp;<\/li>\n\n\n\n<li>Southeastway Park: si buscas un lugar pintoresco para andar en trineo en el lado sureste, Southeastway es lo que buscas.&nbsp;<\/li>\n\n\n\n<li>Parque Ellenberger: El parque Ellenberger ha sido uno de los favoritos de los residentes del este cuando se trata de diversi\u00f3n invernal.\u00a0<\/li>\n<\/ol>\n\n\n\n<h2 class=\"wp-block-heading\">Consejos generales de seguridad para andar en trineo:<\/h2>\n\n\n\n<ul class=\"wp-block-list\">\n<li>Los ni\u00f1os deben estar supervisados por un adulto responsable mientras andan en trineo.<\/li>\n\n\n\n<li>El casco de bicicleta de tu hijo deber\u00eda convertirse en un casco de trineo a\u00fan m\u00e1s importante.<\/li>\n\n\n\n<li>V\u00edstase con ropa abrigada para las condiciones.<\/li>\n\n\n\n<li>Los usuarios de trineos deben usar guantes o manoplas gruesos y botas protectoras para protegerse contra la congelaci\u00f3n y otras posibles lesiones.<\/li>\n\n\n\n<li>Trineo s\u00f3lo en \u00e1reas designadas<\/li>\n\n\n\n<li>Aseg\u00farese de que el camino para trineos no cruce el tr\u00e1fico y est\u00e9 libre de peligros como \u00e1rboles grandes, cercas, rocas, mesas de picnic o postes telef\u00f3nicos.<\/li>\n\n\n\n<li>Revise las pendientes para ver si hay zonas descubiertas, agujeros u otras obstrucciones que puedan causar lesiones. Evite estas \u00e1reas o espere hasta que las condiciones mejoren.<\/li>\n\n\n\n<li>No ande en trineo sobre o alrededor de lagos, arroyos o estanques congelados porque el hielo puede ser inestable.<\/li>\n\n\n\n<li>No construya rampas ni otros obst\u00e1culos.<\/li>\n\n\n\n<li>No andes en trineo despu\u00e9s del anochecer o cuando la visibilidad sea mala (por ejemplo, cuando est\u00e1 nevando).<\/li>\n\n\n\n<li>La posici\u00f3n adecuada para andar en trineo es sentarse o acostarse boca arriba en la parte superior del trineo, con los pies apuntando hacia abajo.<\/li>\n\n\n\n<li>Andar en trineo de cabeza aumenta el riesgo de lesiones en la cabeza y debe evitarse.<\/li>\n\n\n\n<li>Ense\u00f1e a los ni\u00f1os a rodar desde un trineo que no se detiene<\/li>\n\n\n\n<li>D\u00edgales a los ni\u00f1os que nunca deben andar en bicicleta sobre un banco de nieve: podr\u00eda haber peligros ocultos, como un toc\u00f3n de \u00e1rbol o rocas.<\/li>\n\n\n\n<li>No se duplique en un trineo a menos que est\u00e9 hecho para dos o m\u00e1s personas.<\/li>\n\n\n\n<li>Mantenga todo el equipo en buenas condiciones.<\/li>\n\n\n\n<li>Las piezas rotas, los bordes afilados, las grietas y la madera partida provocan lesiones.<\/li>\n\n\n\n<li>No se recomiendan c\u00e1maras de aire, platillos ni discos de nieve debido a su alta velocidad y falta de capacidad de direcci\u00f3n.<\/li>\n\n\n\n<li>Muestre respeto por los ni\u00f1os m\u00e1s peque\u00f1os que puedan estar cerca de usted.<\/li>\n\n\n\n<li>Sea educado y cort\u00e9s; espere su turno.<\/li>\n\n\n\n<li>No cortes el paso a los dem\u00e1s en la colina<\/li>\n\n\n\n<li>No choques con otros, ni siquiera por diversi\u00f3n, alguien saldr\u00e1 lastimado.<\/li>\n\n\n\n<li>Aseg\u00farese de que los ni\u00f1os comprendan que viajar en un trineo tirado por un veh\u00edculo en movimiento es extremadamente peligroso.<\/li>\n\n\n\n<li>Nunca consuma alcohol ni drogas mientras ande en trineo o mientras supervise a ni\u00f1os que anden en trineo.<\/li>\n\n\n\n<li>Aseg\u00farese de que alguien tenga un tel\u00e9fono celular para llamar al 9-1-1 en caso de emergencia.<\/li>\n<\/ul>","protected":false},"excerpt":{"rendered":"<p>\u00a1Abriga a la familia y dir\u00edgete al parque local para aprovechar la nieve!<\/p>","protected":false},"author":20,"featured_media":4286,"parent":0,"menu_order":0,"comment_status":"closed","ping_status":"closed","template":"","meta":{"_acf_changed":false,"footnotes":""},"class_list":["post-4279","page","type-page","status-publish","has-post-thumbnail","hentry"],"acf":[],"yoast_head":"<!-- This site is optimized with the Yoast SEO plugin v27.2 - https:\/\/yoast.com\/product\/yoast-seo-wordpress\/ -->\n<title>Sledding at Indy Parks - Indy Parks &amp; Recreation<\/title>\n<meta name=\"robots\" content=\"index, follow, max-snippet:-1, max-image-preview:large, max-video-preview:-1\" \/>\n<link rel=\"canonical\" href=\"https:\/\/parks.indy.gov\/es\/sledding\/\" \/>\n<meta property=\"og:locale\" content=\"es_ES\" \/>\n<meta property=\"og:type\" content=\"article\" \/>\n<meta property=\"og:title\" content=\"Sledding at Indy Parks - Indy Parks &amp; Recreation\" \/>\n<meta property=\"og:description\" content=\"Bundle up the family and head out to your local park to take advantage of the snow!\" \/>\n<meta property=\"og:url\" content=\"https:\/\/parks.indy.gov\/es\/sledding\/\" \/>\n<meta property=\"og:site_name\" content=\"Indy Parks &amp; Recreation\" \/>\n<meta property=\"article:modified_time\" content=\"2025-03-31T13:56:40+00:00\" \/>\n<meta property=\"og:image\" content=\"https:\/\/parks.indy.gov\/wp-content\/uploads\/2025\/01\/SnowdayRhodius.webp\" \/>\n\t<meta property=\"og:image:width\" content=\"1024\" \/>\n\t<meta property=\"og:image:height\" content=\"673\" \/>\n\t<meta property=\"og:image:type\" content=\"image\/webp\" \/>\n<meta name=\"twitter:card\" content=\"summary_large_image\" \/>\n<meta name=\"twitter:label1\" content=\"Est. reading time\" \/>\n\t<meta name=\"twitter:data1\" content=\"5 minutes\" \/>\n<!-- \/ Yoast SEO plugin. -->","yoast_head_json":{"title":"Trineos en los parques de Indy - Parques y Recreaci\u00f3n de Indy","robots":{"index":"index","follow":"follow","max-snippet":"max-snippet:-1","max-image-preview":"max-image-preview:large","max-video-preview":"max-video-preview:-1"},"canonical":"https:\/\/parks.indy.gov\/es\/sledding\/","og_locale":"es_ES","og_type":"article","og_title":"Sledding at Indy Parks - Indy Parks &amp; Recreation","og_description":"Bundle up the family and head out to your local park to take advantage of the snow!","og_url":"https:\/\/parks.indy.gov\/es\/sledding\/","og_site_name":"Indy Parks &amp; Recreation","article_modified_time":"2025-03-31T13:56:40+00:00","og_image":[{"width":1024,"height":673,"url":"https:\/\/parks.indy.gov\/wp-content\/uploads\/2025\/01\/SnowdayRhodius.webp","type":"image\/webp"}],"twitter_card":"summary_large_image","twitter_misc":{"Est. reading time":"5 minutes"},"schema":{"@context":"https:\/\/schema.org","@graph":[{"@type":"WebPage","@id":"https:\/\/parks.indy.gov\/sledding\/","url":"https:\/\/parks.indy.gov\/sledding\/","name":"Trineos en los parques de Indy - Parques y Recreaci\u00f3n de Indy","isPartOf":{"@id":"https:\/\/parks.indy.gov\/#website"},"primaryImageOfPage":{"@id":"https:\/\/parks.indy.gov\/sledding\/#primaryimage"},"image":{"@id":"https:\/\/parks.indy.gov\/sledding\/#primaryimage"},"thumbnailUrl":"https:\/\/parks.indy.gov\/wp-content\/uploads\/2025\/01\/SnowdayRhodius.webp","datePublished":"2025-01-08T15:18:46+00:00","dateModified":"2025-03-31T13:56:40+00:00","breadcrumb":{"@id":"https:\/\/parks.indy.gov\/sledding\/#breadcrumb"},"inLanguage":"es-ES","potentialAction":[{"@type":"ReadAction","target":["https:\/\/parks.indy.gov\/sledding\/"]}]},{"@type":"ImageObject","inLanguage":"es-ES","@id":"https:\/\/parks.indy.gov\/sledding\/#primaryimage","url":"https:\/\/parks.indy.gov\/wp-content\/uploads\/2025\/01\/SnowdayRhodius.webp","contentUrl":"https:\/\/parks.indy.gov\/wp-content\/uploads\/2025\/01\/SnowdayRhodius.webp","width":1024,"height":673,"caption":"Child sledding at Rhodius Park"},{"@type":"BreadcrumbList","@id":"https:\/\/parks.indy.gov\/sledding\/#breadcrumb","itemListElement":[{"@type":"ListItem","position":1,"name":"Home","item":"https:\/\/parks.indy.gov\/es\/"},{"@type":"ListItem","position":2,"name":"Sledding at Indy Parks"}]},{"@type":"WebSite","@id":"https:\/\/parks.indy.gov\/#website","url":"https:\/\/parks.indy.gov\/","name":"Parques y recreaci\u00f3n de Indy","description":"Proporcionando experiencias enriquecedoras para todos.","publisher":{"@id":"https:\/\/parks.indy.gov\/#organization"},"potentialAction":[{"@type":"SearchAction","target":{"@type":"EntryPoint","urlTemplate":"https:\/\/parks.indy.gov\/?s={search_term_string}"},"query-input":{"@type":"PropertyValueSpecification","valueRequired":true,"valueName":"search_term_string"}}],"inLanguage":"es-ES"},{"@type":"Organization","@id":"https:\/\/parks.indy.gov\/#organization","name":"Parques y recreaci\u00f3n de Indy","url":"https:\/\/parks.indy.gov\/","logo":{"@type":"ImageObject","inLanguage":"es-ES","@id":"https:\/\/parks.indy.gov\/#\/schema\/logo\/image\/","url":"https:\/\/parks.indy.gov\/wp-content\/uploads\/2023\/03\/Horizontal-Logo-1-e1678482885380.png","contentUrl":"https:\/\/parks.indy.gov\/wp-content\/uploads\/2023\/03\/Horizontal-Logo-1-e1678482885380.png","width":258,"height":79,"caption":"Indy Parks &amp; Recreation"},"image":{"@id":"https:\/\/parks.indy.gov\/#\/schema\/logo\/image\/"}}]}},"_links":{"self":[{"href":"https:\/\/parks.indy.gov\/es\/wp-json\/wp\/v2\/pages\/4279","targetHints":{"allow":["GET"]}}],"collection":[{"href":"https:\/\/parks.indy.gov\/es\/wp-json\/wp\/v2\/pages"}],"about":[{"href":"https:\/\/parks.indy.gov\/es\/wp-json\/wp\/v2\/types\/page"}],"author":[{"embeddable":true,"href":"https:\/\/parks.indy.gov\/es\/wp-json\/wp\/v2\/users\/20"}],"replies":[{"embeddable":true,"href":"https:\/\/parks.indy.gov\/es\/wp-json\/wp\/v2\/comments?post=4279"}],"version-history":[{"count":3,"href":"https:\/\/parks.indy.gov\/es\/wp-json\/wp\/v2\/pages\/4279\/revisions"}],"predecessor-version":[{"id":4292,"href":"https:\/\/parks.indy.gov\/es\/wp-json\/wp\/v2\/pages\/4279\/revisions\/4292"}],"wp:featuredmedia":[{"embeddable":true,"href":"https:\/\/parks.indy.gov\/es\/wp-json\/wp\/v2\/media\/4286"}],"wp:attachment":[{"href":"https:\/\/parks.indy.gov\/es\/wp-json\/wp\/v2\/media?parent=4279"}],"curies":[{"name":"gracias","href":"https:\/\/api.w.org\/{rel}","templated":true}]}}