{"id":574,"date":"2023-01-04T21:29:50","date_gmt":"2023-01-04T21:29:50","guid":{"rendered":"https:\/\/f1-stage-indyparks.pantheonsite.io\/?page_id=574"},"modified":"2026-02-02T18:34:53","modified_gmt":"2026-02-02T18:34:53","slug":"conservation","status":"publish","type":"page","link":"https:\/\/parks.indy.gov\/es\/about-us\/conservation\/","title":{"rendered":"Conservaci\u00f3n"},"content":{"rendered":"<p>Los parques de Indy y las v\u00edas verdes que los conectan forman una red vital de infraestructura verde que conserva la naturaleza y proporciona h\u00e1bitat para la vida silvestre, manejo de aguas pluviales y otros beneficios ambientales.&nbsp;<\/p>\n\n\n\n<h2 class=\"wp-block-heading\">Administraci\u00f3n<\/h2>\n\n\n\n<p>M\u00e1s de 1,900 acres en 37 parques se administran como \u00e1reas naturales en asociaci\u00f3n con la Oficina de Administraci\u00f3n de Tierras. Estas \u00e1reas naturales desempe\u00f1an un papel importante en la preservaci\u00f3n de h\u00e1bitats cr\u00edticos de vida silvestre; proteger la calidad del aire; abordar los problemas de las aguas pluviales; al mismo tiempo que brinda oportunidades recreativas pasivas. Los esfuerzos de administraci\u00f3n en los parques ayudaron a Indian\u00e1polis a obtener la designaci\u00f3n de las 10 mejores ciudades en materia de vida silvestre por parte de la Federaci\u00f3n Nacional de Vida Silvestre en 2015, 2018 y 2019. <\/p>\n\n\n\n<p><a href=\"https:\/\/www.indy.gov\/activity\/land-stewardship\" target=\"_blank\" rel=\"noreferrer noopener\">Obtenga m\u00e1s informaci\u00f3n sobre la Oficina de Administraci\u00f3n de Tierras<\/a>.<\/p>\n\n\n\n<h2 class=\"wp-block-heading\">Corredores de conservaci\u00f3n <\/h2>\n\n\n\n<p>Los corredores de conservaci\u00f3n son franjas de tierra o v\u00edas fluviales protegidas del desarrollo. En el condado de Marion, los siguientes arroyos est\u00e1n designados corredores de conservaci\u00f3n.<\/p>\n\n\n\n<ul class=\"wp-block-list\">\n<li><em><strong>Arroyo torcido<\/strong><\/em> \u2060\n<ul class=\"wp-block-list\">\n<li>Longitud: 11,2 millas \u2060Ubicaci\u00f3n: I-465 en el lado noroeste, al sur hasta Lake Sullivan en 38th St.<\/li>\n<\/ul>\n<\/li>\n\n\n\n<li><em><strong>arroyo de barro<\/strong><\/em> \n<ul class=\"wp-block-list\">\n<li>\u2060Longitud: 4.4 millas \u2060Ubicaci\u00f3n: 96th St. en el lado noreste, suroeste hasta Fall Creek<\/li>\n<\/ul>\n<\/li>\n\n\n\n<li><strong><em>arroyo indio<\/em> \u2060<\/strong>\n<ul class=\"wp-block-list\">\n<li>Longitud: 7,5 millas \u2060Ubicaci\u00f3n: Pendleton Pike al norte y noroeste hasta Indian Lake, al oeste hasta Fall Creek<\/li>\n<\/ul>\n<\/li>\n\n\n\n<li><strong><em>B&amp;O<\/em> <\/strong>\u2060\n<ul class=\"wp-block-list\">\n<li>Longitud: 7.1 millas \u2060Ubicaci\u00f3n: L\u00ednea este del condado de Hendricks, a trav\u00e9s de Speedway hasta Tibbs Ave.<\/li>\n<\/ul>\n<\/li>\n\n\n\n<li><em><strong>Arroyo cubierto de hierba<\/strong><\/em> \u2060\n<ul class=\"wp-block-list\">\n<li>Longitud: 7,5 millas \u2060Ubicaci\u00f3n: I-70 en el lado este, sur hasta Buck Creek<\/li>\n<\/ul>\n<\/li>\n\n\n\n<li><em><strong>Arroyo lamer blanco<\/strong><\/em> \u2060\n<ul class=\"wp-block-list\">\n<li>Longitud: 6.75 millas \u2060Ubicaci\u00f3n: L\u00ednea del condado de Hendricks al sureste hasta la propiedad del aeropuerto de Indian\u00e1polis, al oeste hasta la l\u00ednea del condado de Hendricks<\/li>\n<\/ul>\n<\/li>\n\n\n\n<li><em><strong>arroyo del d\u00f3lar<\/strong><\/em> \n<ul class=\"wp-block-list\">\n<li>Longitud: 11,5 millas \u2060Ubicaci\u00f3n: L\u00ednea del condado de Hancock al sur hasta la l\u00ednea del condado de Johnson<\/li>\n<\/ul>\n<\/li>\n<\/ul>\n\n\n\n<h2 class=\"wp-block-heading\">Pr\u00e1cticas verdes<\/h2>\n\n\n\n<p>Con m\u00e1s de 200 parques urbanos; m\u00e1s de 40 centros recreativos, naturales y acu\u00e1ticos; y m\u00e1s de 2000 programas ofrecidos cada a\u00f1o; Indy Parks tiene muchas oportunidades para incorporar pr\u00e1cticas sustentables en lo que construimos, lo que hacemos y c\u00f3mo servimos a las comunidades. La sostenibilidad y la resiliencia est\u00e1n a la vanguardia de nuestros proyectos de planificaci\u00f3n, dise\u00f1o y construcci\u00f3n. Nuestro Comit\u00e9 Verde liderado por nuestro personal impulsa iniciativas verdes asociadas con programas y operaciones. Estas iniciativas incluyen pr\u00e1cticas como las siguientes:<\/p>\n\n\n\n<ul class=\"wp-block-list\">\n<li>Conversi\u00f3n de luces en el interior de instalaciones a LED.<\/li>\n\n\n\n<li>plantar plantas nativas y no invasivas en los parques<\/li>\n\n\n\n<li>suministrar platos, utensilios, vasos, etc. compostables o de papel para los puestos de programaci\u00f3n y concesi\u00f3n cuando sea posible.<\/li>\n\n\n\n<li>aumentar las oportunidades de reciclaje en nuestras instalaciones&nbsp;<\/li>\n\n\n\n<li>ofreciendo programaci\u00f3n educativa en instalaciones y campamentos diurnos sobre sostenibilidad y reciclaje.<\/li>\n<\/ul>\n\n\n\n<h2 class=\"wp-block-heading\">Gesti\u00f3n del h\u00e1bitat<\/h2>\n\n\n\n<p>Los 11,000 acres de Indy Parks contienen bosques, praderas, humedales y otros tipos de ecosistemas que sustentan la vida silvestre. Fomentar y mantener una variedad diversa de flora y fauna nativa respalda ecosistemas m\u00e1s saludables. Las pr\u00e1cticas de gesti\u00f3n del h\u00e1bitat de Indy Parks que promueven la biodiversidad incluyen quemas controladas de praderas, mitigaci\u00f3n de humedales, gesti\u00f3n de venados, eliminaci\u00f3n de plantas invasoras y restauraci\u00f3n de \u00e1reas de plantas nativas.<\/p>\n\n\n\n<h2 class=\"wp-block-heading\">Programa de Manejo de Venados<\/h2>\n\n\n\n<p>Demasiados ciervos en Eagle Creek Park pueden da\u00f1ar el ecosistema del parque y amenazar la vida silvestre. El programa de manejo de venados de Indy Parks and Recreation trabaja para mantener una densidad saludable de venados. Desde 2014, los esfuerzos de reducci\u00f3n controlada han ayudado a que el n\u00famero de ciervos en el parque vuelva a niveles m\u00e1s saludables, y el ecosistema ha mostrado algunos signos alentadores de recuperaci\u00f3n. Consulte a continuaci\u00f3n para conocer nuestros esfuerzos para reducir de manera segura la cantidad de ciervos en el parque.<\/p>\n\n\n\n<div class=\"wp-block-f1-block-library-accordion accordion js-accordion\" data-allow-multiple=\"false\" data-allow-toggle=\"true\">\n\n<div class=\"wp-block-f1-block-library-accordion-item accordion__item\" id=\"accordion-item-f8c5e4fa-f9d0-4142-8080-5e89b1935f9c\"><h3 class=\"accordion__heading\"><button class=\"accordion__toggle js-accordion-toggle\" id=\"accordion-item-f8c5e4fa-f9d0-4142-8080-5e89b1935f9c-button\" aria-controls=\"accordion-item-f8c5e4fa-f9d0-4142-8080-5e89b1935f9c-drawer\" aria-expanded=\"false\"><span>Reducci\u00f3n de ciervos en Eagle Creek Park<\/span><span class=\"accordion__icon\" aria-hidden=\"true\"><\/span><\/button><\/h3><div class=\"accordion__drawer\" id=\"accordion-item-f8c5e4fa-f9d0-4142-8080-5e89b1935f9c-drawer\" aria-labelledby=\"accordion-item-f8c5e4fa-f9d0-4142-8080-5e89b1935f9c-button\" aria-hidden=\"true\"><div class=\"accordion__drawer-inner\">\n\n<p>En noviembre de 2014, una reducci\u00f3n controlada por parte de miembros de Wounded Warrior Outdoors ingres\u00f3 al parque y redujo la manada en 148 ciervos.<\/p>\n\n\n<p>En enero de 2015, el Departamento de Agricultura de los Estados Unidos (USDA) redujo la manada en 101 ciervos. Como resultado, se donaron m\u00e1s de 5000 libras de carne de venado al Banco de Alimentos Gleaners de Indiana.<\/p>\n\n\n<p>En 2015, el USDA realiz\u00f3 una encuesta y encontr\u00f3 90,7 venados por milla cuadrada en Eagle Creek Park; esta densidad de venados estuvo presente despu\u00e9s de las reducciones iniciales de venados en el oto\u00f1o de 2014 y el invierno de 2015. El nivel recomendado es de 15 a 20 venados por milla cuadrada.<\/p>\n\n\n<p>En marzo de 2017, se eliminaron 173 venados m\u00e1s (USDA) y se donaron 8200 libras de carne de venado.<\/p>\n\n\n<p>En febrero\/marzo de 2018, se retiraron 123 venados (USDA) y se donaron 4364 libras de carne de venado.<\/p>\n\n\n<p>En enero\/febrero de 2019, se retiraron 100 venados (USDA) y se donaron 4051 libras de carne de venado.<\/p>\n\n\n<p>2020: no se realiz\u00f3 ninguna reducci\u00f3n de ciervos este a\u00f1o<\/p>\n\n\n<p>Durante las reducciones de venados, garantizamos la seguridad p\u00fablica realiz\u00e1ndolas fuera del horario de cierre del parque, colocando carteles apropiados y trabajando con expertos que usan escopetas o rifles.<\/p>\n\n\n<div class=\"wp-block-f1-block-library-accordion accordion js-accordion\" data-allow-multiple=\"false\" data-allow-toggle=\"true\"><\/div>\n\n<\/div><\/div><\/div>\n\n<\/div>\n\n\n\n<div class=\"wp-block-f1-block-library-accordion accordion js-accordion\" data-allow-multiple=\"false\" data-allow-toggle=\"true\">\n\n<div class=\"wp-block-f1-block-library-accordion-item accordion__item\" id=\"accordion-item-6708c5f7-afd1-47ef-abdb-8e7a5a477358\"><h3 class=\"accordion__heading\"><button class=\"accordion__toggle js-accordion-toggle\" id=\"accordion-item-6708c5f7-afd1-47ef-abdb-8e7a5a477358-button\" aria-controls=\"accordion-item-6708c5f7-afd1-47ef-abdb-8e7a5a477358-drawer\" aria-expanded=\"false\"><span>Recursos para el manejo de ciervos<\/span><span class=\"accordion__icon\" aria-hidden=\"true\"><\/span><\/button><\/h3><div class=\"accordion__drawer\" id=\"accordion-item-6708c5f7-afd1-47ef-abdb-8e7a5a477358-drawer\" aria-labelledby=\"accordion-item-6708c5f7-afd1-47ef-abdb-8e7a5a477358-button\" aria-hidden=\"true\"><div class=\"accordion__drawer-inner\">\n\n<p>A continuaci\u00f3n se proporciona m\u00e1s informaci\u00f3n sobre el manejo de ciervos:<\/p>\n\n\n<p>Manejo de ciervos en Eagle Creek Park<\/p>\n\n\n<ul class=\"wp-block-list\">\n\n<li><a href=\"https:\/\/citybase-cms-prod.s3.amazonaws.com\/401c00be9d28425c8195a91829d4e188.pdf\" target=\"_blank\" rel=\"noreferrer noopener\">Eagle Creek: Acerca del programa de manejo de ciervos<\/a><\/li>\n\n\n<li><a href=\"http:\/\/issuu.com\/andrewstephens\/docs\/ecdeermanagement_publicmeetingprese\" target=\"_blank\" rel=\"noreferrer noopener\">Eagle Creek: Presentaci\u00f3n de diapositivas del programa de manejo de ciervos<\/a><\/li>\n\n\n<li><a href=\"https:\/\/issuu.com\/andrewstephens\/docs\/eagle_creek_park_deer_management_\" target=\"_blank\" rel=\"noreferrer noopener\">Eagle Creek: Plan de manejo de ciervos del USDA (2015)<\/a><\/li>\n\n\n<li><a href=\"https:\/\/issuu.com\/andrewstephens\/docs\/eagle_creek_report_jenkins_2013\" target=\"_blank\" rel=\"noreferrer noopener\">Eagle Creek: Efecto del venado cola blanca \u2013 Monitoreo de vegetaci\u00f3n (2013)<\/a><\/li>\n\n\n<li><a href=\"https:\/\/citybase-cms-prod.s3.amazonaws.com\/42bfd5fd90ec4e678af3ea92cc494633.pdf\" target=\"_blank\" rel=\"noreferrer noopener\">Eagle Creek: Efecto del venado cola blanca \u2013 Monitoreo de vegetaci\u00f3n (2016)<\/a><\/li>\n\n\n<li><a href=\"https:\/\/citybase-cms-prod.s3.amazonaws.com\/665d4b5c42ce48d7bf0fd30881785a20.pdf\" target=\"_blank\" rel=\"noreferrer noopener\">Eagle Creek: Efecto del venado cola blanca \u2013 Monitoreo de vegetaci\u00f3n (2017)<\/a><\/li>\n\n\n<li><a href=\"https:\/\/citybase-cms-prod.s3.amazonaws.com\/0961a7f85b02439e9ee0019ac0f5079a.pdf\" target=\"_blank\" rel=\"noreferrer noopener\">Eagle Creek: Efecto del venado cola blanca \u2013 Monitoreo de vegetaci\u00f3n (2019)<\/a><\/li>\n\n\n<li><a href=\"https:\/\/issuu.com\/andrewstephens\/stacks\/f8ee71cf9b4b4c81a9f82b6a9c27e46a\" target=\"_blank\" rel=\"noreferrer noopener\">Eagle Creek: explore todas las investigaciones de dominio p\u00fablico<\/a><\/li>\n\n<\/ul>\n\n\n<p><em>Manejo general de ciervos.<\/em><\/p>\n\n\n<ul class=\"wp-block-list\">\n\n<li><a href=\"https:\/\/issuu.com\/andrewstephens\/docs\/just_enough_deer_us_forest_service\" target=\"_blank\" rel=\"noreferrer noopener\">Servicio Forestal de EE. UU.: Basta de ciervos<\/a><\/li>\n\n\n<li><a href=\"https:\/\/issuu.com\/andrewstephens\/docs\/1_deer_management_and_ecosystem_res\" target=\"_blank\" rel=\"noreferrer noopener\">Departamento de Recursos Naturales: Folleto sobre manejo de ciervos<\/a><\/li>\n\n\n<li><a href=\"http:\/\/issuu.com\/andrewstephens\/docs\/1_fw-urbandeertechnicalguide\/0\" target=\"_blank\" rel=\"noreferrer noopener\">Departamento de Pesca y Vida Silvestre de Indiana: Gu\u00eda t\u00e9cnica sobre ciervos urbanos<\/a><\/li>\n\n\n<li><a href=\"https:\/\/issuu.com\/andrewstephens\/docs\/sharpshooting_suburban_white_tailed\" target=\"_blank\" rel=\"noreferrer noopener\">La caza precisa del venado de cola blanca en los suburbios reduce las colisiones de veh\u00edculos con venados<\/a><\/li>\n\n\n<li><a href=\"https:\/\/issuu.com\/andrewstephens\/docs\/fw-hunting_trapping_seasons\" target=\"_blank\" rel=\"noreferrer noopener\">Temporadas de caza y captura<\/a><\/li>\n\n\n<li><a href=\"https:\/\/issuu.com\/andrewstephens\/docs\/1_impacts_of_white-tailed_deer_over\" target=\"_blank\" rel=\"noreferrer noopener\">Impactos de la sobreabundancia de venados de cola blanca: una descripci\u00f3n general<\/a><\/li>\n\n\n<li><a href=\"https:\/\/issuu.com\/andrewstephens\/docs\/improving_habitat_for_forest_thrush\" target=\"_blank\" rel=\"noreferrer noopener\">Art\u00edculo: Mejorar el h\u00e1bitat de los zorzales forestales<\/a><\/li>\n\n\n<li><a href=\"https:\/\/issuu.com\/andrewstephens\/docs\/impact_of_whitetailed_deer_on_fores\" target=\"_blank\" rel=\"noreferrer noopener\">Art\u00edculo: Impacto del venado cola blanca en las comunidades forestales<\/a><\/li>\n\n\n<li><a href=\"https:\/\/issuu.com\/andrewstephens\/docs\/deer_management_bibliography__2010_\" target=\"_blank\" rel=\"noreferrer noopener\">Manejo de ciervos: fuentes adicionales<\/a><\/li>\n\n<\/ul>\n\n\n<p><em>Estudios de Parcelas Permanentes (Inventarios Florales)<\/em><\/p>\n\n\n<ul class=\"wp-block-list\">\n\n<li><a href=\"https:\/\/issuu.com\/andrewstephens\/docs\/spring_pond_1996_-_floral_inventory\" target=\"_blank\" rel=\"noreferrer noopener\">Inventario floral: Estanque de primavera de 1996<\/a><\/li>\n\n\n<li><a href=\"https:\/\/issuu.com\/andrewstephens\/docs\/spring_pond_2007_-_floral_inventory\" target=\"_blank\" rel=\"noreferrer noopener\">Inventario floral: Estanque de primavera 2007<\/a><\/li>\n\n\n<li><a href=\"https:\/\/issuu.com\/andrewstephens\/docs\/eagles_crest_1997_-_floral_inventor\" target=\"_blank\" rel=\"noreferrer noopener\">Inventario floral: 1997 Eagles Crest<\/a><\/li>\n\n\n<li><a href=\"https:\/\/issuu.com\/andrewstephens\/docs\/eagles_crest_2007_-_floral_inventor\" target=\"_blank\" rel=\"noreferrer noopener\">Inventario floral: 2007 Eagles Crest<\/a><\/li>\n\n\n<li><a href=\"https:\/\/issuu.com\/andrewstephens\/docs\/indy_parks_-_scanned_reports_2003-2\" target=\"_blank\" rel=\"noreferrer noopener\">Inventario floral: 2003 \u2013 2007 Eagle Creek Park<\/a><\/li>\n\n<\/ul>\n\n\n<p><em>C\u00f3digos Municipales<\/em><\/p>\n\n\n<ul class=\"wp-block-list\">\n\n<li><a href=\"https:\/\/library.municode.com\/HTML\/12016\/level3\/TITIIIPUHEWE%3Ci%3ECH631PARE%3C\/i%3EARTIINGE.html#TITIIIPUHEWE%3Ci%3ECH631PARE%3C\/i%3EARTIINGE%3Cem%3ES631-103INPR\" target=\"_blank\" rel=\"noreferrer noopener\">Da\u00f1os a la propiedad<\/a><\/li>\n\n\n<li><a href=\"https:\/\/library.municode.com\/HTML\/12016\/level3\/TITIIIPUHEWE%3Ci%3ECH631PARE%3C\/i%3EARTIINGE.html#TITIIIPUHEWE%3Ci%3ECH631PARE%3C\/i%3EARTIINGE%3Cem%3ES631-108DIFI\" target=\"_blank\" rel=\"noreferrer noopener\">Disparar armas de fuego<\/a><\/li>\n\n\n<li><a href=\"https:\/\/library.municode.com\/HTML\/12016\/level3\/TITIIIPUHEWE%3Ci%3ECH631PARE%3C\/i%3EARTIINGE.html#TITIIIPUHEWE%3Ci%3ECH631PARE%3C\/i%3EARTIINGE%3Cem%3ES631-111MOAN\" target=\"_blank\" rel=\"noreferrer noopener\">Abusar de animales<\/a><\/li>\n\n<\/ul>\n\n<\/div><\/div><\/div>\n\n<\/div>\n\n\n\n<div style=\"height:35px\" aria-hidden=\"true\" class=\"wp-block-spacer\"><\/div>\n\n\n\n<h2 class=\"wp-block-heading\">Educaci\u00f3n ambiental<\/h2>\n\n\n\n<p>Environmental education is a core program area at Indy Parks. Through our four nature centers at <a href=\"https:\/\/parks.indy.gov\/es\/parks\/holliday-park\/\">parque de vacaciones<\/a>, <a href=\"https:\/\/parks.indy.gov\/es\/parks\/eagle-creek-park\/\">Parque Eagle Creek<\/a>, <a href=\"https:\/\/parks.indy.gov\/es\/parks\/grassy-creek-regional-park\/\">Parque Grassy Creek<\/a>, y <a href=\"https:\/\/parks.indy.gov\/es\/parks\/southeastway-park\/\">parque del sureste<\/a>, nos esforzamos por conectar a la comunidad con la naturaleza. Aunque contamos con centros dedicados a la naturaleza, la educaci\u00f3n no termina ah\u00ed. Muchos otros centros familiares ofrecen programas como Critter Chat y Coffee and Conservation en el <a href=\"https:\/\/parks.indy.gov\/es\/facilities\/garfield-park-conservatory-sunken-garden\/\">Conservatorio del parque Garfield<\/a>.<\/p>\n\n\n\n<p>Durante los meses de verano, ofrecemos una amplia variedad de campamentos diurnos de educaci\u00f3n ambiental para llevar a los j\u00f3venes a la naturaleza. Estos campamentos van desde Ornit\u00f3logo Junior en el <a href=\"https:\/\/parks.indy.gov\/es\/facilities\/eagle-creek-ornithology-center\/\">Centro de ornitolog\u00eda de Eagle Creek<\/a>, Trail Stompers en Southeastway Park, Eco-Warriors en <a href=\"https:\/\/parks.indy.gov\/es\/parks\/holliday-park\/\">parque de vacaciones<\/a>y muchos m\u00e1s.<\/p>\n\n\n\n<p>Eventos durante todo el a\u00f1o como Bug Fest en <a href=\"https:\/\/parks.indy.gov\/es\/parks\/southeastway-park\/\">parque del sureste<\/a>, y <a href=\"https:\/\/parks.indy.gov\/es\/events\/bird-fest-2023\/\">Fiesta de las aves<\/a> en el <a href=\"https:\/\/parks.indy.gov\/es\/facilities\/eagle-creek-ornithology-center\/\">Centro de ornitolog\u00eda de Eagle Creek<\/a>r, ayude a los residentes a conocer y conocer de cerca la naturaleza circundante.<\/p>\n\n\n\n<div style=\"height:100px\" aria-hidden=\"true\" class=\"wp-block-spacer\"><\/div>","protected":false},"excerpt":{"rendered":"","protected":false},"author":1,"featured_media":1216,"parent":26,"menu_order":13,"comment_status":"closed","ping_status":"closed","template":"","meta":{"_acf_changed":false,"footnotes":""},"class_list":["post-574","page","type-page","status-publish","has-post-thumbnail","hentry"],"acf":[],"yoast_head":"<!-- This site is optimized with the Yoast SEO plugin v27.1.1 - https:\/\/yoast.com\/product\/yoast-seo-wordpress\/ -->\n<title>Conservation - Indy Parks &amp; Recreation<\/title>\n<meta name=\"robots\" content=\"index, follow, max-snippet:-1, max-image-preview:large, max-video-preview:-1\" \/>\n<link rel=\"canonical\" href=\"https:\/\/parks.indy.gov\/es\/about-us\/conservation\/\" \/>\n<meta property=\"og:locale\" content=\"es_ES\" \/>\n<meta property=\"og:type\" content=\"article\" \/>\n<meta property=\"og:title\" content=\"Conservation - Indy Parks &amp; Recreation\" \/>\n<meta property=\"og:url\" content=\"https:\/\/parks.indy.gov\/es\/about-us\/conservation\/\" \/>\n<meta property=\"og:site_name\" content=\"Indy Parks &amp; Recreation\" \/>\n<meta property=\"article:modified_time\" content=\"2026-02-02T18:34:53+00:00\" \/>\n<meta property=\"og:image\" content=\"https:\/\/parks.indy.gov\/wp-content\/uploads\/2023\/03\/eagle-creek-water.jpeg\" \/>\n\t<meta property=\"og:image:width\" content=\"1280\" \/>\n\t<meta property=\"og:image:height\" content=\"850\" \/>\n\t<meta property=\"og:image:type\" content=\"image\/jpeg\" \/>\n<meta name=\"twitter:card\" content=\"summary_large_image\" \/>\n<meta name=\"twitter:label1\" content=\"Est. reading time\" \/>\n\t<meta name=\"twitter:data1\" content=\"5 minutes\" \/>\n<!-- \/ Yoast SEO plugin. -->","yoast_head_json":{"title":"Conservation - Indy Parks &amp; Recreation","robots":{"index":"index","follow":"follow","max-snippet":"max-snippet:-1","max-image-preview":"max-image-preview:large","max-video-preview":"max-video-preview:-1"},"canonical":"https:\/\/parks.indy.gov\/es\/about-us\/conservation\/","og_locale":"es_ES","og_type":"article","og_title":"Conservation - Indy Parks &amp; Recreation","og_url":"https:\/\/parks.indy.gov\/es\/about-us\/conservation\/","og_site_name":"Indy Parks &amp; Recreation","article_modified_time":"2026-02-02T18:34:53+00:00","og_image":[{"width":1280,"height":850,"url":"https:\/\/parks.indy.gov\/wp-content\/uploads\/2023\/03\/eagle-creek-water.jpeg","type":"image\/jpeg"}],"twitter_card":"summary_large_image","twitter_misc":{"Est. reading time":"5 minutes"},"schema":{"@context":"https:\/\/schema.org","@graph":[{"@type":"WebPage","@id":"https:\/\/parks.indy.gov\/about-us\/conservation\/","url":"https:\/\/parks.indy.gov\/about-us\/conservation\/","name":"Conservation - Indy Parks &amp; Recreation","isPartOf":{"@id":"https:\/\/parks.indy.gov\/es\/#website"},"primaryImageOfPage":{"@id":"https:\/\/parks.indy.gov\/about-us\/conservation\/#primaryimage"},"image":{"@id":"https:\/\/parks.indy.gov\/about-us\/conservation\/#primaryimage"},"thumbnailUrl":"https:\/\/parks.indy.gov\/wp-content\/uploads\/2023\/03\/eagle-creek-water.jpeg","datePublished":"2023-01-04T21:29:50+00:00","dateModified":"2026-02-02T18:34:53+00:00","breadcrumb":{"@id":"https:\/\/parks.indy.gov\/about-us\/conservation\/#breadcrumb"},"inLanguage":"es-ES","potentialAction":[{"@type":"ReadAction","target":["https:\/\/parks.indy.gov\/about-us\/conservation\/"]}]},{"@type":"ImageObject","inLanguage":"es-ES","@id":"https:\/\/parks.indy.gov\/about-us\/conservation\/#primaryimage","url":"https:\/\/parks.indy.gov\/wp-content\/uploads\/2023\/03\/eagle-creek-water.jpeg","contentUrl":"https:\/\/parks.indy.gov\/wp-content\/uploads\/2023\/03\/eagle-creek-water.jpeg","width":1280,"height":850},{"@type":"BreadcrumbList","@id":"https:\/\/parks.indy.gov\/about-us\/conservation\/#breadcrumb","itemListElement":[{"@type":"ListItem","position":1,"name":"Home","item":"https:\/\/parks.indy.gov\/"},{"@type":"ListItem","position":2,"name":"About Us","item":"https:\/\/parks.indy.gov\/about-us\/"},{"@type":"ListItem","position":3,"name":"Conservation"}]},{"@type":"WebSite","@id":"https:\/\/parks.indy.gov\/es\/#website","url":"https:\/\/parks.indy.gov\/es\/","name":"Parques y recreaci\u00f3n de Indy","description":"Proporcionando experiencias enriquecedoras para todos.","publisher":{"@id":"https:\/\/parks.indy.gov\/es\/#organization"},"potentialAction":[{"@type":"SearchAction","target":{"@type":"EntryPoint","urlTemplate":"https:\/\/parks.indy.gov\/es\/?s={search_term_string}"},"query-input":{"@type":"PropertyValueSpecification","valueRequired":true,"valueName":"search_term_string"}}],"inLanguage":"es-ES"},{"@type":"Organization","@id":"https:\/\/parks.indy.gov\/es\/#organization","name":"Parques y recreaci\u00f3n de Indy","url":"https:\/\/parks.indy.gov\/es\/","logo":{"@type":"ImageObject","inLanguage":"es-ES","@id":"https:\/\/parks.indy.gov\/es\/#\/schema\/logo\/image\/","url":"https:\/\/parks.indy.gov\/wp-content\/uploads\/2023\/03\/Horizontal-Logo-1-e1678482885380.png","contentUrl":"https:\/\/parks.indy.gov\/wp-content\/uploads\/2023\/03\/Horizontal-Logo-1-e1678482885380.png","width":258,"height":79,"caption":"Indy Parks &amp; Recreation"},"image":{"@id":"https:\/\/parks.indy.gov\/es\/#\/schema\/logo\/image\/"}}]}},"_links":{"self":[{"href":"https:\/\/parks.indy.gov\/es\/wp-json\/wp\/v2\/pages\/574","targetHints":{"allow":["GET"]}}],"collection":[{"href":"https:\/\/parks.indy.gov\/es\/wp-json\/wp\/v2\/pages"}],"about":[{"href":"https:\/\/parks.indy.gov\/es\/wp-json\/wp\/v2\/types\/page"}],"author":[{"embeddable":true,"href":"https:\/\/parks.indy.gov\/es\/wp-json\/wp\/v2\/users\/1"}],"replies":[{"embeddable":true,"href":"https:\/\/parks.indy.gov\/es\/wp-json\/wp\/v2\/comments?post=574"}],"version-history":[{"count":3,"href":"https:\/\/parks.indy.gov\/es\/wp-json\/wp\/v2\/pages\/574\/revisions"}],"predecessor-version":[{"id":5572,"href":"https:\/\/parks.indy.gov\/es\/wp-json\/wp\/v2\/pages\/574\/revisions\/5572"}],"up":[{"embeddable":true,"href":"https:\/\/parks.indy.gov\/es\/wp-json\/wp\/v2\/pages\/26"}],"wp:featuredmedia":[{"embeddable":true,"href":"https:\/\/parks.indy.gov\/es\/wp-json\/wp\/v2\/media\/1216"}],"wp:attachment":[{"href":"https:\/\/parks.indy.gov\/es\/wp-json\/wp\/v2\/media?parent=574"}],"curies":[{"name":"gracias","href":"https:\/\/api.w.org\/{rel}","templated":true}]}}