{"id":585,"date":"2023-01-04T21:32:26","date_gmt":"2023-01-04T21:32:26","guid":{"rendered":"https:\/\/f1-stage-indyparks.pantheonsite.io\/?page_id=585"},"modified":"2026-03-20T15:16:33","modified_gmt":"2026-03-20T15:16:33","slug":"park-board-and-committees","status":"publish","type":"page","link":"https:\/\/parks.indy.gov\/es\/about-us\/park-board-and-committees\/","title":{"rendered":"Junta y comit\u00e9s del parque"},"content":{"rendered":"<p>Indy Parks tiene varios tipos de comit\u00e9s, juntas y m\u00e1s, que incluyen la Junta de Parques, el Comit\u00e9 de Parques y Recreaci\u00f3n del Ayuntamiento y consejos asesores de parques individuales.&nbsp;<\/p>\n\n\n\n<h2 class=\"wp-block-heading\">Junta Directiva&nbsp;<\/h2>\n\n\n\n<p>Una junta de cinco miembros, administrada por un director, supervisa las pol\u00edticas del departamento, revisa su presupuesto anual y aprueba todos los contratos. La Junta del Parque est\u00e1 formada por el Director del Departamento, que es designado por el Alcalde, dos miembros designados por el Alcalde y dos miembros designados por el Concejo Municipal. Los cuatro miembros sirven por un mandato renovable de un a\u00f1o. El Director del Departamento act\u00faa como presidente de la Junta de Parques y Recreaci\u00f3n:<\/p>\n\n\n\n<ul class=\"wp-block-list\">\n<li>Brittany Crone, Chair, Director Indy Parks<\/li>\n\n\n\n<li>Larry Bates<\/li>\n\n\n\n<li>Brad Beaubien<\/li>\n\n\n\n<li>Julee Jacob<\/li>\n\n\n\n<li>Joseph Wynns<\/li>\n<\/ul>\n\n\n\n<h3 class=\"wp-block-heading\">Board Schedule<\/h3>\n\n\n\n<p>The Board of Parks and Recreation for the Consolidated City of Indianapolis shall plan to meet on the following dates in 2026. This schedule is subject to change at the discretion of the Board Chair.<\/p>\n\n\n\n<p>Tuesday, January 20, 2026<\/p>\n\n\n\n<p>Tuesday, February 24, 2026<\/p>\n\n\n\n<p>Tuesday, March 24, 2026<\/p>\n\n\n\n<p>Tuesday, April 21, 2026<\/p>\n\n\n\n<p>Tuesday, May 19, 2026<\/p>\n\n\n\n<p>Tuesday, June 23, 2026<\/p>\n\n\n\n<p>Tuesday, July 21, 2026<\/p>\n\n\n\n<p>Tuesday, August 25, 2026<\/p>\n\n\n\n<p>Tuesday, September 15, 2026<\/p>\n\n\n\n<p>Tuesday, October 20, 2026<\/p>\n\n\n\n<p>Tuesday, November 17, 2026<\/p>\n\n\n\n<p>Tuesday, December 15, 2026<\/p>\n\n\n\n<h3 class=\"wp-block-heading\">Agendas de la Junta de Parques<\/h3>\n\n\n\n<div class=\"wp-block-file\"><a id=\"wp-block-file--media-7ecea079-bb6e-4679-99f6-58e22e2901ca\" href=\"https:\/\/parks.indy.gov\/wp-content\/uploads\/2026\/03\/Parks-Board-Agenda-3-24-2026.docx\">Parks Board Agenda 3-24-2026<\/a><a href=\"https:\/\/parks.indy.gov\/wp-content\/uploads\/2026\/03\/Parks-Board-Agenda-3-24-2026.docx\" class=\"wp-block-file__button wp-element-button\" download aria-describedby=\"wp-block-file--media-7ecea079-bb6e-4679-99f6-58e22e2901ca\">Descargar<\/a><\/div>\n\n\n\n<p>\u00d3rdenes del d\u00eda anteriores de la junta<\/p>\n\n\n\n<div class=\"wp-block-file\"><a id=\"wp-block-file--media-64e42aaa-c774-43e0-8389-ce98f752d400\" href=\"https:\/\/parks.indy.gov\/wp-content\/uploads\/2026\/02\/Parks-Board-Agenda-2-24-2026.docx\">Parks Board Agenda 2-24-2026<\/a><\/div>\n\n\n\n<div class=\"wp-block-file\"><a id=\"wp-block-file--media-6ff02b15-0ae8-4e20-9386-d53731e9120a\" href=\"https:\/\/parks.indy.gov\/wp-content\/uploads\/2026\/01\/Parks-Board-Agenda-1-27-2026.docx\">Parks Board Agenda 1-27-2026<\/a><\/div>\n\n\n\n<div class=\"wp-block-file\"><a id=\"wp-block-file--media-4597b5bc-d114-4c94-b435-8750735defe9\" href=\"https:\/\/parks.indy.gov\/wp-content\/uploads\/2025\/12\/Parks-Board-Agenda-12.16.25.docx\">Parks Board Agenda 12.16.25<\/a><\/div>\n\n\n\n<div class=\"wp-block-file\"><a id=\"wp-block-file--media-2f6a09f9-69b2-49d1-9021-df23498aa6c0\" href=\"https:\/\/parks.indy.gov\/wp-content\/uploads\/2025\/11\/Parks-Board-Agenda-11.18.25.docx\">Parks Board Agenda 11.18.25<\/a><\/div>\n\n\n\n<div class=\"wp-block-file\"><a id=\"wp-block-file--media-c965cc6c-c23b-4e94-8a71-fec93ac60a26\" href=\"https:\/\/parks.indy.gov\/wp-content\/uploads\/2025\/10\/Parks-Board-Agenda-10.21.25.docx\">Parks Board Agenda 10.21.25<\/a><\/div>\n\n\n\n<div class=\"wp-block-file\"><a id=\"wp-block-file--media-f7100c48-8410-4ea5-9083-922ad8fedee7\" href=\"https:\/\/parks.indy.gov\/wp-content\/uploads\/2025\/09\/Parks-Board-Agenda-9.23.25.docx\">Orden del d\u00eda de la Junta de Parques 23\/09\/2025<\/a><\/div>\n\n\n\n<div class=\"wp-block-file\"><a id=\"wp-block-file--media-69cc3f06-36b4-45ce-85ef-c14411ab8c1e\" href=\"https:\/\/parks.indy.gov\/wp-content\/uploads\/2025\/08\/Parks-Board-Agenda-8.26.25.docx\">Orden del d\u00eda de la Junta de Parques 8.26.25<\/a><\/div>\n\n\n\n<div class=\"wp-block-file\"><a id=\"wp-block-file--media-251e513c-f991-4988-9ef9-c12bb9cb7b9d\" href=\"https:\/\/parks.indy.gov\/wp-content\/uploads\/2025\/07\/Parks-Board-Agenda-7.22.25.docx\">Orden del d\u00eda de la Junta de Parques 22\/7\/25<\/a><\/div>\n\n\n\n<div class=\"wp-block-file\"><a id=\"wp-block-file--media-809843b5-f2f8-48f9-93ec-3b81b861f1b0\" href=\"https:\/\/parks.indy.gov\/wp-content\/uploads\/2025\/06\/Parks-Board-Agenda-6.17.25.docx\">Orden del d\u00eda de la Junta de Parques 17\/06\/2025<\/a><\/div>\n\n\n\n<div class=\"wp-block-file\"><a id=\"wp-block-file--media-604ca3bc-149e-43b4-a1fc-917c18d1a4a3\" href=\"https:\/\/parks.indy.gov\/wp-content\/uploads\/2025\/05\/Parks-Board-Agenda-5.20.25.docx\">Agenda de la Junta de Parques, 20 de mayo de 2025<\/a><\/div>\n\n\n\n<div class=\"wp-block-file\"><a id=\"wp-block-file--media-d1dd6845-68a7-45b3-8f74-b6688bc91985\" href=\"https:\/\/parks.indy.gov\/wp-content\/uploads\/2025\/05\/Parks-Board-Agenda-4.22.25.docx\">Junta de Parques - Agenda - 4.22.25<\/a><\/div>\n\n\n\n<div class=\"wp-block-file\"><a id=\"wp-block-file--media-d1dd6845-68a7-45b3-8f74-b6688bc91985\" href=\"https:\/\/parks.indy.gov\/wp-content\/uploads\/2025\/05\/Parks-Board-Agenda-3.18.25.docx\">Agenda de la Junta de Parques, 18\/3\/2025<\/a><\/div>\n\n\n\n<div class=\"wp-block-file\"><a id=\"wp-block-file--media-d1dd6845-68a7-45b3-8f74-b6688bc91985\" href=\"https:\/\/parks.indy.gov\/wp-content\/uploads\/2025\/05\/Parks-Board-Agenda-2.18.25.docx\">Agenda de la Junta de Parques, 18\/02\/2025<\/a><\/div>\n\n\n\n<div class=\"wp-block-file\"><a id=\"wp-block-file--media-d1dd6845-68a7-45b3-8f74-b6688bc91985\" href=\"https:\/\/parks.indy.gov\/wp-content\/uploads\/2025\/05\/Parks-Board-Agenda-1.21.25.docx\">Agenda de la Junta de Parques, 21\/01\/2025<\/a><\/div>\n\n\n\n<h2 class=\"wp-block-heading\">Comit\u00e9 de Parques y Recreaci\u00f3n del Ayuntamiento<\/h2>\n\n\n\n<p>El Comit\u00e9 de Parques y Recreaci\u00f3n del Concejo Ciudad-Condado revisa acciones y problemas que afectan los terrenos de los parques y las oportunidades art\u00edsticas y recreativas en la comunidad. Las \u00e1reas cubiertas por el comit\u00e9 incluyen parques vecinales y centros comunitarios, servicios de golf, servicios de recreaci\u00f3n y esparcimiento, v\u00edas verdes y el Consejo de las Artes de Indian\u00e1polis. <a href=\"http:\/\/indianapolis.granicus.com\/ViewPublisher.php?view_id=13\">Ver grabaciones de reuniones pasadas del comit\u00e9<\/a>.<\/p>\n\n\n\n<p>El calendario de reuniones del Comit\u00e9 de Parques y Recreaci\u00f3n para 2025 es el siguiente:<\/p>\n\n\n\n<ul class=\"wp-block-list\">\n<li>9 de enero a las 5:30 p. m. en la Sala 260 del Edificio del Condado de la Ciudad<\/li>\n\n\n\n<li>6 de febrero a las 5:30 p. m. en la Sala 260 del Edificio del Condado de la Ciudad<\/li>\n\n\n\n<li>6 de marzo a las 5:30 p. m. en la Sala 260 del Edificio del Condado de la Ciudad<\/li>\n\n\n\n<li>10 de abril a las 5:30 p. m. en la Sala 260 del Edificio del Condado de la Ciudad<\/li>\n\n\n\n<li>8 de mayo a las 5:30 p. m. en la Sala 260 del Edificio del Condado de la Ciudad<\/li>\n\n\n\n<li>12 de junio a las 5:30 p. m. en la Sala 260 del Edificio del Condado de la Ciudad<\/li>\n\n\n\n<li>10 de julio a las 5:30 p. m. en la Sala 260 del Edificio del Condado de la Ciudad<\/li>\n\n\n\n<li>28 de agosto a las 5:30 p. m. en la Sala de Asambleas P\u00fablicas del Edificio del Condado de la Ciudad<\/li>\n\n\n\n<li>Audiencia sobre el presupuesto de parques del 4 de septiembre a las 5:30 p. m. en la sala de reuniones p\u00fablicas del edificio de la ciudad y el condado.<\/li>\n\n\n\n<li>Revisi\u00f3n y an\u00e1lisis del presupuesto de parques del 2 de octubre a las 5:30 p. m. en la sala de reuniones p\u00fablicas del edificio del condado de la ciudad.<\/li>\n\n\n\n<li>6 de noviembre a las 5:30 p. m. en la Sala de Asambleas P\u00fablicas del Edificio del Condado de la Ciudad.<\/li>\n\n\n\n<li>18 de diciembre a las 5:30 p. m. en la Sala de Asambleas P\u00fablicas del Edificio del Condado de la Ciudad.<\/li>\n<\/ul>\n\n\n\n<h4 class=\"wp-block-heading\">Miembros actuales del comit\u00e9<\/h4>\n\n\n\n<div class=\"wp-block-columns is-layout-flex wp-container-core-columns-is-layout-9d6595d7 wp-block-columns-is-layout-flex\">\n<div class=\"wp-block-column is-layout-flow wp-block-column-is-layout-flow\">\n<p>Dan Boots, D-District 3, Chair<\/p>\n<\/div>\n\n\n\n<div class=\"wp-block-column is-layout-flow wp-block-column-is-layout-flow\">\n<p>Paul Annee, republicano por el Distrito 23<\/p>\n<\/div>\n\n\n\n<div class=\"wp-block-column is-layout-flow wp-block-column-is-layout-flow\">\n<p>Josh Bain, republicano por el Distrito 20<\/p>\n<\/div>\n<\/div>\n\n\n\n<div class=\"wp-block-columns is-layout-flex wp-container-core-columns-is-layout-9d6595d7 wp-block-columns-is-layout-flex\">\n<div class=\"wp-block-column is-layout-flow wp-block-column-is-layout-flow\">\n<p>Jesse Brown, dem\u00f3crata del Distrito 13<\/p>\n<\/div>\n\n\n\n<div class=\"wp-block-column is-layout-flow wp-block-column-is-layout-flow\">\n<p>Crista Carlino, D-Distrito 11<\/p>\n<\/div>\n\n\n\n<div class=\"wp-block-column is-layout-flow wp-block-column-is-layout-flow\">\n<p>Brienne Delaney, D-Distrito 2<\/p>\n<\/div>\n<\/div>\n\n\n\n<div class=\"wp-block-columns is-layout-flex wp-container-core-columns-is-layout-9d6595d7 wp-block-columns-is-layout-flex\">\n<div class=\"wp-block-column is-layout-flow wp-block-column-is-layout-flow\">\n<p>Michael Dilk, republicano por el Distrito 24<\/p>\n<\/div>\n\n\n\n<div class=\"wp-block-column is-layout-flow wp-block-column-is-layout-flow\">\n<p>Jared Evans, D-Distrito 17<\/p>\n<\/div>\n\n\n\n<div class=\"wp-block-column is-layout-flow wp-block-column-is-layout-flow\">\n<p>Frank Mascari, dem\u00f3crata del Distrito 19<\/p>\n<\/div>\n<\/div>\n\n\n\n<div class=\"wp-block-columns is-layout-flex wp-container-core-columns-is-layout-9d6595d7 wp-block-columns-is-layout-flex\">\n<div class=\"wp-block-column is-layout-flow wp-block-column-is-layout-flow\">\n<p>Jessica McCormick, dem\u00f3crata del Distrito 16<\/p>\n<\/div>\n\n\n\n<div class=\"wp-block-column is-layout-flow wp-block-column-is-layout-flow\"><\/div>\n\n\n\n<div class=\"wp-block-column is-layout-flow wp-block-column-is-layout-flow\"><\/div>\n<\/div>\n\n\n\n<h2 class=\"wp-block-heading\">Consejos asesores de parques<\/h2>\n\n\n\n<p>Los consejos asesores de parques est\u00e1n formados por miembros de la comunidad que trabajan en estrecha colaboraci\u00f3n con el personal del parque y act\u00faan como defensores de sus parques locales. Los consejos asesores de parques pueden ayudar con los esfuerzos de embellecimiento, la programaci\u00f3n y la identificaci\u00f3n y adquisici\u00f3n de recursos para mejoras del parque.<\/p>\n\n\n\n<p>Los parques con consejos asesores se enumeran a continuaci\u00f3n. \u00bfEst\u00e1s buscando iniciar un grupo de amigos o asesor en tu parque? Comun\u00edquese con Sheryl Richardson, gerente senior de relaciones comunitarias, en <a href=\"mailto:Sheryl.richardson@indy.gov\">Sheryl.richardson@indy.gov<\/a><\/p>\n\n\n\n<figure class=\"wp-block-table\"><table><tbody><tr><td>Parque Betel<\/td><td>Consejo Asesor del Parque Bethel<\/td><\/tr><tr><td><a href=\"https:\/\/parks.indy.gov\/es\/parks\/broad-ripple-park\/\">Parque amplio de la ondulaci\u00f3n<\/a><\/td><td>Amigos de Broad Ripple Park&nbsp;<\/td><\/tr><tr><td><a href=\"https:\/\/parks.indy.gov\/es\/parks\/brookside-park\/\">parque brookside<\/a><\/td><td>Amigos de Brookside Park<\/td><\/tr><tr><td><a href=\"https:\/\/parks.indy.gov\/es\/parks\/rev-charles-r-williams-park\/\">Parque Charles Williams<\/a><\/td><td>Consejo Asesor del Parque Charles Williams<\/td><\/tr><tr><td><a href=\"https:\/\/parks.indy.gov\/es\/parks\/frederick-douglass-park\/\">Federico Douglass<\/a><\/td><td>Amigos del parque Douglass<\/td><\/tr><tr><td><a href=\"https:\/\/parks.indy.gov\/es\/parks\/eagle-creek-park\/\">Arroyo del \u00c1guila<\/a><\/td><td>Fundaci\u00f3n Eagle Creek<\/td><\/tr><tr><td><a href=\"https:\/\/parks.indy.gov\/es\/parks\/ellenberger-park\/\">Parque Ellenberger<\/a><\/td><td>Amigos del parque Ellenberger<\/td><\/tr><tr><td><a href=\"https:\/\/parks.indy.gov\/es\/parks\/frank-young-park\/\">Parque Frank Young<\/a><\/td><td>Amigos del parque Frank Young<\/td><\/tr><tr><td><a href=\"https:\/\/parks.indy.gov\/es\/parks\/garfield-park\/\">parque garfield<\/a><\/td><td>Amigos del parque Garfield<\/td><\/tr><tr><td><a href=\"https:\/\/parks.indy.gov\/es\/parks\/lt-jr-grd-graham-edward-martin-park\/\">Teniente Grado Edward Martin Graham<\/a><\/td><td>Amigos del parque Edward Martin Graham<\/td><\/tr><tr><td><a href=\"https:\/\/parks.indy.gov\/es\/parks\/holliday-park\/\">parque de vacaciones<\/a><\/td><td>Fundaci\u00f3n Parque Holliday<\/td><\/tr><tr><td><a href=\"https:\/\/parks.indy.gov\/es\/parks\/dr-martin-luther-king-jr-park\/\">Parque Martin Luther King Jr.<\/a><\/td><td>Amigos del Dr. Martin Luther King Jr.<\/td><\/tr><tr><td>Maderas Marrott<\/td><td>Amigos de Marrott Woods<\/td><\/tr><tr><td><a href=\"https:\/\/parks.indy.gov\/es\/parks\/riverside-regional-park\/\">parque ribere\u00f1o<\/a><\/td><td>Fundaci\u00f3n Riverside<\/td><\/tr><tr><td><a href=\"https:\/\/parks.indy.gov\/es\/parks\/robey-park\/\">Parque Robey<\/a><\/td><td>Consejo Asesor de Robey Park<\/td><\/tr><tr><td><a href=\"https:\/\/parks.indy.gov\/es\/parks\/southeastway-park\/\">parque del sureste<\/a><\/td><td>Amigos del parque Southeastway<\/td><\/tr><tr><td><a href=\"https:\/\/parks.indy.gov\/es\/parks\/town-run-trail-park-mtn-biking\/\">Carrera de la ciudad<\/a><\/td><td><\/td><\/tr><tr><td><a href=\"https:\/\/parks.indy.gov\/es\/parks\/windsor-village-park\/\">Pueblo de Windsor<\/a><\/td><td>Consejo Asesor de la aldea de Windsor<\/td><\/tr><\/tbody><\/table><\/figure>","protected":false},"excerpt":{"rendered":"<p>Indy Parks tiene varios tipos de comit\u00e9s, juntas y m\u00e1s que incluyen la Junta del Parque y consejos asesores de parques individuales.\u00a0<\/p>","protected":false},"author":1,"featured_media":1400,"parent":26,"menu_order":9,"comment_status":"closed","ping_status":"closed","template":"","meta":{"_acf_changed":false,"footnotes":""},"class_list":["post-585","page","type-page","status-publish","has-post-thumbnail","hentry"],"acf":[],"yoast_head":"<!-- This site is optimized with the Yoast SEO plugin v27.1.1 - https:\/\/yoast.com\/product\/yoast-seo-wordpress\/ -->\n<title>Park Board and Committees - Indy Parks &amp; Recreation<\/title>\n<meta name=\"robots\" content=\"index, follow, max-snippet:-1, max-image-preview:large, max-video-preview:-1\" \/>\n<link rel=\"canonical\" href=\"https:\/\/parks.indy.gov\/es\/about-us\/park-board-and-committees\/\" \/>\n<meta property=\"og:locale\" content=\"es_ES\" \/>\n<meta property=\"og:type\" content=\"article\" \/>\n<meta property=\"og:title\" content=\"Park Board and Committees - Indy Parks &amp; Recreation\" \/>\n<meta property=\"og:description\" content=\"Indy Parks has several types of committees, boards and more that include, the Park Board, and individual park advisory councils.\u00a0\" \/>\n<meta property=\"og:url\" content=\"https:\/\/parks.indy.gov\/es\/about-us\/park-board-and-committees\/\" \/>\n<meta property=\"og:site_name\" content=\"Indy Parks &amp; Recreation\" \/>\n<meta property=\"article:modified_time\" content=\"2026-03-20T15:16:33+00:00\" \/>\n<meta property=\"og:image\" content=\"https:\/\/parks.indy.gov\/wp-content\/uploads\/2023\/04\/mlk-park-1-e1708104630801.jpeg\" \/>\n\t<meta property=\"og:image:width\" content=\"1140\" \/>\n\t<meta property=\"og:image:height\" content=\"505\" \/>\n\t<meta property=\"og:image:type\" content=\"image\/jpeg\" \/>\n<meta name=\"twitter:card\" content=\"summary_large_image\" \/>\n<meta name=\"twitter:label1\" content=\"Est. reading time\" \/>\n\t<meta name=\"twitter:data1\" content=\"4 minutes\" \/>\n<!-- \/ Yoast SEO plugin. -->","yoast_head_json":{"title":"Park Board and Committees - Indy Parks &amp; Recreation","robots":{"index":"index","follow":"follow","max-snippet":"max-snippet:-1","max-image-preview":"max-image-preview:large","max-video-preview":"max-video-preview:-1"},"canonical":"https:\/\/parks.indy.gov\/es\/about-us\/park-board-and-committees\/","og_locale":"es_ES","og_type":"article","og_title":"Park Board and Committees - Indy Parks &amp; Recreation","og_description":"Indy Parks has several types of committees, boards and more that include, the Park Board, and individual park advisory councils.\u00a0","og_url":"https:\/\/parks.indy.gov\/es\/about-us\/park-board-and-committees\/","og_site_name":"Indy Parks &amp; Recreation","article_modified_time":"2026-03-20T15:16:33+00:00","og_image":[{"width":1140,"height":505,"url":"https:\/\/parks.indy.gov\/wp-content\/uploads\/2023\/04\/mlk-park-1-e1708104630801.jpeg","type":"image\/jpeg"}],"twitter_card":"summary_large_image","twitter_misc":{"Est. reading time":"4 minutes"},"schema":{"@context":"https:\/\/schema.org","@graph":[{"@type":"WebPage","@id":"https:\/\/parks.indy.gov\/about-us\/park-board-and-committees\/","url":"https:\/\/parks.indy.gov\/about-us\/park-board-and-committees\/","name":"Park Board and Committees - Indy Parks &amp; Recreation","isPartOf":{"@id":"https:\/\/parks.indy.gov\/es\/#website"},"primaryImageOfPage":{"@id":"https:\/\/parks.indy.gov\/about-us\/park-board-and-committees\/#primaryimage"},"image":{"@id":"https:\/\/parks.indy.gov\/about-us\/park-board-and-committees\/#primaryimage"},"thumbnailUrl":"https:\/\/parks.indy.gov\/wp-content\/uploads\/2023\/04\/mlk-park-1-e1708104630801.jpeg","datePublished":"2023-01-04T21:32:26+00:00","dateModified":"2026-03-20T15:16:33+00:00","breadcrumb":{"@id":"https:\/\/parks.indy.gov\/about-us\/park-board-and-committees\/#breadcrumb"},"inLanguage":"es-ES","potentialAction":[{"@type":"ReadAction","target":["https:\/\/parks.indy.gov\/about-us\/park-board-and-committees\/"]}]},{"@type":"ImageObject","inLanguage":"es-ES","@id":"https:\/\/parks.indy.gov\/about-us\/park-board-and-committees\/#primaryimage","url":"https:\/\/parks.indy.gov\/wp-content\/uploads\/2023\/04\/mlk-park-1-e1708104630801.jpeg","contentUrl":"https:\/\/parks.indy.gov\/wp-content\/uploads\/2023\/04\/mlk-park-1-e1708104630801.jpeg","width":1140,"height":505},{"@type":"BreadcrumbList","@id":"https:\/\/parks.indy.gov\/about-us\/park-board-and-committees\/#breadcrumb","itemListElement":[{"@type":"ListItem","position":1,"name":"Home","item":"https:\/\/parks.indy.gov\/"},{"@type":"ListItem","position":2,"name":"About Us","item":"https:\/\/parks.indy.gov\/about-us\/"},{"@type":"ListItem","position":3,"name":"Park Board and Committees"}]},{"@type":"WebSite","@id":"https:\/\/parks.indy.gov\/es\/#website","url":"https:\/\/parks.indy.gov\/es\/","name":"Parques y recreaci\u00f3n de Indy","description":"Proporcionando experiencias enriquecedoras para todos.","publisher":{"@id":"https:\/\/parks.indy.gov\/es\/#organization"},"potentialAction":[{"@type":"SearchAction","target":{"@type":"EntryPoint","urlTemplate":"https:\/\/parks.indy.gov\/es\/?s={search_term_string}"},"query-input":{"@type":"PropertyValueSpecification","valueRequired":true,"valueName":"search_term_string"}}],"inLanguage":"es-ES"},{"@type":"Organization","@id":"https:\/\/parks.indy.gov\/es\/#organization","name":"Parques y recreaci\u00f3n de Indy","url":"https:\/\/parks.indy.gov\/es\/","logo":{"@type":"ImageObject","inLanguage":"es-ES","@id":"https:\/\/parks.indy.gov\/es\/#\/schema\/logo\/image\/","url":"https:\/\/parks.indy.gov\/wp-content\/uploads\/2023\/03\/Horizontal-Logo-1-e1678482885380.png","contentUrl":"https:\/\/parks.indy.gov\/wp-content\/uploads\/2023\/03\/Horizontal-Logo-1-e1678482885380.png","width":258,"height":79,"caption":"Indy Parks &amp; Recreation"},"image":{"@id":"https:\/\/parks.indy.gov\/es\/#\/schema\/logo\/image\/"}}]}},"_links":{"self":[{"href":"https:\/\/parks.indy.gov\/es\/wp-json\/wp\/v2\/pages\/585","targetHints":{"allow":["GET"]}}],"collection":[{"href":"https:\/\/parks.indy.gov\/es\/wp-json\/wp\/v2\/pages"}],"about":[{"href":"https:\/\/parks.indy.gov\/es\/wp-json\/wp\/v2\/types\/page"}],"author":[{"embeddable":true,"href":"https:\/\/parks.indy.gov\/es\/wp-json\/wp\/v2\/users\/1"}],"replies":[{"embeddable":true,"href":"https:\/\/parks.indy.gov\/es\/wp-json\/wp\/v2\/comments?post=585"}],"version-history":[{"count":2,"href":"https:\/\/parks.indy.gov\/es\/wp-json\/wp\/v2\/pages\/585\/revisions"}],"predecessor-version":[{"id":5642,"href":"https:\/\/parks.indy.gov\/es\/wp-json\/wp\/v2\/pages\/585\/revisions\/5642"}],"up":[{"embeddable":true,"href":"https:\/\/parks.indy.gov\/es\/wp-json\/wp\/v2\/pages\/26"}],"wp:featuredmedia":[{"embeddable":true,"href":"https:\/\/parks.indy.gov\/es\/wp-json\/wp\/v2\/media\/1400"}],"wp:attachment":[{"href":"https:\/\/parks.indy.gov\/es\/wp-json\/wp\/v2\/media?parent=585"}],"curies":[{"name":"gracias","href":"https:\/\/api.w.org\/{rel}","templated":true}]}}