{"id":609,"date":"2023-01-04T22:00:44","date_gmt":"2023-01-04T22:00:44","guid":{"rendered":"https:\/\/parks.indy.gov\/?page_id=609"},"modified":"2025-11-06T18:33:46","modified_gmt":"2025-11-06T18:33:46","slug":"free-meals-programs","status":"publish","type":"page","link":"https:\/\/parks.indy.gov\/es\/programs\/free-meals-programs\/","title":{"rendered":"Programas de comidas gratis"},"content":{"rendered":"<p>Desde 2013, el Programa de Comidas de Indy Parks ha servido m\u00e1s de 3 millones de comidas a nuestra comunidad. En 2023, Indy Parks proporcion\u00f3 191,396 comidas a residentes de toda la ciudad.<\/p>\n\n\n\n<p>Additional food resources can be found from the city&#8217;s <a href=\"https:\/\/www.indy.gov\/activity\/division-dcnfp\">Office of Public Health and Safety<\/a> y el <a href=\"https:\/\/www.communitycompass.app\/home\">Community Compass<\/a> food resource map. <\/p>\n\n\n\n<h2 class=\"wp-block-heading\">Indy Parks Food Pantries<\/h2>\n\n\n\n<ul class=\"wp-block-list\">\n<li>Riverside Park Food Pantry: Wednesday, 12:45-3pm<\/li>\n\n\n\n<li>Windsor Village Park Food Pantry: Thursday, 1-3pm\n<ul class=\"wp-block-list\">\n<li>The Windsor Village Pantry requires proof of Marion County residency.<\/li>\n<\/ul>\n<\/li>\n<\/ul>\n\n\n\n<h2 class=\"wp-block-heading\">Programa Drive &amp; Dish<\/h2>\n\n\n\n<p><mark style=\"background-color:rgba(0, 0, 0, 0)\" class=\"has-inline-color has-other-red-base-color\">As of November 5th, all Drive and Dish locations are at capacity and cannot accept new participants at this time.<\/mark><\/p>\n\n\n\n<p>El <a href=\"https:\/\/parks.indy.gov\/es\/drive-dish-program\/\">Programa Drive &amp; Dish<\/a> is a partnership between Indy Parks, Gleaners, and the Pacers Foundation to help combat food insecurity in Indianapolis. After visiting a park to register for the program, residents can order groceries during a weekly ordering window and then pick up their order later that week at the park.<\/p>\n\n\n\n<h2 class=\"wp-block-heading\">After School Meal Service<\/h2>\n\n\n\n<ul class=\"wp-block-list\">\n<li>Open to <strong>all<\/strong> youth 18 and under; they must be present and eat the meal on-site<\/li>\n\n\n\n<li>Available Monday through Friday<\/li>\n\n\n\n<li>Gratis, no es necesario registrarse<\/li>\n<\/ul>\n\n\n\n<h3 class=\"wp-block-heading\">Indy Parks After School Meal Serving Sites<\/h3>\n\n\n\n<ul class=\"wp-block-list\">\n<li><strong>Parque Rodio<\/strong> &#8211; 1720 W. Wilkins St: Tuesday through Friday, 4-5pm <\/li>\n\n\n\n<li><strong>Parque del pueblo de Windsor<\/strong> &#8211; 6510 E 25th St: Monday through Friday, 5-6pm<\/li>\n<\/ul>\n\n\n\n<h3 class=\"wp-block-heading\">Mobile Youth Serving Sites: Monday through Thursday<\/h3>\n\n\n\n<ul class=\"wp-block-list\">\n<li><strong>East 38th St Library<\/strong> &#8211; 5420 E 38th St: 3-3:20pm <\/li>\n\n\n\n<li><strong>Brightwood Library<\/strong> &#8211; 2434 N Sherman Dr: 3:50-4:10pm<\/li>\n\n\n\n<li><strong>Haughville Library<\/strong> &#8211; 2121 W Michigan St: 5-5:20pm <mark style=\"background-color:rgba(0, 0, 0, 0)\" class=\"has-inline-color has-other-red-base-color\">(This site is temporarily closed as the Library is under construction until November 16th.)<\/mark><\/li>\n<\/ul>\n\n\n\n<h2 class=\"wp-block-heading\"><\/h2>\n\n\n\n<h2 class=\"wp-block-heading\">Second Helpings Programs<\/h2>\n\n\n\n<p>Indy Parks serves free meals and\/or sandwiches to residents at select park locations through the generosity of Second Helpings. <em>All parks serve food while supplies last.<\/em><\/p>\n\n\n\n<p>Parks that offer free meals:<\/p>\n\n\n\n<ul class=\"wp-block-list\">\n<li><strong>parque brookside<\/strong>:  Monday through Friday,4-6 pm<\/li>\n\n\n\n<li><strong>Christian Park:<\/strong> Monday trough Friday at 4pm while supplies last<\/li>\n\n\n\n<li><strong>Frederick Douglass Park:<\/strong> Monday to Friday at 3:30pm while supplies last<\/li>\n\n\n\n<li><strong>Pride Park:<\/strong> Monday through Friday from 3-7pm and Saturday 11am-3pm<\/li>\n\n\n\n<li><strong>Watkins Park:<\/strong> Mondays, Wednesdays, and Fridays at 11am while supplies last<\/li>\n<\/ul>\n\n\n\n<p>Parks that offer free sandwiches:<\/p>\n\n\n\n<ul class=\"wp-block-list\">\n<li><strong>Riverside Park:<\/strong> Sandwiches are available for students after school on Mondays, Wednesdays, and Fridays<\/li>\n\n\n\n<li><strong>Stanley Strader Park:<\/strong> sandwiches are available Monday to Friday from 2-4pm<\/li>\n<\/ul>\n\n\n\n<h2 class=\"wp-block-heading\">Servicio de comidas de verano <\/h2>\n\n\n\n<ul class=\"wp-block-list\">\n<li><mark style=\"background-color:rgba(0, 0, 0, 0)\" class=\"has-inline-color has-other-red-base-color\">This program has concluded for the 2025 year. Check back next spring for updates on the 2026 summer meals program!<\/mark><\/li>\n\n\n\n<li>Abierto a TODOS los j\u00f3venes menores de 18 a\u00f1os, deben estar presentes y comer la comida en el lugar.<\/li>\n\n\n\n<li>Disponible de lunes a viernes<\/li>\n\n\n\n<li>Gratis, no es necesario registrarse<\/li>\n<\/ul>\n\n\n\n<p>Los horarios est\u00e1n sujetos a cambios. Llame al Centro de atenci\u00f3n al cliente de Indy Parks para obtener m\u00e1s informaci\u00f3n al 317-327-PARK.<\/p>\n\n\n\n<h2 class=\"wp-block-heading\">How to Get Involved<\/h2>\n\n\n\n<h3 class=\"wp-block-heading\">Brookside Park Food Drive<\/h3>\n\n\n\n<p><em>Drop-off dates: November 1-19<\/em><\/p>\n\n\n\n<p>Brookside Park is hosting a food drive at the Park Family Center from November 1-19 to provide nonperishable food for local families over the Thanksgiving Holiday break. Residents can drop off nonperishable food donations Monday to Friday from noon to 7:30 pm at the Brookside Park Family Center, 3500 Brookside Parkway S Dr.<\/p>\n\n\n\n<h3 class=\"wp-block-heading\">Krannert Park Food Drive<\/h3>\n\n\n\n<p><em>Drop-off dates: Entire month of November<\/em><\/p>\n\n\n\n<p>The Krannert Park Fall Food Drive is available all November long to benefit Gleaner&#8217;s Food Bank. Donations can be made at the Family Center (605 S. High School Rd.) during regular hours.<\/p>\n\n\n\n<p><strong>Declaraci\u00f3n de no discriminaci\u00f3n<\/strong><\/p>\n\n\n\n<p>De acuerdo con la ley federal de derechos civiles y las regulaciones y pol\u00edticas de derechos civiles del Departamento de Agricultura de los EE. UU. (USDA), esta instituci\u00f3n tiene prohibido discriminar por motivos de raza, color, origen nacional, sexo (incluida la identidad de g\u00e9nero y la orientaci\u00f3n sexual), discapacidad, edad, o represalias o represalias por actividades anteriores de derechos civiles.<\/p>\n\n\n\n<p>La informaci\u00f3n del programa puede estar disponible en otros idiomas adem\u00e1s del ingl\u00e9s. Las personas con discapacidades que requieran medios de comunicaci\u00f3n alternativos para obtener informaci\u00f3n del programa (p. ej., Braille, letra grande, cintas de audio, lenguaje de se\u00f1as americano), deben comunicarse con la agencia estatal o local responsable que administra el programa o con el Centro TARGET del USDA al (202) 720- 2600 (voz y TTY) o comun\u00edquese con el USDA a trav\u00e9s del Servicio Federal de Retransmisi\u00f3n al (800) 877-8339.<\/p>\n\n\n\n<p>Para presentar una queja por discriminaci\u00f3n en el programa, el demandante debe completar un formulario AD-3027, Formulario de queja por discriminaci\u00f3n en el programa del USDA, que se puede obtener en l\u00ednea en:&nbsp;<a href=\"https:\/\/www.usda.gov\/sites\/default\/files\/documents\/USDA-OASCR%20P-Complaint-Form-0508-0002-508-11-28-17Fax2Mail.pdf\">https:\/\/www.usda.gov\/sites\/default\/files\/documents\/USDA-OASCR%20P-Complaint-Form-0508-0002-508-11-28-17Fax2Mail.pdf&nbsp;<\/a>, desde cualquier oficina del USDA, llamando al (866) 632-9992, o escribiendo una carta dirigida al USDA. La carta debe contener el nombre, la direcci\u00f3n, el n\u00famero de tel\u00e9fono del denunciante y una descripci\u00f3n escrita de la supuesta acci\u00f3n discriminatoria con suficiente detalle para informar al Subsecretario de Derechos Civiles (ASCR) sobre la naturaleza y la fecha de una supuesta violaci\u00f3n de los derechos civiles. El formulario o carta AD-3027 completo debe enviarse al USDA por:<\/p>\n\n\n\n<ol class=\"wp-block-list\">\n<li><strong>correo:<\/strong><br>Departamento de Agricultura de EE. UU.<br>Oficina del Subsecretario de Derechos Civiles<br>1400 Avenida Independencia, SW<br>Washington, DC 20250-9410; o<\/li>\n\n\n\n<li><strong>fax:<\/strong><br>(833) 256-1665 o (202) 690-7442; o<\/li>\n\n\n\n<li><strong>correo electr\u00f3nico:<\/strong><br><a href=\"mailto:program.intake@usda.gov\">Program.Intake@usda.gov<\/a><\/li>\n<\/ol>\n\n\n\n<p>Esta instituci\u00f3n es un proveedor, empleador y prestamista que ofrece igualdad de oportunidades.<\/p>","protected":false},"excerpt":{"rendered":"","protected":false},"author":1,"featured_media":2802,"parent":213,"menu_order":3,"comment_status":"closed","ping_status":"closed","template":"","meta":{"_acf_changed":false,"footnotes":""},"class_list":["post-609","page","type-page","status-publish","has-post-thumbnail","hentry"],"acf":[],"yoast_head":"<!-- This site is optimized with the Yoast SEO plugin v27.2 - https:\/\/yoast.com\/product\/yoast-seo-wordpress\/ -->\n<title>Free Meals Programs - Indy Parks &amp; Recreation<\/title>\n<meta name=\"description\" content=\"Since 2013, the Indy Parks Meals Program has served over 3 million meals to our community. In 2023, Indy Parks provided 191,396 meals to residents across the city.\" \/>\n<meta name=\"robots\" content=\"index, follow, max-snippet:-1, max-image-preview:large, max-video-preview:-1\" \/>\n<link rel=\"canonical\" href=\"https:\/\/parks.indy.gov\/es\/programs\/free-meals-programs\/\" \/>\n<meta property=\"og:locale\" content=\"es_ES\" \/>\n<meta property=\"og:type\" content=\"article\" \/>\n<meta property=\"og:title\" content=\"Free Meals Programs - Indy Parks &amp; Recreation\" \/>\n<meta property=\"og:description\" content=\"Since 2013, the Indy Parks Meals Program has served over 3 million meals to our community. In 2023, Indy Parks provided 191,396 meals to residents across the city.\" \/>\n<meta property=\"og:url\" content=\"https:\/\/parks.indy.gov\/es\/programs\/free-meals-programs\/\" \/>\n<meta property=\"og:site_name\" content=\"Indy Parks &amp; Recreation\" \/>\n<meta property=\"article:modified_time\" content=\"2025-11-06T18:33:46+00:00\" \/>\n<meta property=\"og:image\" content=\"https:\/\/parks.indy.gov\/wp-content\/uploads\/2024\/02\/HERO-Free-Meals.png\" \/>\n\t<meta property=\"og:image:width\" content=\"2000\" \/>\n\t<meta property=\"og:image:height\" content=\"650\" \/>\n\t<meta property=\"og:image:type\" content=\"image\/png\" \/>\n<meta name=\"twitter:card\" content=\"summary_large_image\" \/>\n<meta name=\"twitter:label1\" content=\"Est. reading time\" \/>\n\t<meta name=\"twitter:data1\" content=\"4 minutes\" \/>\n<!-- \/ Yoast SEO plugin. -->","yoast_head_json":{"title":"Programas de comidas gratuitas - Parques y Recreaci\u00f3n de Indy","description":"Desde 2013, el Programa de Comidas de Indy Parks ha servido m\u00e1s de 3 millones de comidas a nuestra comunidad. En 2023, Indy Parks proporcion\u00f3 191,396 comidas a residentes de toda la ciudad.","robots":{"index":"index","follow":"follow","max-snippet":"max-snippet:-1","max-image-preview":"max-image-preview:large","max-video-preview":"max-video-preview:-1"},"canonical":"https:\/\/parks.indy.gov\/es\/programs\/free-meals-programs\/","og_locale":"es_ES","og_type":"article","og_title":"Free Meals Programs - Indy Parks &amp; Recreation","og_description":"Since 2013, the Indy Parks Meals Program has served over 3 million meals to our community. In 2023, Indy Parks provided 191,396 meals to residents across the city.","og_url":"https:\/\/parks.indy.gov\/es\/programs\/free-meals-programs\/","og_site_name":"Indy Parks &amp; Recreation","article_modified_time":"2025-11-06T18:33:46+00:00","og_image":[{"width":2000,"height":650,"url":"https:\/\/parks.indy.gov\/wp-content\/uploads\/2024\/02\/HERO-Free-Meals.png","type":"image\/png"}],"twitter_card":"summary_large_image","twitter_misc":{"Est. reading time":"4 minutes"},"schema":{"@context":"https:\/\/schema.org","@graph":[{"@type":"WebPage","@id":"https:\/\/parks.indy.gov\/programs\/free-meals-programs\/","url":"https:\/\/parks.indy.gov\/programs\/free-meals-programs\/","name":"Programas de comidas gratuitas - Parques y Recreaci\u00f3n de Indy","isPartOf":{"@id":"https:\/\/parks.indy.gov\/#website"},"primaryImageOfPage":{"@id":"https:\/\/parks.indy.gov\/programs\/free-meals-programs\/#primaryimage"},"image":{"@id":"https:\/\/parks.indy.gov\/programs\/free-meals-programs\/#primaryimage"},"thumbnailUrl":"https:\/\/parks.indy.gov\/wp-content\/uploads\/2024\/02\/HERO-Free-Meals.png","datePublished":"2023-01-04T22:00:44+00:00","dateModified":"2025-11-06T18:33:46+00:00","description":"Desde 2013, el Programa de Comidas de Indy Parks ha servido m\u00e1s de 3 millones de comidas a nuestra comunidad. En 2023, Indy Parks proporcion\u00f3 191,396 comidas a residentes de toda la ciudad.","breadcrumb":{"@id":"https:\/\/parks.indy.gov\/programs\/free-meals-programs\/#breadcrumb"},"inLanguage":"es-ES","potentialAction":[{"@type":"ReadAction","target":["https:\/\/parks.indy.gov\/programs\/free-meals-programs\/"]}]},{"@type":"ImageObject","inLanguage":"es-ES","@id":"https:\/\/parks.indy.gov\/programs\/free-meals-programs\/#primaryimage","url":"https:\/\/parks.indy.gov\/wp-content\/uploads\/2024\/02\/HERO-Free-Meals.png","contentUrl":"https:\/\/parks.indy.gov\/wp-content\/uploads\/2024\/02\/HERO-Free-Meals.png","width":2000,"height":650},{"@type":"BreadcrumbList","@id":"https:\/\/parks.indy.gov\/programs\/free-meals-programs\/#breadcrumb","itemListElement":[{"@type":"ListItem","position":1,"name":"Home","item":"https:\/\/parks.indy.gov\/es\/"},{"@type":"ListItem","position":2,"name":"Programs &#038; Scholarships","item":"https:\/\/parks.indy.gov\/programs\/"},{"@type":"ListItem","position":3,"name":"Free Meals Programs"}]},{"@type":"WebSite","@id":"https:\/\/parks.indy.gov\/#website","url":"https:\/\/parks.indy.gov\/","name":"Parques y recreaci\u00f3n de Indy","description":"Proporcionando experiencias enriquecedoras para todos.","publisher":{"@id":"https:\/\/parks.indy.gov\/#organization"},"potentialAction":[{"@type":"SearchAction","target":{"@type":"EntryPoint","urlTemplate":"https:\/\/parks.indy.gov\/?s={search_term_string}"},"query-input":{"@type":"PropertyValueSpecification","valueRequired":true,"valueName":"search_term_string"}}],"inLanguage":"es-ES"},{"@type":"Organization","@id":"https:\/\/parks.indy.gov\/#organization","name":"Parques y recreaci\u00f3n de Indy","url":"https:\/\/parks.indy.gov\/","logo":{"@type":"ImageObject","inLanguage":"es-ES","@id":"https:\/\/parks.indy.gov\/#\/schema\/logo\/image\/","url":"https:\/\/parks.indy.gov\/wp-content\/uploads\/2023\/03\/Horizontal-Logo-1-e1678482885380.png","contentUrl":"https:\/\/parks.indy.gov\/wp-content\/uploads\/2023\/03\/Horizontal-Logo-1-e1678482885380.png","width":258,"height":79,"caption":"Indy Parks &amp; Recreation"},"image":{"@id":"https:\/\/parks.indy.gov\/#\/schema\/logo\/image\/"}}]}},"_links":{"self":[{"href":"https:\/\/parks.indy.gov\/es\/wp-json\/wp\/v2\/pages\/609","targetHints":{"allow":["GET"]}}],"collection":[{"href":"https:\/\/parks.indy.gov\/es\/wp-json\/wp\/v2\/pages"}],"about":[{"href":"https:\/\/parks.indy.gov\/es\/wp-json\/wp\/v2\/types\/page"}],"author":[{"embeddable":true,"href":"https:\/\/parks.indy.gov\/es\/wp-json\/wp\/v2\/users\/1"}],"replies":[{"embeddable":true,"href":"https:\/\/parks.indy.gov\/es\/wp-json\/wp\/v2\/comments?post=609"}],"version-history":[{"count":3,"href":"https:\/\/parks.indy.gov\/es\/wp-json\/wp\/v2\/pages\/609\/revisions"}],"predecessor-version":[{"id":5375,"href":"https:\/\/parks.indy.gov\/es\/wp-json\/wp\/v2\/pages\/609\/revisions\/5375"}],"up":[{"embeddable":true,"href":"https:\/\/parks.indy.gov\/es\/wp-json\/wp\/v2\/pages\/213"}],"wp:featuredmedia":[{"embeddable":true,"href":"https:\/\/parks.indy.gov\/es\/wp-json\/wp\/v2\/media\/2802"}],"wp:attachment":[{"href":"https:\/\/parks.indy.gov\/es\/wp-json\/wp\/v2\/media?parent=609"}],"curies":[{"name":"gracias","href":"https:\/\/api.w.org\/{rel}","templated":true}]}}